{"id":95,"date":"2016-10-19T18:17:32","date_gmt":"2016-10-19T16:17:32","guid":{"rendered":"http:\/\/mic31.fr\/wordpress\/?page_id=95"},"modified":"2025-09-07T21:17:09","modified_gmt":"2025-09-07T19:17:09","slug":"les-cours","status":"publish","type":"page","link":"https:\/\/www.mic31.fr\/index.php\/les-cours\/","title":{"rendered":"Les enseignements"},"content":{"rendered":"<div class=\"wp-block-image\">\n<figure class=\"aligncenter size-large is-resized\"><img loading=\"lazy\" decoding=\"async\" width=\"1024\" height=\"1024\" src=\"https:\/\/www.mic31.fr\/wordpress\/wp-content\/uploads\/2024\/07\/449334798_974809217982903_2703592309701613239_n-1024x1024.jpg\" alt=\"\" class=\"wp-image-3256\" style=\"width:532px;height:auto\" srcset=\"https:\/\/www.mic31.fr\/wordpress\/wp-content\/uploads\/2024\/07\/449334798_974809217982903_2703592309701613239_n-1024x1024.jpg 1024w, https:\/\/www.mic31.fr\/wordpress\/wp-content\/uploads\/2024\/07\/449334798_974809217982903_2703592309701613239_n-300x300.jpg 300w, https:\/\/www.mic31.fr\/wordpress\/wp-content\/uploads\/2024\/07\/449334798_974809217982903_2703592309701613239_n-150x150.jpg 150w, https:\/\/www.mic31.fr\/wordpress\/wp-content\/uploads\/2024\/07\/449334798_974809217982903_2703592309701613239_n-768x768.jpg 768w, https:\/\/www.mic31.fr\/wordpress\/wp-content\/uploads\/2024\/07\/449334798_974809217982903_2703592309701613239_n.jpg 1200w\" sizes=\"auto, (max-width: 1024px) 100vw, 1024px\" \/><\/figure>\n<\/div>\n\n\n<p><\/p>\n\n\n\n<p class=\"has-text-align-center has-medium-font-size\">La MIC propose une autre approche de la musique, un enseignement d\u00e9poussi\u00e9r\u00e9 ludique avec du solf\u00e8ge appliqu\u00e9 directement \u00e0 l\u2019instrument. Notre objectif est que l\u2019\u00e9l\u00e8ve puisse progresser tout en passant un bon moment. &nbsp;Les cours sont ludiques et s&rsquo;adressent \u00e0 tous les \u00e2ges, tous les profils, tous les niveaux, une seule pr\u00e9rogative : l&rsquo;envie !<\/p>\n\n\n\n<p class=\"has-text-align-center has-medium-font-size\">Nous vous proposons des cours de<a href=\"http:\/\/www.mic31.fr\/index.php\/les-cours\/guitare\/\"> Guitare<\/a>, de <a href=\"http:\/\/www.mic31.fr\/index.php\/les-cours\/basse\/\">Basse<\/a>, de <a href=\"http:\/\/www.mic31.fr\/index.php\/les-cours\/batterie\/\">Batterie<\/a>\u00a0, de\u00a0<a href=\"http:\/\/www.mic31.fr\/index.php\/les-cours\/chant\/\">Chant<\/a>\u00a0,de <a href=\"http:\/\/www.mic31.fr\/index.php\/les-cours\/piano-2\/\">Piano<\/a>, de <a href=\"https:\/\/www.mic31.fr\/index.php\/saxophone\/\">Saxophone<\/a>, d\u2019\u00c9<a href=\"http:\/\/www.mic31.fr\/index.php\/les-cours\/leveil-musical\/\">veil Musical<\/a>, de <a href=\"https:\/\/www.mic31.fr\/index.php\/les-cours\/mao\/\">MAO<\/a> et de <a href=\"https:\/\/www.mic31.fr\/index.php\/les-cours\/comprehension-musicale\/\">Compr\u00e9hension Musicale<\/a>.<\/p>\n\n\n\n<p class=\"has-text-align-center has-medium-font-size\">Des inscriptions sont possible tout au long de l&rsquo;ann\u00e9e au trimestre ou \u00e0 l&rsquo;ann\u00e9e. Des cours d&rsquo;essai sont \u00e9galement possible.<\/p>\n\n\n\n<p class=\"has-text-align-center has-medium-font-size\"><strong>Retrouvez nos tarifs et conditions <a href=\"https:\/\/www.mic31.fr\/index.php\/tarifs-et-conditions\/\">ici<\/a>, ainsi que notre <a href=\"https:\/\/www.mic31.fr\/index.php\/foire-aux-questions\/\">FAQ <\/a>pour avoir plus de renseignements.<\/strong><\/p>\n\n\n\n<p><\/p>\n\n\n<div class=\"wp-block-image\">\n<figure class=\"aligncenter size-large is-resized\"><img loading=\"lazy\" decoding=\"async\" width=\"1024\" height=\"1024\" src=\"http:\/\/www.mic31.fr\/wordpress\/wp-content\/uploads\/2023\/06\/354521588_721385533325274_1775152523779066915_n-1024x1024.jpg\" alt=\"\" class=\"wp-image-2760\" style=\"width:435px;height:auto\" srcset=\"https:\/\/www.mic31.fr\/wordpress\/wp-content\/uploads\/2023\/06\/354521588_721385533325274_1775152523779066915_n-1024x1024.jpg 1024w, https:\/\/www.mic31.fr\/wordpress\/wp-content\/uploads\/2023\/06\/354521588_721385533325274_1775152523779066915_n-300x300.jpg 300w, https:\/\/www.mic31.fr\/wordpress\/wp-content\/uploads\/2023\/06\/354521588_721385533325274_1775152523779066915_n-150x150.jpg 150w, https:\/\/www.mic31.fr\/wordpress\/wp-content\/uploads\/2023\/06\/354521588_721385533325274_1775152523779066915_n-768x768.jpg 768w, https:\/\/www.mic31.fr\/wordpress\/wp-content\/uploads\/2023\/06\/354521588_721385533325274_1775152523779066915_n-370x370.jpg 370w, https:\/\/www.mic31.fr\/wordpress\/wp-content\/uploads\/2023\/06\/354521588_721385533325274_1775152523779066915_n-1040x1040.jpg 1040w, https:\/\/www.mic31.fr\/wordpress\/wp-content\/uploads\/2023\/06\/354521588_721385533325274_1775152523779066915_n.jpg 1440w\" sizes=\"auto, (max-width: 1024px) 100vw, 1024px\" \/><\/figure>\n<\/div>\n\n\n<p class=\"has-text-align-center\">________________________________________________________________________<\/p>\n\n\n\n<p class=\"has-text-align-center has-medium-font-size\"><strong>Retrouvez nous sur vos r\u00e9seaux sociaux pr\u00e9f\u00e9r\u00e9s pour suivre notre actualit\u00e9 : <\/strong><\/p>\n\n\n<div class=\"wp-block-image\">\n<figure class=\"aligncenter is-resized\"><a href=\"https:\/\/www.facebook.com\/musicinstituteandculture\/\" target=\"_blank\" rel=\"noreferrer noopener\"><img loading=\"lazy\" decoding=\"async\" width=\"300\" height=\"300\" src=\"http:\/\/www.mic31.fr\/wordpress\/wp-content\/uploads\/2016\/10\/icone-facebook-site-300x300.png\" alt=\"icone facebook site\" class=\"wp-image-506\" style=\"width:66px;height:auto\" srcset=\"https:\/\/www.mic31.fr\/wordpress\/wp-content\/uploads\/2016\/10\/icone-facebook-site-300x300.png 300w, https:\/\/www.mic31.fr\/wordpress\/wp-content\/uploads\/2016\/10\/icone-facebook-site-150x150.png 150w, https:\/\/www.mic31.fr\/wordpress\/wp-content\/uploads\/2016\/10\/icone-facebook-site-200x200.png 200w, https:\/\/www.mic31.fr\/wordpress\/wp-content\/uploads\/2016\/10\/icone-facebook-site.png 626w\" sizes=\"auto, (max-width: 300px) 100vw, 300px\" \/><\/a><\/figure>\n<\/div>\n\n\n<p><\/p>\n\n\n\n<div class=\"wp-block-group\"><div class=\"wp-block-group__inner-container is-layout-constrained wp-block-group-is-layout-constrained\"><div class=\"wp-block-image\">\n<figure class=\"aligncenter is-resized\"><a href=\"https:\/\/www.instagram.com\/assomic31\/\" target=\"_blank\" rel=\"noreferrer noopener\"><img loading=\"lazy\" decoding=\"async\" width=\"300\" height=\"300\" src=\"http:\/\/www.mic31.fr\/wordpress\/wp-content\/uploads\/2016\/10\/icone-instagram-site-300x300.png\" alt=\"icone instagram site\" class=\"wp-image-504\" style=\"width:69px;height:auto\" srcset=\"https:\/\/www.mic31.fr\/wordpress\/wp-content\/uploads\/2016\/10\/icone-instagram-site-300x300.png 300w, https:\/\/www.mic31.fr\/wordpress\/wp-content\/uploads\/2016\/10\/icone-instagram-site-150x150.png 150w, https:\/\/www.mic31.fr\/wordpress\/wp-content\/uploads\/2016\/10\/icone-instagram-site-200x200.png 200w, https:\/\/www.mic31.fr\/wordpress\/wp-content\/uploads\/2016\/10\/icone-instagram-site.png 400w\" sizes=\"auto, (max-width: 300px) 100vw, 300px\" \/><\/a><\/figure>\n<\/div><\/div><\/div>\n","protected":false},"excerpt":{"rendered":"<p>La MIC propose une autre approche de la musique, un enseignement d\u00e9poussi\u00e9r\u00e9 ludique avec du solf\u00e8ge appliqu\u00e9 directement \u00e0 l\u2019instrument. Notre objectif est [&hellip;]<\/p>\n","protected":false},"author":1,"featured_media":0,"parent":0,"menu_order":0,"comment_status":"closed","ping_status":"closed","template":"","meta":{"footnotes":""},"class_list":["post-95","page","type-page","status-publish","hentry"],"yoast_head":"<!-- This site is optimized with the Yoast SEO plugin v24.1 - https:\/\/yoast.com\/wordpress\/plugins\/seo\/ -->\n<title>Profs de musique \u00e0 Colomiers ( \u00e9cole de musique de Colomiers )<\/title>\n<meta name=\"description\" content=\"Une autre approche de la musique dans cette \u00e9cole de musique \u00e0 Colomiers ( 31). Cours de Guitare, de Basse, de Chant, de Batterie, de Piano.\" \/>\n<meta name=\"robots\" content=\"index, follow, max-snippet:-1, max-image-preview:large, max-video-preview:-1\" \/>\n<link rel=\"canonical\" href=\"https:\/\/www.mic31.fr\/index.php\/les-cours\/\" \/>\n<meta property=\"og:locale\" content=\"fr_FR\" \/>\n<meta property=\"og:type\" content=\"article\" \/>\n<meta property=\"og:title\" content=\"Profs de musique \u00e0 Colomiers ( \u00e9cole de musique de Colomiers )\" \/>\n<meta property=\"og:description\" content=\"Une autre approche de la musique dans cette \u00e9cole de musique \u00e0 Colomiers ( 31). Cours de Guitare, de Basse, de Chant, de Batterie, de Piano.\" \/>\n<meta property=\"og:url\" content=\"https:\/\/www.mic31.fr\/index.php\/les-cours\/\" \/>\n<meta property=\"article:publisher\" content=\"https:\/\/www.facebook.com\/musicinstituteandculture\/\" \/>\n<meta property=\"article:modified_time\" content=\"2025-09-07T19:17:09+00:00\" \/>\n<meta property=\"og:image\" content=\"https:\/\/www.mic31.fr\/wordpress\/wp-content\/uploads\/2024\/07\/449334798_974809217982903_2703592309701613239_n-1024x1024.jpg\" \/>\n<meta name=\"twitter:card\" content=\"summary_large_image\" \/>\n<meta name=\"twitter:site\" content=\"@assomic31\" \/>\n<meta name=\"twitter:label1\" content=\"Dur\u00e9e de lecture estim\u00e9e\" \/>\n\t<meta name=\"twitter:data1\" content=\"2 minutes\" \/>\n<script type=\"application\/ld+json\" class=\"yoast-schema-graph\">{\"@context\":\"https:\/\/schema.org\",\"@graph\":[{\"@type\":\"WebPage\",\"@id\":\"https:\/\/www.mic31.fr\/index.php\/les-cours\/\",\"url\":\"https:\/\/www.mic31.fr\/index.php\/les-cours\/\",\"name\":\"Profs de musique \u00e0 Colomiers ( \u00e9cole de musique de Colomiers )\",\"isPartOf\":{\"@id\":\"http:\/\/www.mic31.fr\/#website\"},\"primaryImageOfPage\":{\"@id\":\"https:\/\/www.mic31.fr\/index.php\/les-cours\/#primaryimage\"},\"image\":{\"@id\":\"https:\/\/www.mic31.fr\/index.php\/les-cours\/#primaryimage\"},\"thumbnailUrl\":\"https:\/\/www.mic31.fr\/wordpress\/wp-content\/uploads\/2024\/07\/449334798_974809217982903_2703592309701613239_n-1024x1024.jpg\",\"datePublished\":\"2016-10-19T16:17:32+00:00\",\"dateModified\":\"2025-09-07T19:17:09+00:00\",\"description\":\"Une autre approche de la musique dans cette \u00e9cole de musique \u00e0 Colomiers ( 31). Cours de Guitare, de Basse, de Chant, de Batterie, de Piano.\",\"breadcrumb\":{\"@id\":\"https:\/\/www.mic31.fr\/index.php\/les-cours\/#breadcrumb\"},\"inLanguage\":\"fr-FR\",\"potentialAction\":[{\"@type\":\"ReadAction\",\"target\":[\"https:\/\/www.mic31.fr\/index.php\/les-cours\/\"]}]},{\"@type\":\"ImageObject\",\"inLanguage\":\"fr-FR\",\"@id\":\"https:\/\/www.mic31.fr\/index.php\/les-cours\/#primaryimage\",\"url\":\"https:\/\/www.mic31.fr\/wordpress\/wp-content\/uploads\/2024\/07\/449334798_974809217982903_2703592309701613239_n-1024x1024.jpg\",\"contentUrl\":\"https:\/\/www.mic31.fr\/wordpress\/wp-content\/uploads\/2024\/07\/449334798_974809217982903_2703592309701613239_n-1024x1024.jpg\"},{\"@type\":\"BreadcrumbList\",\"@id\":\"https:\/\/www.mic31.fr\/index.php\/les-cours\/#breadcrumb\",\"itemListElement\":[{\"@type\":\"ListItem\",\"position\":1,\"name\":\"Accueil\",\"item\":\"http:\/\/www.mic31.fr\/\"},{\"@type\":\"ListItem\",\"position\":2,\"name\":\"Les enseignements\"}]},{\"@type\":\"WebSite\",\"@id\":\"http:\/\/www.mic31.fr\/#website\",\"url\":\"http:\/\/www.mic31.fr\/\",\"name\":\"Music Institute and Culture\",\"description\":\"\",\"publisher\":{\"@id\":\"http:\/\/www.mic31.fr\/#organization\"},\"potentialAction\":[{\"@type\":\"SearchAction\",\"target\":{\"@type\":\"EntryPoint\",\"urlTemplate\":\"http:\/\/www.mic31.fr\/?s={search_term_string}\"},\"query-input\":{\"@type\":\"PropertyValueSpecification\",\"valueRequired\":true,\"valueName\":\"search_term_string\"}}],\"inLanguage\":\"fr-FR\"},{\"@type\":\"Organization\",\"@id\":\"http:\/\/www.mic31.fr\/#organization\",\"name\":\"Music institute and Culture\",\"url\":\"http:\/\/www.mic31.fr\/\",\"logo\":{\"@type\":\"ImageObject\",\"inLanguage\":\"fr-FR\",\"@id\":\"http:\/\/www.mic31.fr\/#\/schema\/logo\/image\/\",\"url\":\"http:\/\/www.mic31.fr\/wordpress\/wp-content\/uploads\/2016\/10\/cropped-cropped-Flyer-asso-MIC-v8-copie.jpg\",\"contentUrl\":\"http:\/\/www.mic31.fr\/wordpress\/wp-content\/uploads\/2016\/10\/cropped-cropped-Flyer-asso-MIC-v8-copie.jpg\",\"width\":512,\"height\":512,\"caption\":\"Music institute and Culture\"},\"image\":{\"@id\":\"http:\/\/www.mic31.fr\/#\/schema\/logo\/image\/\"},\"sameAs\":[\"https:\/\/www.facebook.com\/musicinstituteandculture\/\",\"https:\/\/x.com\/assomic31\",\"https:\/\/www.instagram.com\/assomic31\/\"]}]}<\/script>\n<!-- \/ Yoast SEO plugin. -->","yoast_head_json":{"title":"Profs de musique \u00e0 Colomiers ( \u00e9cole de musique de Colomiers )","description":"Une autre approche de la musique dans cette \u00e9cole de musique \u00e0 Colomiers ( 31). Cours de Guitare, de Basse, de Chant, de Batterie, de Piano.","robots":{"index":"index","follow":"follow","max-snippet":"max-snippet:-1","max-image-preview":"max-image-preview:large","max-video-preview":"max-video-preview:-1"},"canonical":"https:\/\/www.mic31.fr\/index.php\/les-cours\/","og_locale":"fr_FR","og_type":"article","og_title":"Profs de musique \u00e0 Colomiers ( \u00e9cole de musique de Colomiers )","og_description":"Une autre approche de la musique dans cette \u00e9cole de musique \u00e0 Colomiers ( 31). Cours de Guitare, de Basse, de Chant, de Batterie, de Piano.","og_url":"https:\/\/www.mic31.fr\/index.php\/les-cours\/","article_publisher":"https:\/\/www.facebook.com\/musicinstituteandculture\/","article_modified_time":"2025-09-07T19:17:09+00:00","og_image":[{"url":"https:\/\/www.mic31.fr\/wordpress\/wp-content\/uploads\/2024\/07\/449334798_974809217982903_2703592309701613239_n-1024x1024.jpg","type":"","width":"","height":""}],"twitter_card":"summary_large_image","twitter_site":"@assomic31","twitter_misc":{"Dur\u00e9e de lecture estim\u00e9e":"2 minutes"},"schema":{"@context":"https:\/\/schema.org","@graph":[{"@type":"WebPage","@id":"https:\/\/www.mic31.fr\/index.php\/les-cours\/","url":"https:\/\/www.mic31.fr\/index.php\/les-cours\/","name":"Profs de musique \u00e0 Colomiers ( \u00e9cole de musique de Colomiers )","isPartOf":{"@id":"http:\/\/www.mic31.fr\/#website"},"primaryImageOfPage":{"@id":"https:\/\/www.mic31.fr\/index.php\/les-cours\/#primaryimage"},"image":{"@id":"https:\/\/www.mic31.fr\/index.php\/les-cours\/#primaryimage"},"thumbnailUrl":"https:\/\/www.mic31.fr\/wordpress\/wp-content\/uploads\/2024\/07\/449334798_974809217982903_2703592309701613239_n-1024x1024.jpg","datePublished":"2016-10-19T16:17:32+00:00","dateModified":"2025-09-07T19:17:09+00:00","description":"Une autre approche de la musique dans cette \u00e9cole de musique \u00e0 Colomiers ( 31). Cours de Guitare, de Basse, de Chant, de Batterie, de Piano.","breadcrumb":{"@id":"https:\/\/www.mic31.fr\/index.php\/les-cours\/#breadcrumb"},"inLanguage":"fr-FR","potentialAction":[{"@type":"ReadAction","target":["https:\/\/www.mic31.fr\/index.php\/les-cours\/"]}]},{"@type":"ImageObject","inLanguage":"fr-FR","@id":"https:\/\/www.mic31.fr\/index.php\/les-cours\/#primaryimage","url":"https:\/\/www.mic31.fr\/wordpress\/wp-content\/uploads\/2024\/07\/449334798_974809217982903_2703592309701613239_n-1024x1024.jpg","contentUrl":"https:\/\/www.mic31.fr\/wordpress\/wp-content\/uploads\/2024\/07\/449334798_974809217982903_2703592309701613239_n-1024x1024.jpg"},{"@type":"BreadcrumbList","@id":"https:\/\/www.mic31.fr\/index.php\/les-cours\/#breadcrumb","itemListElement":[{"@type":"ListItem","position":1,"name":"Accueil","item":"http:\/\/www.mic31.fr\/"},{"@type":"ListItem","position":2,"name":"Les enseignements"}]},{"@type":"WebSite","@id":"http:\/\/www.mic31.fr\/#website","url":"http:\/\/www.mic31.fr\/","name":"Music Institute and Culture","description":"","publisher":{"@id":"http:\/\/www.mic31.fr\/#organization"},"potentialAction":[{"@type":"SearchAction","target":{"@type":"EntryPoint","urlTemplate":"http:\/\/www.mic31.fr\/?s={search_term_string}"},"query-input":{"@type":"PropertyValueSpecification","valueRequired":true,"valueName":"search_term_string"}}],"inLanguage":"fr-FR"},{"@type":"Organization","@id":"http:\/\/www.mic31.fr\/#organization","name":"Music institute and Culture","url":"http:\/\/www.mic31.fr\/","logo":{"@type":"ImageObject","inLanguage":"fr-FR","@id":"http:\/\/www.mic31.fr\/#\/schema\/logo\/image\/","url":"http:\/\/www.mic31.fr\/wordpress\/wp-content\/uploads\/2016\/10\/cropped-cropped-Flyer-asso-MIC-v8-copie.jpg","contentUrl":"http:\/\/www.mic31.fr\/wordpress\/wp-content\/uploads\/2016\/10\/cropped-cropped-Flyer-asso-MIC-v8-copie.jpg","width":512,"height":512,"caption":"Music institute and Culture"},"image":{"@id":"http:\/\/www.mic31.fr\/#\/schema\/logo\/image\/"},"sameAs":["https:\/\/www.facebook.com\/musicinstituteandculture\/","https:\/\/x.com\/assomic31","https:\/\/www.instagram.com\/assomic31\/"]}]}},"_links":{"self":[{"href":"https:\/\/www.mic31.fr\/index.php\/wp-json\/wp\/v2\/pages\/95","targetHints":{"allow":["GET"]}}],"collection":[{"href":"https:\/\/www.mic31.fr\/index.php\/wp-json\/wp\/v2\/pages"}],"about":[{"href":"https:\/\/www.mic31.fr\/index.php\/wp-json\/wp\/v2\/types\/page"}],"author":[{"embeddable":true,"href":"https:\/\/www.mic31.fr\/index.php\/wp-json\/wp\/v2\/users\/1"}],"replies":[{"embeddable":true,"href":"https:\/\/www.mic31.fr\/index.php\/wp-json\/wp\/v2\/comments?post=95"}],"version-history":[{"count":36,"href":"https:\/\/www.mic31.fr\/index.php\/wp-json\/wp\/v2\/pages\/95\/revisions"}],"predecessor-version":[{"id":4133,"href":"https:\/\/www.mic31.fr\/index.php\/wp-json\/wp\/v2\/pages\/95\/revisions\/4133"}],"wp:attachment":[{"href":"https:\/\/www.mic31.fr\/index.php\/wp-json\/wp\/v2\/media?parent=95"}],"curies":[{"name":"wp","href":"https:\/\/api.w.org\/{rel}","templated":true}]}}