{"id":4446,"date":"2025-10-27T17:42:24","date_gmt":"2025-10-27T16:42:24","guid":{"rendered":"https:\/\/www.mic31.fr\/?page_id=4446"},"modified":"2025-10-28T14:59:09","modified_gmt":"2025-10-28T13:59:09","slug":"jam-session-2024","status":"publish","type":"page","link":"https:\/\/www.mic31.fr\/index.php\/photos-videos\/photos\/jam-session-2024\/","title":{"rendered":"Jam Session 2024"},"content":{"rendered":"\n<div class=\"wp-block-columns is-layout-flex wp-container-core-columns-is-layout-9d6595d7 wp-block-columns-is-layout-flex\">\n<div class=\"wp-block-column is-layout-flow wp-block-column-is-layout-flow\">\n<figure class=\"wp-block-image size-full\"><img loading=\"lazy\" decoding=\"async\" width=\"828\" height=\"620\" src=\"https:\/\/www.mic31.fr\/wordpress\/wp-content\/uploads\/2025\/10\/493580346_1212676944196128_4778891610711382987_n.jpg\" alt=\"\" class=\"wp-image-4451\" srcset=\"https:\/\/www.mic31.fr\/wordpress\/wp-content\/uploads\/2025\/10\/493580346_1212676944196128_4778891610711382987_n.jpg 828w, https:\/\/www.mic31.fr\/wordpress\/wp-content\/uploads\/2025\/10\/493580346_1212676944196128_4778891610711382987_n-300x225.jpg 300w, https:\/\/www.mic31.fr\/wordpress\/wp-content\/uploads\/2025\/10\/493580346_1212676944196128_4778891610711382987_n-768x575.jpg 768w\" sizes=\"auto, (max-width: 828px) 100vw, 828px\" \/><\/figure>\n<\/div>\n\n\n\n<div class=\"wp-block-column is-layout-flow wp-block-column-is-layout-flow\">\n<figure class=\"wp-block-image size-full\"><img loading=\"lazy\" decoding=\"async\" width=\"828\" height=\"620\" src=\"https:\/\/www.mic31.fr\/wordpress\/wp-content\/uploads\/2025\/10\/492545758_1212676907529465_8918947204907182542_n.jpg\" alt=\"\" class=\"wp-image-4450\" srcset=\"https:\/\/www.mic31.fr\/wordpress\/wp-content\/uploads\/2025\/10\/492545758_1212676907529465_8918947204907182542_n.jpg 828w, https:\/\/www.mic31.fr\/wordpress\/wp-content\/uploads\/2025\/10\/492545758_1212676907529465_8918947204907182542_n-300x225.jpg 300w, https:\/\/www.mic31.fr\/wordpress\/wp-content\/uploads\/2025\/10\/492545758_1212676907529465_8918947204907182542_n-768x575.jpg 768w\" sizes=\"auto, (max-width: 828px) 100vw, 828px\" \/><\/figure>\n<\/div>\n\n\n\n<div class=\"wp-block-column is-layout-flow wp-block-column-is-layout-flow\">\n<figure class=\"wp-block-image size-full\"><img loading=\"lazy\" decoding=\"async\" width=\"828\" height=\"620\" src=\"https:\/\/www.mic31.fr\/wordpress\/wp-content\/uploads\/2025\/10\/493855839_1212676897529466_5336954420811257823_n.jpg\" alt=\"\" class=\"wp-image-4453\" srcset=\"https:\/\/www.mic31.fr\/wordpress\/wp-content\/uploads\/2025\/10\/493855839_1212676897529466_5336954420811257823_n.jpg 828w, https:\/\/www.mic31.fr\/wordpress\/wp-content\/uploads\/2025\/10\/493855839_1212676897529466_5336954420811257823_n-300x225.jpg 300w, https:\/\/www.mic31.fr\/wordpress\/wp-content\/uploads\/2025\/10\/493855839_1212676897529466_5336954420811257823_n-768x575.jpg 768w\" sizes=\"auto, (max-width: 828px) 100vw, 828px\" \/><\/figure>\n<\/div>\n<\/div>\n\n\n\n<div class=\"wp-block-columns is-layout-flex wp-container-core-columns-is-layout-9d6595d7 wp-block-columns-is-layout-flex\">\n<div class=\"wp-block-column is-layout-flow wp-block-column-is-layout-flow\">\n<figure class=\"wp-block-image size-full\"><img loading=\"lazy\" decoding=\"async\" width=\"828\" height=\"620\" src=\"https:\/\/www.mic31.fr\/wordpress\/wp-content\/uploads\/2025\/10\/494042561_1212676900862799_6437574685666077399_n.jpg\" alt=\"\" class=\"wp-image-4454\" srcset=\"https:\/\/www.mic31.fr\/wordpress\/wp-content\/uploads\/2025\/10\/494042561_1212676900862799_6437574685666077399_n.jpg 828w, https:\/\/www.mic31.fr\/wordpress\/wp-content\/uploads\/2025\/10\/494042561_1212676900862799_6437574685666077399_n-300x225.jpg 300w, https:\/\/www.mic31.fr\/wordpress\/wp-content\/uploads\/2025\/10\/494042561_1212676900862799_6437574685666077399_n-768x575.jpg 768w\" sizes=\"auto, (max-width: 828px) 100vw, 828px\" \/><\/figure>\n<\/div>\n\n\n\n<div class=\"wp-block-column is-layout-flow wp-block-column-is-layout-flow\">\n<figure class=\"wp-block-image size-large\"><img loading=\"lazy\" decoding=\"async\" width=\"768\" height=\"1024\" src=\"https:\/\/www.mic31.fr\/wordpress\/wp-content\/uploads\/2025\/10\/492267613_1212676587529497_436428157515334763_n-1-768x1024.jpg\" alt=\"\" class=\"wp-image-4455\" srcset=\"https:\/\/www.mic31.fr\/wordpress\/wp-content\/uploads\/2025\/10\/492267613_1212676587529497_436428157515334763_n-1-768x1024.jpg 768w, https:\/\/www.mic31.fr\/wordpress\/wp-content\/uploads\/2025\/10\/492267613_1212676587529497_436428157515334763_n-1-225x300.jpg 225w, https:\/\/www.mic31.fr\/wordpress\/wp-content\/uploads\/2025\/10\/492267613_1212676587529497_436428157515334763_n-1.jpg 828w\" sizes=\"auto, (max-width: 768px) 100vw, 768px\" \/><\/figure>\n<\/div>\n\n\n\n<div class=\"wp-block-column is-layout-flow wp-block-column-is-layout-flow\"><\/div>\n<\/div>\n\n\n\n<p class=\"has-text-align-center\">_______________________________________________________________________<\/p>\n\n\n\n<p class=\"has-text-align-center has-medium-font-size\"><strong>Retrouvez nous sur vos r\u00e9seaux sociaux pr\u00e9f\u00e9r\u00e9s pour suivre notre actualit\u00e9 :<\/strong><\/p>\n\n\n<div class=\"wp-block-image\">\n<figure class=\"aligncenter is-resized\"><a href=\"https:\/\/www.facebook.com\/musicinstituteandculture\/\" target=\"_blank\" rel=\"noreferrer noopener\"><img loading=\"lazy\" decoding=\"async\" width=\"300\" height=\"300\" src=\"http:\/\/www.mic31.fr\/wordpress\/wp-content\/uploads\/2016\/10\/icone-facebook-site-300x300.png\" alt=\"icone facebook site\" class=\"wp-image-506\" style=\"width:92px;height:auto\" srcset=\"https:\/\/www.mic31.fr\/wordpress\/wp-content\/uploads\/2016\/10\/icone-facebook-site-300x300.png 300w, https:\/\/www.mic31.fr\/wordpress\/wp-content\/uploads\/2016\/10\/icone-facebook-site-150x150.png 150w, https:\/\/www.mic31.fr\/wordpress\/wp-content\/uploads\/2016\/10\/icone-facebook-site-200x200.png 200w, https:\/\/www.mic31.fr\/wordpress\/wp-content\/uploads\/2016\/10\/icone-facebook-site.png 626w\" sizes=\"auto, (max-width: 300px) 100vw, 300px\" \/><\/a><\/figure>\n<\/div>\n\n\n<p><\/p>\n\n\n<div class=\"wp-block-image\">\n<figure class=\"aligncenter is-resized\"><a href=\"https:\/\/www.instagram.com\/assomic31\/\" target=\"_blank\" rel=\"noreferrer noopener\"><img loading=\"lazy\" decoding=\"async\" width=\"300\" height=\"300\" src=\"http:\/\/www.mic31.fr\/wordpress\/wp-content\/uploads\/2016\/10\/icone-instagram-site-300x300.png\" alt=\"icone instagram site\" class=\"wp-image-504\" style=\"width:94px;height:auto\" srcset=\"https:\/\/www.mic31.fr\/wordpress\/wp-content\/uploads\/2016\/10\/icone-instagram-site-300x300.png 300w, https:\/\/www.mic31.fr\/wordpress\/wp-content\/uploads\/2016\/10\/icone-instagram-site-150x150.png 150w, https:\/\/www.mic31.fr\/wordpress\/wp-content\/uploads\/2016\/10\/icone-instagram-site-200x200.png 200w, https:\/\/www.mic31.fr\/wordpress\/wp-content\/uploads\/2016\/10\/icone-instagram-site.png 400w\" sizes=\"auto, (max-width: 300px) 100vw, 300px\" \/><\/a><\/figure>\n<\/div>","protected":false},"excerpt":{"rendered":"<p>_______________________________________________________________________ Retrouvez nous sur vos r\u00e9seaux sociaux pr\u00e9f\u00e9r\u00e9s pour suivre notre actualit\u00e9 :<\/p>\n","protected":false},"author":1,"featured_media":0,"parent":135,"menu_order":0,"comment_status":"closed","ping_status":"closed","template":"","meta":{"footnotes":""},"class_list":["post-4446","page","type-page","status-publish","hentry"],"yoast_head":"<!-- This site is optimized with the Yoast SEO plugin v24.1 - https:\/\/yoast.com\/wordpress\/plugins\/seo\/ -->\n<title>Jam Session 2024 -<\/title>\n<meta name=\"description\" content=\"Bienvenue chez Music Institute and Culture, \u00e9cole de musique \u00e0 Colomiers\" \/>\n<meta name=\"robots\" content=\"index, follow, max-snippet:-1, max-image-preview:large, max-video-preview:-1\" \/>\n<link rel=\"canonical\" href=\"https:\/\/www.mic31.fr\/index.php\/photos-videos\/photos\/jam-session-2024\/\" \/>\n<meta property=\"og:locale\" content=\"fr_FR\" \/>\n<meta property=\"og:type\" content=\"article\" \/>\n<meta property=\"og:title\" content=\"Jam Session 2024 -\" \/>\n<meta property=\"og:description\" content=\"Bienvenue chez Music Institute and Culture, \u00e9cole de musique \u00e0 Colomiers\" \/>\n<meta property=\"og:url\" content=\"https:\/\/www.mic31.fr\/index.php\/photos-videos\/photos\/jam-session-2024\/\" \/>\n<meta property=\"article:publisher\" content=\"https:\/\/www.facebook.com\/musicinstituteandculture\/\" \/>\n<meta property=\"article:modified_time\" content=\"2025-10-28T13:59:09+00:00\" \/>\n<meta property=\"og:image\" content=\"https:\/\/www.mic31.fr\/wordpress\/wp-content\/uploads\/2025\/10\/493580346_1212676944196128_4778891610711382987_n.jpg\" \/>\n<meta name=\"twitter:card\" content=\"summary_large_image\" \/>\n<meta name=\"twitter:site\" content=\"@assomic31\" \/>\n<meta name=\"twitter:label1\" content=\"Dur\u00e9e de lecture estim\u00e9e\" \/>\n\t<meta name=\"twitter:data1\" content=\"2 minutes\" \/>\n<script type=\"application\/ld+json\" class=\"yoast-schema-graph\">{\"@context\":\"https:\/\/schema.org\",\"@graph\":[{\"@type\":\"WebPage\",\"@id\":\"https:\/\/www.mic31.fr\/index.php\/photos-videos\/photos\/jam-session-2024\/\",\"url\":\"https:\/\/www.mic31.fr\/index.php\/photos-videos\/photos\/jam-session-2024\/\",\"name\":\"Jam Session 2024 -\",\"isPartOf\":{\"@id\":\"http:\/\/www.mic31.fr\/#website\"},\"primaryImageOfPage\":{\"@id\":\"https:\/\/www.mic31.fr\/index.php\/photos-videos\/photos\/jam-session-2024\/#primaryimage\"},\"image\":{\"@id\":\"https:\/\/www.mic31.fr\/index.php\/photos-videos\/photos\/jam-session-2024\/#primaryimage\"},\"thumbnailUrl\":\"https:\/\/www.mic31.fr\/wordpress\/wp-content\/uploads\/2025\/10\/493580346_1212676944196128_4778891610711382987_n.jpg\",\"datePublished\":\"2025-10-27T16:42:24+00:00\",\"dateModified\":\"2025-10-28T13:59:09+00:00\",\"description\":\"Bienvenue chez Music Institute and Culture, \u00e9cole de musique \u00e0 Colomiers\",\"breadcrumb\":{\"@id\":\"https:\/\/www.mic31.fr\/index.php\/photos-videos\/photos\/jam-session-2024\/#breadcrumb\"},\"inLanguage\":\"fr-FR\",\"potentialAction\":[{\"@type\":\"ReadAction\",\"target\":[\"https:\/\/www.mic31.fr\/index.php\/photos-videos\/photos\/jam-session-2024\/\"]}]},{\"@type\":\"ImageObject\",\"inLanguage\":\"fr-FR\",\"@id\":\"https:\/\/www.mic31.fr\/index.php\/photos-videos\/photos\/jam-session-2024\/#primaryimage\",\"url\":\"https:\/\/www.mic31.fr\/wordpress\/wp-content\/uploads\/2025\/10\/493580346_1212676944196128_4778891610711382987_n.jpg\",\"contentUrl\":\"https:\/\/www.mic31.fr\/wordpress\/wp-content\/uploads\/2025\/10\/493580346_1212676944196128_4778891610711382987_n.jpg\"},{\"@type\":\"BreadcrumbList\",\"@id\":\"https:\/\/www.mic31.fr\/index.php\/photos-videos\/photos\/jam-session-2024\/#breadcrumb\",\"itemListElement\":[{\"@type\":\"ListItem\",\"position\":1,\"name\":\"Accueil\",\"item\":\"http:\/\/www.mic31.fr\/\"},{\"@type\":\"ListItem\",\"position\":2,\"name\":\"Nos \u00e9v\u00e9nements en images\",\"item\":\"https:\/\/www.mic31.fr\/index.php\/photos-videos\/\"},{\"@type\":\"ListItem\",\"position\":3,\"name\":\"Photos\",\"item\":\"https:\/\/www.mic31.fr\/index.php\/photos-videos\/photos\/\"},{\"@type\":\"ListItem\",\"position\":4,\"name\":\"Jam Session 2024\"}]},{\"@type\":\"WebSite\",\"@id\":\"http:\/\/www.mic31.fr\/#website\",\"url\":\"http:\/\/www.mic31.fr\/\",\"name\":\"Music Institute and Culture\",\"description\":\"\",\"publisher\":{\"@id\":\"http:\/\/www.mic31.fr\/#organization\"},\"potentialAction\":[{\"@type\":\"SearchAction\",\"target\":{\"@type\":\"EntryPoint\",\"urlTemplate\":\"http:\/\/www.mic31.fr\/?s={search_term_string}\"},\"query-input\":{\"@type\":\"PropertyValueSpecification\",\"valueRequired\":true,\"valueName\":\"search_term_string\"}}],\"inLanguage\":\"fr-FR\"},{\"@type\":\"Organization\",\"@id\":\"http:\/\/www.mic31.fr\/#organization\",\"name\":\"Music institute and Culture\",\"url\":\"http:\/\/www.mic31.fr\/\",\"logo\":{\"@type\":\"ImageObject\",\"inLanguage\":\"fr-FR\",\"@id\":\"http:\/\/www.mic31.fr\/#\/schema\/logo\/image\/\",\"url\":\"http:\/\/www.mic31.fr\/wordpress\/wp-content\/uploads\/2016\/10\/cropped-cropped-Flyer-asso-MIC-v8-copie.jpg\",\"contentUrl\":\"http:\/\/www.mic31.fr\/wordpress\/wp-content\/uploads\/2016\/10\/cropped-cropped-Flyer-asso-MIC-v8-copie.jpg\",\"width\":512,\"height\":512,\"caption\":\"Music institute and Culture\"},\"image\":{\"@id\":\"http:\/\/www.mic31.fr\/#\/schema\/logo\/image\/\"},\"sameAs\":[\"https:\/\/www.facebook.com\/musicinstituteandculture\/\",\"https:\/\/x.com\/assomic31\",\"https:\/\/www.instagram.com\/assomic31\/\"]}]}<\/script>\n<!-- \/ Yoast SEO plugin. -->","yoast_head_json":{"title":"Jam Session 2024 -","description":"Bienvenue chez Music Institute and Culture, \u00e9cole de musique \u00e0 Colomiers","robots":{"index":"index","follow":"follow","max-snippet":"max-snippet:-1","max-image-preview":"max-image-preview:large","max-video-preview":"max-video-preview:-1"},"canonical":"https:\/\/www.mic31.fr\/index.php\/photos-videos\/photos\/jam-session-2024\/","og_locale":"fr_FR","og_type":"article","og_title":"Jam Session 2024 -","og_description":"Bienvenue chez Music Institute and Culture, \u00e9cole de musique \u00e0 Colomiers","og_url":"https:\/\/www.mic31.fr\/index.php\/photos-videos\/photos\/jam-session-2024\/","article_publisher":"https:\/\/www.facebook.com\/musicinstituteandculture\/","article_modified_time":"2025-10-28T13:59:09+00:00","og_image":[{"url":"https:\/\/www.mic31.fr\/wordpress\/wp-content\/uploads\/2025\/10\/493580346_1212676944196128_4778891610711382987_n.jpg","type":"","width":"","height":""}],"twitter_card":"summary_large_image","twitter_site":"@assomic31","twitter_misc":{"Dur\u00e9e de lecture estim\u00e9e":"2 minutes"},"schema":{"@context":"https:\/\/schema.org","@graph":[{"@type":"WebPage","@id":"https:\/\/www.mic31.fr\/index.php\/photos-videos\/photos\/jam-session-2024\/","url":"https:\/\/www.mic31.fr\/index.php\/photos-videos\/photos\/jam-session-2024\/","name":"Jam Session 2024 -","isPartOf":{"@id":"http:\/\/www.mic31.fr\/#website"},"primaryImageOfPage":{"@id":"https:\/\/www.mic31.fr\/index.php\/photos-videos\/photos\/jam-session-2024\/#primaryimage"},"image":{"@id":"https:\/\/www.mic31.fr\/index.php\/photos-videos\/photos\/jam-session-2024\/#primaryimage"},"thumbnailUrl":"https:\/\/www.mic31.fr\/wordpress\/wp-content\/uploads\/2025\/10\/493580346_1212676944196128_4778891610711382987_n.jpg","datePublished":"2025-10-27T16:42:24+00:00","dateModified":"2025-10-28T13:59:09+00:00","description":"Bienvenue chez Music Institute and Culture, \u00e9cole de musique \u00e0 Colomiers","breadcrumb":{"@id":"https:\/\/www.mic31.fr\/index.php\/photos-videos\/photos\/jam-session-2024\/#breadcrumb"},"inLanguage":"fr-FR","potentialAction":[{"@type":"ReadAction","target":["https:\/\/www.mic31.fr\/index.php\/photos-videos\/photos\/jam-session-2024\/"]}]},{"@type":"ImageObject","inLanguage":"fr-FR","@id":"https:\/\/www.mic31.fr\/index.php\/photos-videos\/photos\/jam-session-2024\/#primaryimage","url":"https:\/\/www.mic31.fr\/wordpress\/wp-content\/uploads\/2025\/10\/493580346_1212676944196128_4778891610711382987_n.jpg","contentUrl":"https:\/\/www.mic31.fr\/wordpress\/wp-content\/uploads\/2025\/10\/493580346_1212676944196128_4778891610711382987_n.jpg"},{"@type":"BreadcrumbList","@id":"https:\/\/www.mic31.fr\/index.php\/photos-videos\/photos\/jam-session-2024\/#breadcrumb","itemListElement":[{"@type":"ListItem","position":1,"name":"Accueil","item":"http:\/\/www.mic31.fr\/"},{"@type":"ListItem","position":2,"name":"Nos \u00e9v\u00e9nements en images","item":"https:\/\/www.mic31.fr\/index.php\/photos-videos\/"},{"@type":"ListItem","position":3,"name":"Photos","item":"https:\/\/www.mic31.fr\/index.php\/photos-videos\/photos\/"},{"@type":"ListItem","position":4,"name":"Jam Session 2024"}]},{"@type":"WebSite","@id":"http:\/\/www.mic31.fr\/#website","url":"http:\/\/www.mic31.fr\/","name":"Music Institute and Culture","description":"","publisher":{"@id":"http:\/\/www.mic31.fr\/#organization"},"potentialAction":[{"@type":"SearchAction","target":{"@type":"EntryPoint","urlTemplate":"http:\/\/www.mic31.fr\/?s={search_term_string}"},"query-input":{"@type":"PropertyValueSpecification","valueRequired":true,"valueName":"search_term_string"}}],"inLanguage":"fr-FR"},{"@type":"Organization","@id":"http:\/\/www.mic31.fr\/#organization","name":"Music institute and Culture","url":"http:\/\/www.mic31.fr\/","logo":{"@type":"ImageObject","inLanguage":"fr-FR","@id":"http:\/\/www.mic31.fr\/#\/schema\/logo\/image\/","url":"http:\/\/www.mic31.fr\/wordpress\/wp-content\/uploads\/2016\/10\/cropped-cropped-Flyer-asso-MIC-v8-copie.jpg","contentUrl":"http:\/\/www.mic31.fr\/wordpress\/wp-content\/uploads\/2016\/10\/cropped-cropped-Flyer-asso-MIC-v8-copie.jpg","width":512,"height":512,"caption":"Music institute and Culture"},"image":{"@id":"http:\/\/www.mic31.fr\/#\/schema\/logo\/image\/"},"sameAs":["https:\/\/www.facebook.com\/musicinstituteandculture\/","https:\/\/x.com\/assomic31","https:\/\/www.instagram.com\/assomic31\/"]}]}},"_links":{"self":[{"href":"https:\/\/www.mic31.fr\/index.php\/wp-json\/wp\/v2\/pages\/4446","targetHints":{"allow":["GET"]}}],"collection":[{"href":"https:\/\/www.mic31.fr\/index.php\/wp-json\/wp\/v2\/pages"}],"about":[{"href":"https:\/\/www.mic31.fr\/index.php\/wp-json\/wp\/v2\/types\/page"}],"author":[{"embeddable":true,"href":"https:\/\/www.mic31.fr\/index.php\/wp-json\/wp\/v2\/users\/1"}],"replies":[{"embeddable":true,"href":"https:\/\/www.mic31.fr\/index.php\/wp-json\/wp\/v2\/comments?post=4446"}],"version-history":[{"count":3,"href":"https:\/\/www.mic31.fr\/index.php\/wp-json\/wp\/v2\/pages\/4446\/revisions"}],"predecessor-version":[{"id":4496,"href":"https:\/\/www.mic31.fr\/index.php\/wp-json\/wp\/v2\/pages\/4446\/revisions\/4496"}],"up":[{"embeddable":true,"href":"https:\/\/www.mic31.fr\/index.php\/wp-json\/wp\/v2\/pages\/135"}],"wp:attachment":[{"href":"https:\/\/www.mic31.fr\/index.php\/wp-json\/wp\/v2\/media?parent=4446"}],"curies":[{"name":"wp","href":"https:\/\/api.w.org\/{rel}","templated":true}]}}