{"id":3867,"date":"2025-06-15T16:03:52","date_gmt":"2025-06-15T14:03:52","guid":{"rendered":"https:\/\/www.mic31.fr\/?page_id=3867"},"modified":"2025-07-07T15:41:12","modified_gmt":"2025-07-07T13:41:12","slug":"comprehension-musicale","status":"publish","type":"page","link":"https:\/\/www.mic31.fr\/index.php\/les-cours\/comprehension-musicale\/","title":{"rendered":"Compr\u00e9hension Musicale"},"content":{"rendered":"<div class=\"wp-block-image\">\n<figure class=\"aligncenter size-large is-resized\"><img loading=\"lazy\" decoding=\"async\" width=\"1024\" height=\"964\" src=\"https:\/\/www.mic31.fr\/wordpress\/wp-content\/uploads\/2025\/07\/WhatsApp-Image-2025-07-07-at-13.29.26-1024x964.jpeg\" alt=\"\" class=\"wp-image-3914\" style=\"width:439px;height:auto\" srcset=\"https:\/\/www.mic31.fr\/wordpress\/wp-content\/uploads\/2025\/07\/WhatsApp-Image-2025-07-07-at-13.29.26-1024x964.jpeg 1024w, https:\/\/www.mic31.fr\/wordpress\/wp-content\/uploads\/2025\/07\/WhatsApp-Image-2025-07-07-at-13.29.26-300x282.jpeg 300w, https:\/\/www.mic31.fr\/wordpress\/wp-content\/uploads\/2025\/07\/WhatsApp-Image-2025-07-07-at-13.29.26-768x723.jpeg 768w, https:\/\/www.mic31.fr\/wordpress\/wp-content\/uploads\/2025\/07\/WhatsApp-Image-2025-07-07-at-13.29.26-1536x1446.jpeg 1536w, https:\/\/www.mic31.fr\/wordpress\/wp-content\/uploads\/2025\/07\/WhatsApp-Image-2025-07-07-at-13.29.26.jpeg 2020w\" sizes=\"auto, (max-width: 1024px) 100vw, 1024px\" \/><\/figure>\n<\/div>\n\n\n<p><\/p>\n\n\n\n<p class=\"has-text-align-center has-white-color has-luminous-vivid-amber-background-color has-text-color has-background has-link-color has-medium-font-size wp-elements-8442683e7b7800f6727100b7176c8ffc\"><strong>ENFANTS 7 &#8211; 10ans<\/strong><\/p>\n\n\n\n<p class=\"has-text-align-center has-large-font-size\"><\/p>\n\n\n\n<p class=\"has-text-align-center has-medium-font-size\"><strong>Qu\u2019est-ce que c\u2019est&nbsp;?<\/strong><br>Un cours collectif d\u00e9di\u00e9 aux enfants afin d\u2019automatiser la lecture de notes et de figures rythmiques gr\u00e2ce \u00e0 des jeux ludiques.<\/p>\n\n\n\n<p class=\"has-text-align-center has-medium-font-size\"><strong>Et on fait quoi\u00a0?<\/strong><br>Nous ne parlerons pas ici du mot interdit <s>(solf\u00e8ge)<\/s> mais d\u2019une d\u00e9couverte des figures de rythmes et des notes en cl\u00e9 de Sol et cl\u00e9 de Fa. Nous utiliserons des jeux connus et revisit\u00e9s pour un apprentissage simple et amusant. En ma\u00eetrisant le rythme et la lecture de notes, l\u2019enfant pourra se consacrer pleinement \u00e0 son instrument et progresser plus vite.<\/p>\n\n\n\n<p class=\"has-text-align-center has-medium-font-size\"><strong>Et c&rsquo;est quand ?<\/strong><br>Ces cours se d\u00e9roulent le <strong>mercredi de 14h \u00e0 14h30<\/strong> de mani\u00e8re hebdomadaire sur une p\u00e9riode trimestrielle non renouvelable, avec une pratique instrumentale obligatoire en parall\u00e8le. <\/p>\n\n\n\n<p class=\"has-text-align-center has-medium-font-size\">Inscription possible en Septembre, D\u00e9cembre et Mars \/ Limit\u00e9 \u00e0 8 personnes<\/p>\n\n\n\n<p class=\"has-text-align-center has-white-color has-luminous-vivid-amber-background-color has-text-color has-background has-link-color has-medium-font-size wp-elements-b887be33f02334a3d5bcbb98c04160eb\"><strong>ADO \u2013 ADULTES<\/strong><\/p>\n\n\n\n<p class=\"has-text-align-center has-medium-font-size\"><strong>Qu\u2019est-ce que c\u2019est&nbsp;?<\/strong><br>Un cours collectif d\u00e9di\u00e9 aux plus grands, pour ceux qui souhaitent d\u00e9couvrir et\/ou approfondir les grands points de th\u00e9orie musicale. Le but \u00e9tant de se sentir plus libre dans l\u2019apprentissage de son instrument.<\/p>\n\n\n\n<p class=\"has-text-align-center has-medium-font-size\"><strong>Et on fait quoi&nbsp;?<\/strong><br>A travers un cours hebdomadaire, les th\u00e8mes suivants seront abord\u00e9s de mani\u00e8re trimestrielle&nbsp;:<\/p>\n\n\n\n<p class=\"has-text-align-center has-medium-font-size\">-1<sup>er<\/sup> trimestre\u00a0: LE RYTHME \u00e0 Comprendre, reproduire et ressentir ce qui caract\u00e9rise le rythme.<br>-2<sup>eme<\/sup> trimestre\u00a0: LES NOTES \u00e0 Apprentissage, trucs et astuces pour la lecture de notes.<br>-3<sup>eme<\/sup> trimestre\u00a0: L\u2019\u00c9COUTE \u00e0 Cr\u00e9er du lien entre le rythme, les notes et la musique qui en d\u00e9coule<strong>.<\/strong><\/p>\n\n\n\n<p class=\"has-text-align-center has-medium-font-size\">Chaque th\u00e8me sera abord\u00e9 de mani\u00e8re progressive, en commen\u00e7ant par poser les bases, afin d\u2019approfondir le sujet au fil des cours. L\u2019enseignement se fera \u00e0 travers diff\u00e9rents supports et pratiques (prises de notes, jeux, exercices corporels,\u2026) le tout de mani\u00e8re la plus ludique possible.<\/p>\n\n\n\n<p class=\"has-text-align-center has-medium-font-size\"><strong>Et c&rsquo;est quand ?<\/strong><br>Ces cours se d\u00e9roulent 1 semaine sur 2, les <strong>jeudi des semaines impaires \u00e0 19h<\/strong>.<br>Il n\u2019y a pas d\u2019engagement d\u2019une p\u00e9riode \u00e0 l\u2019autre. Il est possible de s\u2019inscrire d\u00e8s le d\u00e9but de l\u2019ann\u00e9e \u00e0 plusieurs th\u00e8mes. \u00a0<\/p>\n\n\n\n<p class=\"has-text-align-center has-medium-font-size\">Inscription possible en Septembre, D\u00e9cembre et Mars \/ Les places sont limit\u00e9es \u00e0 8 personnes.<\/p>\n\n\n\n<p class=\"has-text-align-center has-medium-font-size\"><strong>Pour les tarifs des cours :&nbsp;<a href=\"http:\/\/www.mic31.fr\/index.php\/tarifs-et-conditions\/\">infos ici<\/a><\/strong><br>__________________________________________________________________<\/p>\n\n\n\n<p class=\"has-text-align-center has-medium-font-size\"><strong>Retrouvez nous sur vos r\u00e9seaux sociaux pr\u00e9f\u00e9r\u00e9s pour suivre notre actualit\u00e9 : <\/strong><\/p>\n\n\n<div class=\"wp-block-image\">\n<figure class=\"aligncenter is-resized\"><a href=\"https:\/\/www.facebook.com\/musicinstituteandculture\/\" target=\"_blank\" rel=\"noreferrer noopener\"><img loading=\"lazy\" decoding=\"async\" width=\"300\" height=\"300\" src=\"http:\/\/www.mic31.fr\/wordpress\/wp-content\/uploads\/2016\/10\/icone-facebook-site-300x300.png\" alt=\"icone facebook site\" class=\"wp-image-506\" style=\"width:66px;height:auto\" srcset=\"https:\/\/www.mic31.fr\/wordpress\/wp-content\/uploads\/2016\/10\/icone-facebook-site-300x300.png 300w, https:\/\/www.mic31.fr\/wordpress\/wp-content\/uploads\/2016\/10\/icone-facebook-site-150x150.png 150w, https:\/\/www.mic31.fr\/wordpress\/wp-content\/uploads\/2016\/10\/icone-facebook-site-200x200.png 200w, https:\/\/www.mic31.fr\/wordpress\/wp-content\/uploads\/2016\/10\/icone-facebook-site.png 626w\" sizes=\"auto, (max-width: 300px) 100vw, 300px\" \/><\/a><\/figure>\n<\/div>\n\n\n<p><\/p>\n\n\n\n<div class=\"wp-block-group\"><div class=\"wp-block-group__inner-container is-layout-constrained wp-block-group-is-layout-constrained\"><div class=\"wp-block-image\">\n<figure class=\"aligncenter is-resized\"><a href=\"https:\/\/www.instagram.com\/assomic31\/\" target=\"_blank\" rel=\"noreferrer noopener\"><img loading=\"lazy\" decoding=\"async\" width=\"300\" height=\"300\" src=\"http:\/\/www.mic31.fr\/wordpress\/wp-content\/uploads\/2016\/10\/icone-instagram-site-300x300.png\" alt=\"icone instagram site\" class=\"wp-image-504\" style=\"width:69px;height:auto\" srcset=\"https:\/\/www.mic31.fr\/wordpress\/wp-content\/uploads\/2016\/10\/icone-instagram-site-300x300.png 300w, https:\/\/www.mic31.fr\/wordpress\/wp-content\/uploads\/2016\/10\/icone-instagram-site-150x150.png 150w, https:\/\/www.mic31.fr\/wordpress\/wp-content\/uploads\/2016\/10\/icone-instagram-site-200x200.png 200w, https:\/\/www.mic31.fr\/wordpress\/wp-content\/uploads\/2016\/10\/icone-instagram-site.png 400w\" sizes=\"auto, (max-width: 300px) 100vw, 300px\" \/><\/a><\/figure>\n<\/div><\/div><\/div>\n","protected":false},"excerpt":{"rendered":"<p>ENFANTS 7 &#8211; 10ans Qu\u2019est-ce que c\u2019est&nbsp;?Un cours collectif d\u00e9di\u00e9 aux enfants afin d\u2019automatiser la lecture de notes et de figures rythmiques gr\u00e2ce [&hellip;]<\/p>\n","protected":false},"author":1,"featured_media":0,"parent":95,"menu_order":0,"comment_status":"closed","ping_status":"closed","template":"","meta":{"footnotes":""},"class_list":["post-3867","page","type-page","status-publish","hentry"],"yoast_head":"<!-- This site is optimized with the Yoast SEO plugin v24.1 - https:\/\/yoast.com\/wordpress\/plugins\/seo\/ -->\n<title>Compr\u00e9hension Musicale -<\/title>\n<meta name=\"description\" content=\"Bienvenue chez Music Institute and Culture, \u00e9cole de musique \u00e0 Colomiers\" \/>\n<meta name=\"robots\" content=\"index, follow, max-snippet:-1, max-image-preview:large, max-video-preview:-1\" \/>\n<link rel=\"canonical\" href=\"https:\/\/www.mic31.fr\/index.php\/les-cours\/comprehension-musicale\/\" \/>\n<meta property=\"og:locale\" content=\"fr_FR\" \/>\n<meta property=\"og:type\" content=\"article\" \/>\n<meta property=\"og:title\" content=\"Compr\u00e9hension Musicale -\" \/>\n<meta property=\"og:description\" content=\"Bienvenue chez Music Institute and Culture, \u00e9cole de musique \u00e0 Colomiers\" \/>\n<meta property=\"og:url\" content=\"https:\/\/www.mic31.fr\/index.php\/les-cours\/comprehension-musicale\/\" \/>\n<meta property=\"article:publisher\" content=\"https:\/\/www.facebook.com\/musicinstituteandculture\/\" \/>\n<meta property=\"article:modified_time\" content=\"2025-07-07T13:41:12+00:00\" \/>\n<meta property=\"og:image\" content=\"https:\/\/www.mic31.fr\/wordpress\/wp-content\/uploads\/2025\/07\/WhatsApp-Image-2025-07-07-at-13.29.26-1024x964.jpeg\" \/>\n<meta name=\"twitter:card\" content=\"summary_large_image\" \/>\n<meta name=\"twitter:site\" content=\"@assomic31\" \/>\n<meta name=\"twitter:label1\" content=\"Dur\u00e9e de lecture estim\u00e9e\" \/>\n\t<meta name=\"twitter:data1\" content=\"3 minutes\" \/>\n<script type=\"application\/ld+json\" class=\"yoast-schema-graph\">{\"@context\":\"https:\/\/schema.org\",\"@graph\":[{\"@type\":\"WebPage\",\"@id\":\"https:\/\/www.mic31.fr\/index.php\/les-cours\/comprehension-musicale\/\",\"url\":\"https:\/\/www.mic31.fr\/index.php\/les-cours\/comprehension-musicale\/\",\"name\":\"Compr\u00e9hension Musicale -\",\"isPartOf\":{\"@id\":\"http:\/\/www.mic31.fr\/#website\"},\"primaryImageOfPage\":{\"@id\":\"https:\/\/www.mic31.fr\/index.php\/les-cours\/comprehension-musicale\/#primaryimage\"},\"image\":{\"@id\":\"https:\/\/www.mic31.fr\/index.php\/les-cours\/comprehension-musicale\/#primaryimage\"},\"thumbnailUrl\":\"https:\/\/www.mic31.fr\/wordpress\/wp-content\/uploads\/2025\/07\/WhatsApp-Image-2025-07-07-at-13.29.26-1024x964.jpeg\",\"datePublished\":\"2025-06-15T14:03:52+00:00\",\"dateModified\":\"2025-07-07T13:41:12+00:00\",\"description\":\"Bienvenue chez Music Institute and Culture, \u00e9cole de musique \u00e0 Colomiers\",\"breadcrumb\":{\"@id\":\"https:\/\/www.mic31.fr\/index.php\/les-cours\/comprehension-musicale\/#breadcrumb\"},\"inLanguage\":\"fr-FR\",\"potentialAction\":[{\"@type\":\"ReadAction\",\"target\":[\"https:\/\/www.mic31.fr\/index.php\/les-cours\/comprehension-musicale\/\"]}]},{\"@type\":\"ImageObject\",\"inLanguage\":\"fr-FR\",\"@id\":\"https:\/\/www.mic31.fr\/index.php\/les-cours\/comprehension-musicale\/#primaryimage\",\"url\":\"https:\/\/www.mic31.fr\/wordpress\/wp-content\/uploads\/2025\/07\/WhatsApp-Image-2025-07-07-at-13.29.26-1024x964.jpeg\",\"contentUrl\":\"https:\/\/www.mic31.fr\/wordpress\/wp-content\/uploads\/2025\/07\/WhatsApp-Image-2025-07-07-at-13.29.26-1024x964.jpeg\"},{\"@type\":\"BreadcrumbList\",\"@id\":\"https:\/\/www.mic31.fr\/index.php\/les-cours\/comprehension-musicale\/#breadcrumb\",\"itemListElement\":[{\"@type\":\"ListItem\",\"position\":1,\"name\":\"Accueil\",\"item\":\"http:\/\/www.mic31.fr\/\"},{\"@type\":\"ListItem\",\"position\":2,\"name\":\"Les enseignements\",\"item\":\"https:\/\/www.mic31.fr\/index.php\/les-cours\/\"},{\"@type\":\"ListItem\",\"position\":3,\"name\":\"Compr\u00e9hension Musicale\"}]},{\"@type\":\"WebSite\",\"@id\":\"http:\/\/www.mic31.fr\/#website\",\"url\":\"http:\/\/www.mic31.fr\/\",\"name\":\"Music Institute and Culture\",\"description\":\"\",\"publisher\":{\"@id\":\"http:\/\/www.mic31.fr\/#organization\"},\"potentialAction\":[{\"@type\":\"SearchAction\",\"target\":{\"@type\":\"EntryPoint\",\"urlTemplate\":\"http:\/\/www.mic31.fr\/?s={search_term_string}\"},\"query-input\":{\"@type\":\"PropertyValueSpecification\",\"valueRequired\":true,\"valueName\":\"search_term_string\"}}],\"inLanguage\":\"fr-FR\"},{\"@type\":\"Organization\",\"@id\":\"http:\/\/www.mic31.fr\/#organization\",\"name\":\"Music institute and Culture\",\"url\":\"http:\/\/www.mic31.fr\/\",\"logo\":{\"@type\":\"ImageObject\",\"inLanguage\":\"fr-FR\",\"@id\":\"http:\/\/www.mic31.fr\/#\/schema\/logo\/image\/\",\"url\":\"http:\/\/www.mic31.fr\/wordpress\/wp-content\/uploads\/2016\/10\/cropped-cropped-Flyer-asso-MIC-v8-copie.jpg\",\"contentUrl\":\"http:\/\/www.mic31.fr\/wordpress\/wp-content\/uploads\/2016\/10\/cropped-cropped-Flyer-asso-MIC-v8-copie.jpg\",\"width\":512,\"height\":512,\"caption\":\"Music institute and Culture\"},\"image\":{\"@id\":\"http:\/\/www.mic31.fr\/#\/schema\/logo\/image\/\"},\"sameAs\":[\"https:\/\/www.facebook.com\/musicinstituteandculture\/\",\"https:\/\/x.com\/assomic31\",\"https:\/\/www.instagram.com\/assomic31\/\"]}]}<\/script>\n<!-- \/ Yoast SEO plugin. -->","yoast_head_json":{"title":"Compr\u00e9hension Musicale -","description":"Bienvenue chez Music Institute and Culture, \u00e9cole de musique \u00e0 Colomiers","robots":{"index":"index","follow":"follow","max-snippet":"max-snippet:-1","max-image-preview":"max-image-preview:large","max-video-preview":"max-video-preview:-1"},"canonical":"https:\/\/www.mic31.fr\/index.php\/les-cours\/comprehension-musicale\/","og_locale":"fr_FR","og_type":"article","og_title":"Compr\u00e9hension Musicale -","og_description":"Bienvenue chez Music Institute and Culture, \u00e9cole de musique \u00e0 Colomiers","og_url":"https:\/\/www.mic31.fr\/index.php\/les-cours\/comprehension-musicale\/","article_publisher":"https:\/\/www.facebook.com\/musicinstituteandculture\/","article_modified_time":"2025-07-07T13:41:12+00:00","og_image":[{"url":"https:\/\/www.mic31.fr\/wordpress\/wp-content\/uploads\/2025\/07\/WhatsApp-Image-2025-07-07-at-13.29.26-1024x964.jpeg","type":"","width":"","height":""}],"twitter_card":"summary_large_image","twitter_site":"@assomic31","twitter_misc":{"Dur\u00e9e de lecture estim\u00e9e":"3 minutes"},"schema":{"@context":"https:\/\/schema.org","@graph":[{"@type":"WebPage","@id":"https:\/\/www.mic31.fr\/index.php\/les-cours\/comprehension-musicale\/","url":"https:\/\/www.mic31.fr\/index.php\/les-cours\/comprehension-musicale\/","name":"Compr\u00e9hension Musicale -","isPartOf":{"@id":"http:\/\/www.mic31.fr\/#website"},"primaryImageOfPage":{"@id":"https:\/\/www.mic31.fr\/index.php\/les-cours\/comprehension-musicale\/#primaryimage"},"image":{"@id":"https:\/\/www.mic31.fr\/index.php\/les-cours\/comprehension-musicale\/#primaryimage"},"thumbnailUrl":"https:\/\/www.mic31.fr\/wordpress\/wp-content\/uploads\/2025\/07\/WhatsApp-Image-2025-07-07-at-13.29.26-1024x964.jpeg","datePublished":"2025-06-15T14:03:52+00:00","dateModified":"2025-07-07T13:41:12+00:00","description":"Bienvenue chez Music Institute and Culture, \u00e9cole de musique \u00e0 Colomiers","breadcrumb":{"@id":"https:\/\/www.mic31.fr\/index.php\/les-cours\/comprehension-musicale\/#breadcrumb"},"inLanguage":"fr-FR","potentialAction":[{"@type":"ReadAction","target":["https:\/\/www.mic31.fr\/index.php\/les-cours\/comprehension-musicale\/"]}]},{"@type":"ImageObject","inLanguage":"fr-FR","@id":"https:\/\/www.mic31.fr\/index.php\/les-cours\/comprehension-musicale\/#primaryimage","url":"https:\/\/www.mic31.fr\/wordpress\/wp-content\/uploads\/2025\/07\/WhatsApp-Image-2025-07-07-at-13.29.26-1024x964.jpeg","contentUrl":"https:\/\/www.mic31.fr\/wordpress\/wp-content\/uploads\/2025\/07\/WhatsApp-Image-2025-07-07-at-13.29.26-1024x964.jpeg"},{"@type":"BreadcrumbList","@id":"https:\/\/www.mic31.fr\/index.php\/les-cours\/comprehension-musicale\/#breadcrumb","itemListElement":[{"@type":"ListItem","position":1,"name":"Accueil","item":"http:\/\/www.mic31.fr\/"},{"@type":"ListItem","position":2,"name":"Les enseignements","item":"https:\/\/www.mic31.fr\/index.php\/les-cours\/"},{"@type":"ListItem","position":3,"name":"Compr\u00e9hension Musicale"}]},{"@type":"WebSite","@id":"http:\/\/www.mic31.fr\/#website","url":"http:\/\/www.mic31.fr\/","name":"Music Institute and Culture","description":"","publisher":{"@id":"http:\/\/www.mic31.fr\/#organization"},"potentialAction":[{"@type":"SearchAction","target":{"@type":"EntryPoint","urlTemplate":"http:\/\/www.mic31.fr\/?s={search_term_string}"},"query-input":{"@type":"PropertyValueSpecification","valueRequired":true,"valueName":"search_term_string"}}],"inLanguage":"fr-FR"},{"@type":"Organization","@id":"http:\/\/www.mic31.fr\/#organization","name":"Music institute and Culture","url":"http:\/\/www.mic31.fr\/","logo":{"@type":"ImageObject","inLanguage":"fr-FR","@id":"http:\/\/www.mic31.fr\/#\/schema\/logo\/image\/","url":"http:\/\/www.mic31.fr\/wordpress\/wp-content\/uploads\/2016\/10\/cropped-cropped-Flyer-asso-MIC-v8-copie.jpg","contentUrl":"http:\/\/www.mic31.fr\/wordpress\/wp-content\/uploads\/2016\/10\/cropped-cropped-Flyer-asso-MIC-v8-copie.jpg","width":512,"height":512,"caption":"Music institute and Culture"},"image":{"@id":"http:\/\/www.mic31.fr\/#\/schema\/logo\/image\/"},"sameAs":["https:\/\/www.facebook.com\/musicinstituteandculture\/","https:\/\/x.com\/assomic31","https:\/\/www.instagram.com\/assomic31\/"]}]}},"_links":{"self":[{"href":"https:\/\/www.mic31.fr\/index.php\/wp-json\/wp\/v2\/pages\/3867","targetHints":{"allow":["GET"]}}],"collection":[{"href":"https:\/\/www.mic31.fr\/index.php\/wp-json\/wp\/v2\/pages"}],"about":[{"href":"https:\/\/www.mic31.fr\/index.php\/wp-json\/wp\/v2\/types\/page"}],"author":[{"embeddable":true,"href":"https:\/\/www.mic31.fr\/index.php\/wp-json\/wp\/v2\/users\/1"}],"replies":[{"embeddable":true,"href":"https:\/\/www.mic31.fr\/index.php\/wp-json\/wp\/v2\/comments?post=3867"}],"version-history":[{"count":18,"href":"https:\/\/www.mic31.fr\/index.php\/wp-json\/wp\/v2\/pages\/3867\/revisions"}],"predecessor-version":[{"id":3925,"href":"https:\/\/www.mic31.fr\/index.php\/wp-json\/wp\/v2\/pages\/3867\/revisions\/3925"}],"up":[{"embeddable":true,"href":"https:\/\/www.mic31.fr\/index.php\/wp-json\/wp\/v2\/pages\/95"}],"wp:attachment":[{"href":"https:\/\/www.mic31.fr\/index.php\/wp-json\/wp\/v2\/media?parent=3867"}],"curies":[{"name":"wp","href":"https:\/\/api.w.org\/{rel}","templated":true}]}}