{"id":3793,"date":"2025-05-27T10:53:26","date_gmt":"2025-05-27T08:53:26","guid":{"rendered":"https:\/\/www.mic31.fr\/?page_id=3793"},"modified":"2025-10-26T15:41:52","modified_gmt":"2025-10-26T14:41:52","slug":"julia-chant","status":"publish","type":"page","link":"https:\/\/www.mic31.fr\/index.php\/les-cours\/chant\/julia-chant\/","title":{"rendered":"Julia- Chant"},"content":{"rendered":"<div class=\"wp-block-image\">\n<figure class=\"aligncenter size-large is-resized\"><img loading=\"lazy\" decoding=\"async\" width=\"819\" height=\"1024\" src=\"https:\/\/www.mic31.fr\/wordpress\/wp-content\/uploads\/2025\/10\/Julia-3-819x1024.jpeg\" alt=\"\" class=\"wp-image-4224\" style=\"width:651px;height:auto\" srcset=\"https:\/\/www.mic31.fr\/wordpress\/wp-content\/uploads\/2025\/10\/Julia-3-819x1024.jpeg 819w, https:\/\/www.mic31.fr\/wordpress\/wp-content\/uploads\/2025\/10\/Julia-3-240x300.jpeg 240w, https:\/\/www.mic31.fr\/wordpress\/wp-content\/uploads\/2025\/10\/Julia-3-768x960.jpeg 768w, https:\/\/www.mic31.fr\/wordpress\/wp-content\/uploads\/2025\/10\/Julia-3.jpeg 1080w\" sizes=\"auto, (max-width: 819px) 100vw, 819px\" \/><\/figure>\n<\/div>\n\n\n<p><\/p>\n\n\n\n<p class=\"has-text-align-center has-medium-font-size\">J\u2019ai commenc\u00e9 \u00e0 \u00e9tudier le piano et la fl\u00fbte traversi\u00e8re d\u00e8s le plus jeune \u00e2ge au CDR de Millau. En 2006 je d\u00e9cide d\u2019en faire mon m\u00e9tier et pose mes valises \u00e0 Toulouse afin d\u2019int\u00e9grer l&rsquo;\u00e9cole de musiques vivantes \u00ab Music&rsquo;Halle \u00bb dont je sortirai dipl\u00f4m\u00e9e en 2009.<br>Voulant continuer l&rsquo;apprentissage de la fl\u00fbte traversi\u00e8re, &nbsp;j\u2019int\u00e8gre le parcours jazz du conservatoire de Perpignan dirig\u00e9 par Serge Lazarevitch ainsi que le cursus classique du conservatoire. <\/p>\n\n\n\n<p class=\"has-text-align-center has-medium-font-size\">Le parti pris p\u00e9dagogique de l&rsquo;\u00e9cole Music&rsquo;Halle et la diversit\u00e9 culturelle toulousaine m\u2019am\u00e8neront \u00e0 explorer des univers musicaux riches et vari\u00e9s et me feront d\u00e9couvrir un nouvel instrument : la voix ; que j\u2019explorerai avec de nombreux enseignants. Gr\u00e2ce au chant je trouve ma r\u00e9elle place de musicienne. J\u2019explore depuis divers styles et langues chantant en espagnol, portugais, arabe, anglais, fran\u00e7ais et Amharique.<\/p>\n\n\n\n<p class=\"has-text-align-center has-medium-font-size\">Tout en continuant d\u2019arpenter le monde de la sc\u00e8ne et des studios avec des projets tels que La Ceiba (afro-colombien), Addis Black Mamba (Ethio-jazz), Ida Y Vuelta (Salsa), The Roach (new-soul), Irina Gonzalez (jazz cubain) qui me feront voyager jusqu\u2019en Alg\u00e9rie et Colombie ; je d\u00e9veloppe l\u2019enseignement et plus particuli\u00e8rement le chant.<\/p>\n\n\n\n<p class=\"has-text-align-center has-medium-font-size\">Sollicit\u00e9e depuis des ann\u00e9es pour donner des cours de chant je n&rsquo;osais passer le pas car pour moi la voix, cet instrument si riche et intime demandait une formation solide avant de pouvoir l&rsquo;enseigner.<br><br>C\u2019est ainsi qu\u2019en 2021 j\u2019ai \u00e9t\u00e9 s\u00e9lectionn\u00e9e pour suivre la formation de professeur de chant dispens\u00e9e par la structure Chant Voix et Corps qui m&rsquo;a permis d&rsquo;approfondir ma p\u00e9dagogie et de compl\u00e9ter mes connaissances sur la voix, toujours dans un esprit ludique. J&rsquo;en sortirai dipl\u00f4m\u00e9e en 2023 et d\u00e9veloppe depuis l&rsquo;enseignement de la voix.<\/p>\n\n\n\n<p class=\"has-text-align-center has-medium-font-size\"><strong>Pour les tarifs des cours :\u00a0<a href=\"http:\/\/www.mic31.fr\/index.php\/tarifs-et-conditions\/\">infos ici<\/a><\/strong><\/p>\n\n\n\n<p class=\"has-text-align-center\"><br>__________________________________________________________________<\/p>\n\n\n\n<p class=\"has-text-align-center has-medium-font-size\"><strong>Retrouvez nous sur vos r\u00e9seaux sociaux pr\u00e9f\u00e9r\u00e9s pour suivre notre actualit\u00e9 : <\/strong><\/p>\n\n\n<div class=\"wp-block-image\">\n<figure class=\"aligncenter is-resized\"><a href=\"https:\/\/www.facebook.com\/musicinstituteandculture\/\" target=\"_blank\" rel=\"noreferrer noopener\"><img loading=\"lazy\" decoding=\"async\" width=\"300\" height=\"300\" src=\"http:\/\/www.mic31.fr\/wordpress\/wp-content\/uploads\/2016\/10\/icone-facebook-site-300x300.png\" alt=\"icone facebook site\" class=\"wp-image-506\" style=\"width:66px;height:auto\" srcset=\"https:\/\/www.mic31.fr\/wordpress\/wp-content\/uploads\/2016\/10\/icone-facebook-site-300x300.png 300w, https:\/\/www.mic31.fr\/wordpress\/wp-content\/uploads\/2016\/10\/icone-facebook-site-150x150.png 150w, https:\/\/www.mic31.fr\/wordpress\/wp-content\/uploads\/2016\/10\/icone-facebook-site-200x200.png 200w, https:\/\/www.mic31.fr\/wordpress\/wp-content\/uploads\/2016\/10\/icone-facebook-site.png 626w\" sizes=\"auto, (max-width: 300px) 100vw, 300px\" \/><\/a><\/figure>\n<\/div>\n\n\n<p><\/p>\n\n\n\n<div class=\"wp-block-group\"><div class=\"wp-block-group__inner-container is-layout-constrained wp-block-group-is-layout-constrained\"><div class=\"wp-block-image\">\n<figure class=\"aligncenter is-resized\"><a href=\"https:\/\/www.instagram.com\/assomic31\/\" target=\"_blank\" rel=\"noreferrer noopener\"><img loading=\"lazy\" decoding=\"async\" width=\"300\" height=\"300\" src=\"http:\/\/www.mic31.fr\/wordpress\/wp-content\/uploads\/2016\/10\/icone-instagram-site-300x300.png\" alt=\"icone instagram site\" class=\"wp-image-504\" style=\"width:69px;height:auto\" srcset=\"https:\/\/www.mic31.fr\/wordpress\/wp-content\/uploads\/2016\/10\/icone-instagram-site-300x300.png 300w, https:\/\/www.mic31.fr\/wordpress\/wp-content\/uploads\/2016\/10\/icone-instagram-site-150x150.png 150w, https:\/\/www.mic31.fr\/wordpress\/wp-content\/uploads\/2016\/10\/icone-instagram-site-200x200.png 200w, https:\/\/www.mic31.fr\/wordpress\/wp-content\/uploads\/2016\/10\/icone-instagram-site.png 400w\" sizes=\"auto, (max-width: 300px) 100vw, 300px\" \/><\/a><\/figure>\n<\/div><\/div><\/div>\n","protected":false},"excerpt":{"rendered":"<p>J\u2019ai commenc\u00e9 \u00e0 \u00e9tudier le piano et la fl\u00fbte traversi\u00e8re d\u00e8s le plus jeune \u00e2ge au CDR de Millau. En 2006 je d\u00e9cide [&hellip;]<\/p>\n","protected":false},"author":1,"featured_media":0,"parent":101,"menu_order":0,"comment_status":"closed","ping_status":"closed","template":"","meta":{"footnotes":""},"class_list":["post-3793","page","type-page","status-publish","hentry"],"yoast_head":"<!-- This site is optimized with the Yoast SEO plugin v24.1 - https:\/\/yoast.com\/wordpress\/plugins\/seo\/ -->\n<title>Julia- Chant -<\/title>\n<meta name=\"description\" content=\"Bienvenue chez Music Institute and Culture, \u00e9cole de musique \u00e0 Colomiers\" \/>\n<meta name=\"robots\" content=\"index, follow, max-snippet:-1, max-image-preview:large, max-video-preview:-1\" \/>\n<link rel=\"canonical\" href=\"https:\/\/www.mic31.fr\/index.php\/les-cours\/chant\/julia-chant\/\" \/>\n<meta property=\"og:locale\" content=\"fr_FR\" \/>\n<meta property=\"og:type\" content=\"article\" \/>\n<meta property=\"og:title\" content=\"Julia- Chant -\" \/>\n<meta property=\"og:description\" content=\"Bienvenue chez Music Institute and Culture, \u00e9cole de musique \u00e0 Colomiers\" \/>\n<meta property=\"og:url\" content=\"https:\/\/www.mic31.fr\/index.php\/les-cours\/chant\/julia-chant\/\" \/>\n<meta property=\"article:publisher\" content=\"https:\/\/www.facebook.com\/musicinstituteandculture\/\" \/>\n<meta property=\"article:modified_time\" content=\"2025-10-26T14:41:52+00:00\" \/>\n<meta property=\"og:image\" content=\"https:\/\/www.mic31.fr\/wordpress\/wp-content\/uploads\/2025\/10\/Julia-3-819x1024.jpeg\" \/>\n<meta name=\"twitter:card\" content=\"summary_large_image\" \/>\n<meta name=\"twitter:site\" content=\"@assomic31\" \/>\n<meta name=\"twitter:label1\" content=\"Dur\u00e9e de lecture estim\u00e9e\" \/>\n\t<meta name=\"twitter:data1\" content=\"3 minutes\" \/>\n<script type=\"application\/ld+json\" class=\"yoast-schema-graph\">{\"@context\":\"https:\/\/schema.org\",\"@graph\":[{\"@type\":\"WebPage\",\"@id\":\"https:\/\/www.mic31.fr\/index.php\/les-cours\/chant\/julia-chant\/\",\"url\":\"https:\/\/www.mic31.fr\/index.php\/les-cours\/chant\/julia-chant\/\",\"name\":\"Julia- Chant -\",\"isPartOf\":{\"@id\":\"http:\/\/www.mic31.fr\/#website\"},\"primaryImageOfPage\":{\"@id\":\"https:\/\/www.mic31.fr\/index.php\/les-cours\/chant\/julia-chant\/#primaryimage\"},\"image\":{\"@id\":\"https:\/\/www.mic31.fr\/index.php\/les-cours\/chant\/julia-chant\/#primaryimage\"},\"thumbnailUrl\":\"https:\/\/www.mic31.fr\/wordpress\/wp-content\/uploads\/2025\/10\/Julia-3-819x1024.jpeg\",\"datePublished\":\"2025-05-27T08:53:26+00:00\",\"dateModified\":\"2025-10-26T14:41:52+00:00\",\"description\":\"Bienvenue chez Music Institute and Culture, \u00e9cole de musique \u00e0 Colomiers\",\"breadcrumb\":{\"@id\":\"https:\/\/www.mic31.fr\/index.php\/les-cours\/chant\/julia-chant\/#breadcrumb\"},\"inLanguage\":\"fr-FR\",\"potentialAction\":[{\"@type\":\"ReadAction\",\"target\":[\"https:\/\/www.mic31.fr\/index.php\/les-cours\/chant\/julia-chant\/\"]}]},{\"@type\":\"ImageObject\",\"inLanguage\":\"fr-FR\",\"@id\":\"https:\/\/www.mic31.fr\/index.php\/les-cours\/chant\/julia-chant\/#primaryimage\",\"url\":\"https:\/\/www.mic31.fr\/wordpress\/wp-content\/uploads\/2025\/10\/Julia-3-819x1024.jpeg\",\"contentUrl\":\"https:\/\/www.mic31.fr\/wordpress\/wp-content\/uploads\/2025\/10\/Julia-3-819x1024.jpeg\"},{\"@type\":\"BreadcrumbList\",\"@id\":\"https:\/\/www.mic31.fr\/index.php\/les-cours\/chant\/julia-chant\/#breadcrumb\",\"itemListElement\":[{\"@type\":\"ListItem\",\"position\":1,\"name\":\"Accueil\",\"item\":\"http:\/\/www.mic31.fr\/\"},{\"@type\":\"ListItem\",\"position\":2,\"name\":\"Les enseignements\",\"item\":\"https:\/\/www.mic31.fr\/index.php\/les-cours\/\"},{\"@type\":\"ListItem\",\"position\":3,\"name\":\"Chant\",\"item\":\"https:\/\/www.mic31.fr\/index.php\/les-cours\/chant\/\"},{\"@type\":\"ListItem\",\"position\":4,\"name\":\"Julia- Chant\"}]},{\"@type\":\"WebSite\",\"@id\":\"http:\/\/www.mic31.fr\/#website\",\"url\":\"http:\/\/www.mic31.fr\/\",\"name\":\"Music Institute and Culture\",\"description\":\"\",\"publisher\":{\"@id\":\"http:\/\/www.mic31.fr\/#organization\"},\"potentialAction\":[{\"@type\":\"SearchAction\",\"target\":{\"@type\":\"EntryPoint\",\"urlTemplate\":\"http:\/\/www.mic31.fr\/?s={search_term_string}\"},\"query-input\":{\"@type\":\"PropertyValueSpecification\",\"valueRequired\":true,\"valueName\":\"search_term_string\"}}],\"inLanguage\":\"fr-FR\"},{\"@type\":\"Organization\",\"@id\":\"http:\/\/www.mic31.fr\/#organization\",\"name\":\"Music institute and Culture\",\"url\":\"http:\/\/www.mic31.fr\/\",\"logo\":{\"@type\":\"ImageObject\",\"inLanguage\":\"fr-FR\",\"@id\":\"http:\/\/www.mic31.fr\/#\/schema\/logo\/image\/\",\"url\":\"http:\/\/www.mic31.fr\/wordpress\/wp-content\/uploads\/2016\/10\/cropped-cropped-Flyer-asso-MIC-v8-copie.jpg\",\"contentUrl\":\"http:\/\/www.mic31.fr\/wordpress\/wp-content\/uploads\/2016\/10\/cropped-cropped-Flyer-asso-MIC-v8-copie.jpg\",\"width\":512,\"height\":512,\"caption\":\"Music institute and Culture\"},\"image\":{\"@id\":\"http:\/\/www.mic31.fr\/#\/schema\/logo\/image\/\"},\"sameAs\":[\"https:\/\/www.facebook.com\/musicinstituteandculture\/\",\"https:\/\/x.com\/assomic31\",\"https:\/\/www.instagram.com\/assomic31\/\"]}]}<\/script>\n<!-- \/ Yoast SEO plugin. -->","yoast_head_json":{"title":"Julia- Chant -","description":"Bienvenue chez Music Institute and Culture, \u00e9cole de musique \u00e0 Colomiers","robots":{"index":"index","follow":"follow","max-snippet":"max-snippet:-1","max-image-preview":"max-image-preview:large","max-video-preview":"max-video-preview:-1"},"canonical":"https:\/\/www.mic31.fr\/index.php\/les-cours\/chant\/julia-chant\/","og_locale":"fr_FR","og_type":"article","og_title":"Julia- Chant -","og_description":"Bienvenue chez Music Institute and Culture, \u00e9cole de musique \u00e0 Colomiers","og_url":"https:\/\/www.mic31.fr\/index.php\/les-cours\/chant\/julia-chant\/","article_publisher":"https:\/\/www.facebook.com\/musicinstituteandculture\/","article_modified_time":"2025-10-26T14:41:52+00:00","og_image":[{"url":"https:\/\/www.mic31.fr\/wordpress\/wp-content\/uploads\/2025\/10\/Julia-3-819x1024.jpeg","type":"","width":"","height":""}],"twitter_card":"summary_large_image","twitter_site":"@assomic31","twitter_misc":{"Dur\u00e9e de lecture estim\u00e9e":"3 minutes"},"schema":{"@context":"https:\/\/schema.org","@graph":[{"@type":"WebPage","@id":"https:\/\/www.mic31.fr\/index.php\/les-cours\/chant\/julia-chant\/","url":"https:\/\/www.mic31.fr\/index.php\/les-cours\/chant\/julia-chant\/","name":"Julia- Chant -","isPartOf":{"@id":"http:\/\/www.mic31.fr\/#website"},"primaryImageOfPage":{"@id":"https:\/\/www.mic31.fr\/index.php\/les-cours\/chant\/julia-chant\/#primaryimage"},"image":{"@id":"https:\/\/www.mic31.fr\/index.php\/les-cours\/chant\/julia-chant\/#primaryimage"},"thumbnailUrl":"https:\/\/www.mic31.fr\/wordpress\/wp-content\/uploads\/2025\/10\/Julia-3-819x1024.jpeg","datePublished":"2025-05-27T08:53:26+00:00","dateModified":"2025-10-26T14:41:52+00:00","description":"Bienvenue chez Music Institute and Culture, \u00e9cole de musique \u00e0 Colomiers","breadcrumb":{"@id":"https:\/\/www.mic31.fr\/index.php\/les-cours\/chant\/julia-chant\/#breadcrumb"},"inLanguage":"fr-FR","potentialAction":[{"@type":"ReadAction","target":["https:\/\/www.mic31.fr\/index.php\/les-cours\/chant\/julia-chant\/"]}]},{"@type":"ImageObject","inLanguage":"fr-FR","@id":"https:\/\/www.mic31.fr\/index.php\/les-cours\/chant\/julia-chant\/#primaryimage","url":"https:\/\/www.mic31.fr\/wordpress\/wp-content\/uploads\/2025\/10\/Julia-3-819x1024.jpeg","contentUrl":"https:\/\/www.mic31.fr\/wordpress\/wp-content\/uploads\/2025\/10\/Julia-3-819x1024.jpeg"},{"@type":"BreadcrumbList","@id":"https:\/\/www.mic31.fr\/index.php\/les-cours\/chant\/julia-chant\/#breadcrumb","itemListElement":[{"@type":"ListItem","position":1,"name":"Accueil","item":"http:\/\/www.mic31.fr\/"},{"@type":"ListItem","position":2,"name":"Les enseignements","item":"https:\/\/www.mic31.fr\/index.php\/les-cours\/"},{"@type":"ListItem","position":3,"name":"Chant","item":"https:\/\/www.mic31.fr\/index.php\/les-cours\/chant\/"},{"@type":"ListItem","position":4,"name":"Julia- Chant"}]},{"@type":"WebSite","@id":"http:\/\/www.mic31.fr\/#website","url":"http:\/\/www.mic31.fr\/","name":"Music Institute and Culture","description":"","publisher":{"@id":"http:\/\/www.mic31.fr\/#organization"},"potentialAction":[{"@type":"SearchAction","target":{"@type":"EntryPoint","urlTemplate":"http:\/\/www.mic31.fr\/?s={search_term_string}"},"query-input":{"@type":"PropertyValueSpecification","valueRequired":true,"valueName":"search_term_string"}}],"inLanguage":"fr-FR"},{"@type":"Organization","@id":"http:\/\/www.mic31.fr\/#organization","name":"Music institute and Culture","url":"http:\/\/www.mic31.fr\/","logo":{"@type":"ImageObject","inLanguage":"fr-FR","@id":"http:\/\/www.mic31.fr\/#\/schema\/logo\/image\/","url":"http:\/\/www.mic31.fr\/wordpress\/wp-content\/uploads\/2016\/10\/cropped-cropped-Flyer-asso-MIC-v8-copie.jpg","contentUrl":"http:\/\/www.mic31.fr\/wordpress\/wp-content\/uploads\/2016\/10\/cropped-cropped-Flyer-asso-MIC-v8-copie.jpg","width":512,"height":512,"caption":"Music institute and Culture"},"image":{"@id":"http:\/\/www.mic31.fr\/#\/schema\/logo\/image\/"},"sameAs":["https:\/\/www.facebook.com\/musicinstituteandculture\/","https:\/\/x.com\/assomic31","https:\/\/www.instagram.com\/assomic31\/"]}]}},"_links":{"self":[{"href":"https:\/\/www.mic31.fr\/index.php\/wp-json\/wp\/v2\/pages\/3793","targetHints":{"allow":["GET"]}}],"collection":[{"href":"https:\/\/www.mic31.fr\/index.php\/wp-json\/wp\/v2\/pages"}],"about":[{"href":"https:\/\/www.mic31.fr\/index.php\/wp-json\/wp\/v2\/types\/page"}],"author":[{"embeddable":true,"href":"https:\/\/www.mic31.fr\/index.php\/wp-json\/wp\/v2\/users\/1"}],"replies":[{"embeddable":true,"href":"https:\/\/www.mic31.fr\/index.php\/wp-json\/wp\/v2\/comments?post=3793"}],"version-history":[{"count":11,"href":"https:\/\/www.mic31.fr\/index.php\/wp-json\/wp\/v2\/pages\/3793\/revisions"}],"predecessor-version":[{"id":4399,"href":"https:\/\/www.mic31.fr\/index.php\/wp-json\/wp\/v2\/pages\/3793\/revisions\/4399"}],"up":[{"embeddable":true,"href":"https:\/\/www.mic31.fr\/index.php\/wp-json\/wp\/v2\/pages\/101"}],"wp:attachment":[{"href":"https:\/\/www.mic31.fr\/index.php\/wp-json\/wp\/v2\/media?parent=3793"}],"curies":[{"name":"wp","href":"https:\/\/api.w.org\/{rel}","templated":true}]}}