{"id":3307,"date":"2024-08-30T19:11:36","date_gmt":"2024-08-30T17:11:36","guid":{"rendered":"https:\/\/www.mic31.fr\/?page_id=3307"},"modified":"2025-10-26T15:49:54","modified_gmt":"2025-10-26T14:49:54","slug":"sofia-piano","status":"publish","type":"page","link":"https:\/\/www.mic31.fr\/index.php\/les-cours\/piano-2\/sofia-piano\/","title":{"rendered":"Sofia- Piano"},"content":{"rendered":"<div class=\"wp-block-image\">\n<figure class=\"aligncenter size-large is-resized\"><img loading=\"lazy\" decoding=\"async\" width=\"819\" height=\"1024\" src=\"https:\/\/www.mic31.fr\/wordpress\/wp-content\/uploads\/2025\/10\/Sofia-819x1024.jpeg\" alt=\"\" class=\"wp-image-4205\" style=\"width:645px;height:auto\" srcset=\"https:\/\/www.mic31.fr\/wordpress\/wp-content\/uploads\/2025\/10\/Sofia-819x1024.jpeg 819w, https:\/\/www.mic31.fr\/wordpress\/wp-content\/uploads\/2025\/10\/Sofia-240x300.jpeg 240w, https:\/\/www.mic31.fr\/wordpress\/wp-content\/uploads\/2025\/10\/Sofia-768x960.jpeg 768w, https:\/\/www.mic31.fr\/wordpress\/wp-content\/uploads\/2025\/10\/Sofia.jpeg 1080w\" sizes=\"auto, (max-width: 819px) 100vw, 819px\" \/><\/figure>\n<\/div>\n\n\n<p><\/p>\n\n\n\n<p class=\"has-text-align-center has-medium-font-size\">D\u00e8s son plus jeune \u00e2ge, Sofia se d\u00e9couvre une passion pour la musique, l\u2019\u00e9criture de po\u00e8mes et l\u2019art en g\u00e9n\u00e9ral. A l\u2019\u00e2ge de 8 ans, l\u2019envie d\u2019apprendre le piano la m\u00e8ne au CRR de Toulouse. Elle y fait toute sa scolarit\u00e9 musicale en horaires am\u00e9nag\u00e9s en parall\u00e8le de ses \u00e9tudes. Le piano au conservatoire lui a ouvert les portes de la musique, cr\u00e9ative, elle commence tr\u00e8s vite \u00e0 composer dans sa chambre des chansons pop. L\u2019envie d\u2019\u00e9crire et d\u2019interpr\u00e9ter ses propres chansons devient alors son passe temps favoris et sa fa\u00e7on de s\u2019exprimer.<\/p>\n\n\n\n<p class=\"has-text-align-center has-medium-font-size\">Arriv\u00e9e \u00e0 l\u2019adolescence, cette passion grandissante, elle fait plusieurs rencontres et d\u00e9cide de se produire pour la premi\u00e8re fois en concert en duo avec sa s\u0153ur au violon puis simplement accompagn\u00e9e de son clavier, son looper ou son ordinateur et de sa voix. Apres un bac scientifique et ayant obtenu ses dipl\u00f4mes de fin d\u2019\u00e9tudes de piano classique mention Tr\u00e8s bien, fin d\u2019\u00e9tudes de solf\u00e8ge mention Tr\u00e8s bien, dipl\u00f4me d\u2019analyse et de d\u00e9chiffrage, licence en musicologie jazz ainsi qu\u2019une ann\u00e9e en master en recherche musicologique elle d\u00e9veloppe sa musique en tant qu\u2019auteure, compositrice et interpr\u00e8te.&nbsp;<\/p>\n\n\n\n<p class=\"has-text-align-center has-medium-font-size\">Elle joue et chante dans plusieurs groupes et finit par monter son propre groupe. Sa musique \u00e9volue et devient de plus en plus produite, elle se met alors \u00e0 travailler avec son meilleur ami beatmaker, rencontre une \u00e9quipe pour des visuels ainsi qu\u2019un manager et commence \u00e0 sortir des chansons sur les plateformes accompagn\u00e9es de clips. Depuis son projet musical suit son cours elle continue de se produire sur sc\u00e8ne, de composer et d\u2019approfondir son univers artistique avec de nouvelles esth\u00e9tiques.&nbsp;<\/p>\n\n\n\n<p class=\"has-text-align-center has-medium-font-size\">En parall\u00e8le elle est professeure de piano et de solf\u00e8ge pour enfant et adulte tout niveau et propose des cours de piano\/solf\u00e8ge tout niveau et tout \u00e2ge, elle se fera un plaisir de vous transmettre sa passion. Que ce soit du classique \u00e0 la pop, elle m\u2019adapte au style musical de votre choix, elle \u00e9crit aussi des arrangements adapt\u00e9s a votre niveau, selon les demandes et envies de ses \u00e9l\u00e8ves.&nbsp;<\/p>\n\n\n\n<p class=\"has-text-align-center has-medium-font-size\">Son amour pour la musique et plus particuli\u00e8rement le piano et son envie de transmettre ses connaissances et sa passion la pousse \u00e0 enseigner d\u00e8s l\u2019obtention de son bac. Ayant eu un parcours s\u00e9rieux au conservatoire elle priorise les envies de chacun et valorise les qualit\u00e9s en s\u2019adaptant et en cherchant des m\u00e9thodes d\u2019apprentissage particuli\u00e8res \u00e0 chacun. Elle propose des cours de piano classique mais aussi de musiques actuelles car pour elle s\u2019exprimer en musique par tous les moyens quel que soit le style est primordial.&nbsp;<\/p>\n\n\n\n<p><\/p>\n\n\n\n<figure class=\"wp-block-embed is-type-video is-provider-youtube wp-block-embed-youtube wp-embed-aspect-16-9 wp-has-aspect-ratio\"><div class=\"wp-block-embed__wrapper\">\n<iframe loading=\"lazy\" title=\"Sofia - Juste toi et moi\" width=\"640\" height=\"360\" src=\"https:\/\/www.youtube.com\/embed\/CFKo231CKoQ?feature=oembed\" frameborder=\"0\" allow=\"accelerometer; autoplay; clipboard-write; encrypted-media; gyroscope; picture-in-picture; web-share\" referrerpolicy=\"strict-origin-when-cross-origin\" allowfullscreen><\/iframe>\n<\/div><\/figure>\n\n\n\n<p class=\"has-text-align-center has-medium-font-size\"><strong>Pour les tarifs des cours :\u00a0<a href=\"http:\/\/www.mic31.fr\/index.php\/tarifs-et-conditions\/\">infos ici<\/a><\/strong><\/p>\n\n\n\n<p class=\"has-text-align-center\">____________________________________________________________________<\/p>\n\n\n\n<p class=\"has-text-align-center has-medium-font-size\"><strong>Retrouvez nous sur vos r\u00e9seaux sociaux pr\u00e9f\u00e9r\u00e9s pour suivre notre actualit\u00e9 : <\/strong><\/p>\n\n\n<div class=\"wp-block-image\">\n<figure class=\"aligncenter is-resized\"><a href=\"https:\/\/www.facebook.com\/musicinstituteandculture\/\" target=\"_blank\" rel=\"noreferrer noopener\"><img loading=\"lazy\" decoding=\"async\" width=\"300\" height=\"300\" src=\"http:\/\/www.mic31.fr\/wordpress\/wp-content\/uploads\/2016\/10\/icone-facebook-site-300x300.png\" alt=\"icone facebook site\" class=\"wp-image-506\" style=\"width:66px;height:auto\" srcset=\"https:\/\/www.mic31.fr\/wordpress\/wp-content\/uploads\/2016\/10\/icone-facebook-site-300x300.png 300w, https:\/\/www.mic31.fr\/wordpress\/wp-content\/uploads\/2016\/10\/icone-facebook-site-150x150.png 150w, https:\/\/www.mic31.fr\/wordpress\/wp-content\/uploads\/2016\/10\/icone-facebook-site-200x200.png 200w, https:\/\/www.mic31.fr\/wordpress\/wp-content\/uploads\/2016\/10\/icone-facebook-site.png 626w\" sizes=\"auto, (max-width: 300px) 100vw, 300px\" \/><\/a><\/figure>\n<\/div>\n\n\n<p><\/p>\n\n\n\n<div class=\"wp-block-group\"><div class=\"wp-block-group__inner-container is-layout-constrained wp-block-group-is-layout-constrained\"><div class=\"wp-block-image\">\n<figure class=\"aligncenter is-resized\"><a href=\"https:\/\/www.instagram.com\/assomic31\/\" target=\"_blank\" rel=\"noreferrer noopener\"><img loading=\"lazy\" decoding=\"async\" width=\"300\" height=\"300\" src=\"http:\/\/www.mic31.fr\/wordpress\/wp-content\/uploads\/2016\/10\/icone-instagram-site-300x300.png\" alt=\"icone instagram site\" class=\"wp-image-504\" style=\"width:69px;height:auto\" srcset=\"https:\/\/www.mic31.fr\/wordpress\/wp-content\/uploads\/2016\/10\/icone-instagram-site-300x300.png 300w, https:\/\/www.mic31.fr\/wordpress\/wp-content\/uploads\/2016\/10\/icone-instagram-site-150x150.png 150w, https:\/\/www.mic31.fr\/wordpress\/wp-content\/uploads\/2016\/10\/icone-instagram-site-200x200.png 200w, https:\/\/www.mic31.fr\/wordpress\/wp-content\/uploads\/2016\/10\/icone-instagram-site.png 400w\" sizes=\"auto, (max-width: 300px) 100vw, 300px\" \/><\/a><\/figure>\n<\/div><\/div><\/div>\n","protected":false},"excerpt":{"rendered":"<p>D\u00e8s son plus jeune \u00e2ge, Sofia se d\u00e9couvre une passion pour la musique, l\u2019\u00e9criture de po\u00e8mes et l\u2019art en g\u00e9n\u00e9ral. A l\u2019\u00e2ge de [&hellip;]<\/p>\n","protected":false},"author":1,"featured_media":0,"parent":1052,"menu_order":0,"comment_status":"closed","ping_status":"closed","template":"","meta":{"footnotes":""},"class_list":["post-3307","page","type-page","status-publish","hentry"],"yoast_head":"<!-- This site is optimized with the Yoast SEO plugin v24.1 - https:\/\/yoast.com\/wordpress\/plugins\/seo\/ -->\n<title>Sofia- Piano -<\/title>\n<meta name=\"description\" content=\"Bienvenue chez Music Institute and Culture, \u00e9cole de musique \u00e0 Colomiers\" \/>\n<meta name=\"robots\" content=\"index, follow, max-snippet:-1, max-image-preview:large, max-video-preview:-1\" \/>\n<link rel=\"canonical\" href=\"https:\/\/www.mic31.fr\/index.php\/les-cours\/piano-2\/sofia-piano\/\" \/>\n<meta property=\"og:locale\" content=\"fr_FR\" \/>\n<meta property=\"og:type\" content=\"article\" \/>\n<meta property=\"og:title\" content=\"Sofia- Piano -\" \/>\n<meta property=\"og:description\" content=\"Bienvenue chez Music Institute and Culture, \u00e9cole de musique \u00e0 Colomiers\" \/>\n<meta property=\"og:url\" content=\"https:\/\/www.mic31.fr\/index.php\/les-cours\/piano-2\/sofia-piano\/\" \/>\n<meta property=\"article:publisher\" content=\"https:\/\/www.facebook.com\/musicinstituteandculture\/\" \/>\n<meta property=\"article:modified_time\" content=\"2025-10-26T14:49:54+00:00\" \/>\n<meta property=\"og:image\" content=\"https:\/\/www.mic31.fr\/wordpress\/wp-content\/uploads\/2025\/10\/Sofia-819x1024.jpeg\" \/>\n<meta name=\"twitter:card\" content=\"summary_large_image\" \/>\n<meta name=\"twitter:site\" content=\"@assomic31\" \/>\n<meta name=\"twitter:label1\" content=\"Dur\u00e9e de lecture estim\u00e9e\" \/>\n\t<meta name=\"twitter:data1\" content=\"3 minutes\" \/>\n<script type=\"application\/ld+json\" class=\"yoast-schema-graph\">{\"@context\":\"https:\/\/schema.org\",\"@graph\":[{\"@type\":\"WebPage\",\"@id\":\"https:\/\/www.mic31.fr\/index.php\/les-cours\/piano-2\/sofia-piano\/\",\"url\":\"https:\/\/www.mic31.fr\/index.php\/les-cours\/piano-2\/sofia-piano\/\",\"name\":\"Sofia- Piano -\",\"isPartOf\":{\"@id\":\"http:\/\/www.mic31.fr\/#website\"},\"primaryImageOfPage\":{\"@id\":\"https:\/\/www.mic31.fr\/index.php\/les-cours\/piano-2\/sofia-piano\/#primaryimage\"},\"image\":{\"@id\":\"https:\/\/www.mic31.fr\/index.php\/les-cours\/piano-2\/sofia-piano\/#primaryimage\"},\"thumbnailUrl\":\"https:\/\/www.mic31.fr\/wordpress\/wp-content\/uploads\/2025\/10\/Sofia-819x1024.jpeg\",\"datePublished\":\"2024-08-30T17:11:36+00:00\",\"dateModified\":\"2025-10-26T14:49:54+00:00\",\"description\":\"Bienvenue chez Music Institute and Culture, \u00e9cole de musique \u00e0 Colomiers\",\"breadcrumb\":{\"@id\":\"https:\/\/www.mic31.fr\/index.php\/les-cours\/piano-2\/sofia-piano\/#breadcrumb\"},\"inLanguage\":\"fr-FR\",\"potentialAction\":[{\"@type\":\"ReadAction\",\"target\":[\"https:\/\/www.mic31.fr\/index.php\/les-cours\/piano-2\/sofia-piano\/\"]}]},{\"@type\":\"ImageObject\",\"inLanguage\":\"fr-FR\",\"@id\":\"https:\/\/www.mic31.fr\/index.php\/les-cours\/piano-2\/sofia-piano\/#primaryimage\",\"url\":\"https:\/\/www.mic31.fr\/wordpress\/wp-content\/uploads\/2025\/10\/Sofia-819x1024.jpeg\",\"contentUrl\":\"https:\/\/www.mic31.fr\/wordpress\/wp-content\/uploads\/2025\/10\/Sofia-819x1024.jpeg\"},{\"@type\":\"BreadcrumbList\",\"@id\":\"https:\/\/www.mic31.fr\/index.php\/les-cours\/piano-2\/sofia-piano\/#breadcrumb\",\"itemListElement\":[{\"@type\":\"ListItem\",\"position\":1,\"name\":\"Accueil\",\"item\":\"http:\/\/www.mic31.fr\/\"},{\"@type\":\"ListItem\",\"position\":2,\"name\":\"Les enseignements\",\"item\":\"https:\/\/www.mic31.fr\/index.php\/les-cours\/\"},{\"@type\":\"ListItem\",\"position\":3,\"name\":\"Piano\",\"item\":\"https:\/\/www.mic31.fr\/index.php\/les-cours\/piano-2\/\"},{\"@type\":\"ListItem\",\"position\":4,\"name\":\"Sofia- Piano\"}]},{\"@type\":\"WebSite\",\"@id\":\"http:\/\/www.mic31.fr\/#website\",\"url\":\"http:\/\/www.mic31.fr\/\",\"name\":\"Music Institute and Culture\",\"description\":\"\",\"publisher\":{\"@id\":\"http:\/\/www.mic31.fr\/#organization\"},\"potentialAction\":[{\"@type\":\"SearchAction\",\"target\":{\"@type\":\"EntryPoint\",\"urlTemplate\":\"http:\/\/www.mic31.fr\/?s={search_term_string}\"},\"query-input\":{\"@type\":\"PropertyValueSpecification\",\"valueRequired\":true,\"valueName\":\"search_term_string\"}}],\"inLanguage\":\"fr-FR\"},{\"@type\":\"Organization\",\"@id\":\"http:\/\/www.mic31.fr\/#organization\",\"name\":\"Music institute and Culture\",\"url\":\"http:\/\/www.mic31.fr\/\",\"logo\":{\"@type\":\"ImageObject\",\"inLanguage\":\"fr-FR\",\"@id\":\"http:\/\/www.mic31.fr\/#\/schema\/logo\/image\/\",\"url\":\"http:\/\/www.mic31.fr\/wordpress\/wp-content\/uploads\/2016\/10\/cropped-cropped-Flyer-asso-MIC-v8-copie.jpg\",\"contentUrl\":\"http:\/\/www.mic31.fr\/wordpress\/wp-content\/uploads\/2016\/10\/cropped-cropped-Flyer-asso-MIC-v8-copie.jpg\",\"width\":512,\"height\":512,\"caption\":\"Music institute and Culture\"},\"image\":{\"@id\":\"http:\/\/www.mic31.fr\/#\/schema\/logo\/image\/\"},\"sameAs\":[\"https:\/\/www.facebook.com\/musicinstituteandculture\/\",\"https:\/\/x.com\/assomic31\",\"https:\/\/www.instagram.com\/assomic31\/\"]}]}<\/script>\n<!-- \/ Yoast SEO plugin. -->","yoast_head_json":{"title":"Sofia- Piano -","description":"Bienvenue chez Music Institute and Culture, \u00e9cole de musique \u00e0 Colomiers","robots":{"index":"index","follow":"follow","max-snippet":"max-snippet:-1","max-image-preview":"max-image-preview:large","max-video-preview":"max-video-preview:-1"},"canonical":"https:\/\/www.mic31.fr\/index.php\/les-cours\/piano-2\/sofia-piano\/","og_locale":"fr_FR","og_type":"article","og_title":"Sofia- Piano -","og_description":"Bienvenue chez Music Institute and Culture, \u00e9cole de musique \u00e0 Colomiers","og_url":"https:\/\/www.mic31.fr\/index.php\/les-cours\/piano-2\/sofia-piano\/","article_publisher":"https:\/\/www.facebook.com\/musicinstituteandculture\/","article_modified_time":"2025-10-26T14:49:54+00:00","og_image":[{"url":"https:\/\/www.mic31.fr\/wordpress\/wp-content\/uploads\/2025\/10\/Sofia-819x1024.jpeg","type":"","width":"","height":""}],"twitter_card":"summary_large_image","twitter_site":"@assomic31","twitter_misc":{"Dur\u00e9e de lecture estim\u00e9e":"3 minutes"},"schema":{"@context":"https:\/\/schema.org","@graph":[{"@type":"WebPage","@id":"https:\/\/www.mic31.fr\/index.php\/les-cours\/piano-2\/sofia-piano\/","url":"https:\/\/www.mic31.fr\/index.php\/les-cours\/piano-2\/sofia-piano\/","name":"Sofia- Piano -","isPartOf":{"@id":"http:\/\/www.mic31.fr\/#website"},"primaryImageOfPage":{"@id":"https:\/\/www.mic31.fr\/index.php\/les-cours\/piano-2\/sofia-piano\/#primaryimage"},"image":{"@id":"https:\/\/www.mic31.fr\/index.php\/les-cours\/piano-2\/sofia-piano\/#primaryimage"},"thumbnailUrl":"https:\/\/www.mic31.fr\/wordpress\/wp-content\/uploads\/2025\/10\/Sofia-819x1024.jpeg","datePublished":"2024-08-30T17:11:36+00:00","dateModified":"2025-10-26T14:49:54+00:00","description":"Bienvenue chez Music Institute and Culture, \u00e9cole de musique \u00e0 Colomiers","breadcrumb":{"@id":"https:\/\/www.mic31.fr\/index.php\/les-cours\/piano-2\/sofia-piano\/#breadcrumb"},"inLanguage":"fr-FR","potentialAction":[{"@type":"ReadAction","target":["https:\/\/www.mic31.fr\/index.php\/les-cours\/piano-2\/sofia-piano\/"]}]},{"@type":"ImageObject","inLanguage":"fr-FR","@id":"https:\/\/www.mic31.fr\/index.php\/les-cours\/piano-2\/sofia-piano\/#primaryimage","url":"https:\/\/www.mic31.fr\/wordpress\/wp-content\/uploads\/2025\/10\/Sofia-819x1024.jpeg","contentUrl":"https:\/\/www.mic31.fr\/wordpress\/wp-content\/uploads\/2025\/10\/Sofia-819x1024.jpeg"},{"@type":"BreadcrumbList","@id":"https:\/\/www.mic31.fr\/index.php\/les-cours\/piano-2\/sofia-piano\/#breadcrumb","itemListElement":[{"@type":"ListItem","position":1,"name":"Accueil","item":"http:\/\/www.mic31.fr\/"},{"@type":"ListItem","position":2,"name":"Les enseignements","item":"https:\/\/www.mic31.fr\/index.php\/les-cours\/"},{"@type":"ListItem","position":3,"name":"Piano","item":"https:\/\/www.mic31.fr\/index.php\/les-cours\/piano-2\/"},{"@type":"ListItem","position":4,"name":"Sofia- Piano"}]},{"@type":"WebSite","@id":"http:\/\/www.mic31.fr\/#website","url":"http:\/\/www.mic31.fr\/","name":"Music Institute and Culture","description":"","publisher":{"@id":"http:\/\/www.mic31.fr\/#organization"},"potentialAction":[{"@type":"SearchAction","target":{"@type":"EntryPoint","urlTemplate":"http:\/\/www.mic31.fr\/?s={search_term_string}"},"query-input":{"@type":"PropertyValueSpecification","valueRequired":true,"valueName":"search_term_string"}}],"inLanguage":"fr-FR"},{"@type":"Organization","@id":"http:\/\/www.mic31.fr\/#organization","name":"Music institute and Culture","url":"http:\/\/www.mic31.fr\/","logo":{"@type":"ImageObject","inLanguage":"fr-FR","@id":"http:\/\/www.mic31.fr\/#\/schema\/logo\/image\/","url":"http:\/\/www.mic31.fr\/wordpress\/wp-content\/uploads\/2016\/10\/cropped-cropped-Flyer-asso-MIC-v8-copie.jpg","contentUrl":"http:\/\/www.mic31.fr\/wordpress\/wp-content\/uploads\/2016\/10\/cropped-cropped-Flyer-asso-MIC-v8-copie.jpg","width":512,"height":512,"caption":"Music institute and Culture"},"image":{"@id":"http:\/\/www.mic31.fr\/#\/schema\/logo\/image\/"},"sameAs":["https:\/\/www.facebook.com\/musicinstituteandculture\/","https:\/\/x.com\/assomic31","https:\/\/www.instagram.com\/assomic31\/"]}]}},"_links":{"self":[{"href":"https:\/\/www.mic31.fr\/index.php\/wp-json\/wp\/v2\/pages\/3307","targetHints":{"allow":["GET"]}}],"collection":[{"href":"https:\/\/www.mic31.fr\/index.php\/wp-json\/wp\/v2\/pages"}],"about":[{"href":"https:\/\/www.mic31.fr\/index.php\/wp-json\/wp\/v2\/types\/page"}],"author":[{"embeddable":true,"href":"https:\/\/www.mic31.fr\/index.php\/wp-json\/wp\/v2\/users\/1"}],"replies":[{"embeddable":true,"href":"https:\/\/www.mic31.fr\/index.php\/wp-json\/wp\/v2\/comments?post=3307"}],"version-history":[{"count":5,"href":"https:\/\/www.mic31.fr\/index.php\/wp-json\/wp\/v2\/pages\/3307\/revisions"}],"predecessor-version":[{"id":4410,"href":"https:\/\/www.mic31.fr\/index.php\/wp-json\/wp\/v2\/pages\/3307\/revisions\/4410"}],"up":[{"embeddable":true,"href":"https:\/\/www.mic31.fr\/index.php\/wp-json\/wp\/v2\/pages\/1052"}],"wp:attachment":[{"href":"https:\/\/www.mic31.fr\/index.php\/wp-json\/wp\/v2\/media?parent=3307"}],"curies":[{"name":"wp","href":"https:\/\/api.w.org\/{rel}","templated":true}]}}