{"id":3113,"date":"2024-06-27T10:52:59","date_gmt":"2024-06-27T08:52:59","guid":{"rendered":"https:\/\/www.mic31.fr\/?page_id=3113"},"modified":"2025-06-18T21:45:03","modified_gmt":"2025-06-18T19:45:03","slug":"session-chorale","status":"publish","type":"page","link":"https:\/\/www.mic31.fr\/index.php\/rdv-musicaux\/session-chorale\/","title":{"rendered":"Session chorale"},"content":{"rendered":"<div class=\"wp-block-image\">\n<figure class=\"aligncenter size-large is-resized\"><img loading=\"lazy\" decoding=\"async\" width=\"724\" height=\"1024\" src=\"https:\/\/www.mic31.fr\/wordpress\/wp-content\/uploads\/2025\/06\/Chorale-724x1024.jpg\" alt=\"\" class=\"wp-image-3892\" style=\"width:450px;height:auto\" srcset=\"https:\/\/www.mic31.fr\/wordpress\/wp-content\/uploads\/2025\/06\/Chorale-724x1024.jpg 724w, https:\/\/www.mic31.fr\/wordpress\/wp-content\/uploads\/2025\/06\/Chorale-212x300.jpg 212w, https:\/\/www.mic31.fr\/wordpress\/wp-content\/uploads\/2025\/06\/Chorale-768x1086.jpg 768w, https:\/\/www.mic31.fr\/wordpress\/wp-content\/uploads\/2025\/06\/Chorale-1086x1536.jpg 1086w, https:\/\/www.mic31.fr\/wordpress\/wp-content\/uploads\/2025\/06\/Chorale.jpg 1414w\" sizes=\"auto, (max-width: 724px) 100vw, 724px\" \/><\/figure>\n<\/div>\n\n\n<p><\/p>\n\n\n\n<p class=\"has-text-align-center has-medium-font-size\"><strong>Le chant de groupe, \u00e7a cr\u00e9e vraiment une coh\u00e9sion, une \u00e9quipe, des d\u00e9couvertes et surtout, un partage autour d\u2019une passion que nous avons tous : la musique !<\/strong><\/p>\n\n\n\n<p class=\"has-text-align-center has-medium-font-size\">Pauline vous propose pour la saison 2025\/26, une exploration de diff\u00e9rents styles musicaux et d&rsquo;artistes aussi talentueux&nbsp;qu&rsquo;incroyables. Pour chaque style musical, un artiste de r\u00e9f\u00e9rence sera revisit\u00e9 en version moderne autour d&rsquo;un medley ou d&rsquo;une chanson phare.&nbsp;<\/p>\n\n\n\n<p class=\"has-medium-font-size\">Jazz : Nina Simone<br>Rock N Roll : Elvis Presley<br>Soul : Aretha Franklin<br>Rock : Queen<br>Funk : Stevie Wonder<br>Electro : Daft Punk<br>Rnb : Beyonce<br>Pop : Lady Gaga<\/p>\n\n\n\n<p class=\"has-text-align-center has-medium-font-size\"><strong>La chorale c&rsquo;est une session de 2h, un samedi sur deux \u00a0de 14H \u00e0 16H, en dehors des p\u00e9riodes scolaires.<\/strong>\u00a0<\/p>\n\n\n\n<p class=\"has-text-align-center has-medium-font-size\">\u00a0____________________________________________________________________<\/p>\n\n\n\n<p class=\"has-medium-font-size\"><strong>15 \u20ac, la s\u00e9ance d&rsquo;essai pour les adh\u00e9rents. ( 25 \u20ac pour les ext\u00e9rieurs ) SAMEDI 6 SEPTEMBRE<\/strong><\/p>\n\n\n\n<p class=\"has-medium-font-size\"><em><u>P\u00e9riode 1 :&nbsp;<\/u><\/em><\/p>\n\n\n\n<p class=\"has-medium-font-size\">6 s\u00e9ances : &nbsp;6 et 20 septembre \/ 4 et 18 octobre \/ &nbsp;8 et 22 novembre<\/p>\n\n\n\n<p class=\"has-medium-font-size\">90 \u20ac pour les adh\u00e9rents ( 130 \u20ac pour les non-adh\u00e9rents )&nbsp;<\/p>\n\n\n\n<p class=\"has-medium-font-size\"><em><u>P\u00e9riode 2 :&nbsp;<\/u><\/em><\/p>\n\n\n\n<p class=\"has-medium-font-size\">6 s\u00e9ances : 6 et 20 d\u00e9cembre \/ 19 et 24 janvier \/ &nbsp;7 et 21 f\u00e9vrier<\/p>\n\n\n\n<p class=\"has-medium-font-size\">90 \u20ac pour les adh\u00e9rents ( 130 \u20ac pour les non-adh\u00e9rents )<\/p>\n\n\n\n<p class=\"has-medium-font-size\"><em><u>P\u00e9riode 3 &nbsp;:<\/u><\/em>&nbsp;<\/p>\n\n\n\n<p class=\"has-medium-font-size\">8 s\u00e9ances : 7 et 21 mars \/ 4 et 18 avril \/ 9 et 23 mai \/ &nbsp;6 et 20 juin&nbsp;<\/p>\n\n\n\n<p class=\"has-medium-font-size\">120 \u20ac pour les adh\u00e9rents ( 170 \u20ac pour les non-adh\u00e9rents )&nbsp;<\/p>\n\n\n\n<p class=\"has-medium-font-size\">40H \u00e0 l\u2019ann\u00e9e soit 300 \u20ac l\u2019ann\u00e9e pour les adh\u00e9rents ou 430 \u20ac pour les adh\u00e9rents&nbsp;<\/p>\n\n\n\n<p class=\"has-medium-font-size\">Restitution en public autour d\u00a0\u00bbun rendez-vous musical minimum dans l&rsquo;ann\u00e9e&nbsp;<\/p>\n\n\n\n<p class=\"has-text-align-center has-medium-font-size\">Infos, r\u00e9servations : <a href=\"mailto:assomic31@gmail.com\">assomic31@gmail.com<\/a><\/p>\n\n\n\n<p class=\"has-text-align-center\">__________________________________________________________________________<\/p>\n\n\n\n<p class=\"has-text-align-center has-medium-font-size\"><strong>Retrouvez nous sur vos r\u00e9seaux sociaux pr\u00e9f\u00e9r\u00e9s pour suivre notre actualit\u00e9 : <\/strong><\/p>\n\n\n<div class=\"wp-block-image\">\n<figure class=\"aligncenter is-resized\"><a href=\"https:\/\/www.facebook.com\/musicinstituteandculture\/\" target=\"_blank\" rel=\"noreferrer noopener\"><img loading=\"lazy\" decoding=\"async\" width=\"300\" height=\"300\" src=\"http:\/\/www.mic31.fr\/wordpress\/wp-content\/uploads\/2016\/10\/icone-facebook-site-300x300.png\" alt=\"icone facebook site\" class=\"wp-image-506\" style=\"width:66px;height:auto\" srcset=\"https:\/\/www.mic31.fr\/wordpress\/wp-content\/uploads\/2016\/10\/icone-facebook-site-300x300.png 300w, https:\/\/www.mic31.fr\/wordpress\/wp-content\/uploads\/2016\/10\/icone-facebook-site-150x150.png 150w, https:\/\/www.mic31.fr\/wordpress\/wp-content\/uploads\/2016\/10\/icone-facebook-site-200x200.png 200w, https:\/\/www.mic31.fr\/wordpress\/wp-content\/uploads\/2016\/10\/icone-facebook-site.png 626w\" sizes=\"auto, (max-width: 300px) 100vw, 300px\" \/><\/a><\/figure>\n<\/div>\n\n\n<p><\/p>\n\n\n\n<div class=\"wp-block-group\"><div class=\"wp-block-group__inner-container is-layout-constrained wp-block-group-is-layout-constrained\"><div class=\"wp-block-image\">\n<figure class=\"aligncenter is-resized\"><a href=\"https:\/\/www.instagram.com\/assomic31\/\" target=\"_blank\" rel=\"noreferrer noopener\"><img loading=\"lazy\" decoding=\"async\" width=\"300\" height=\"300\" src=\"http:\/\/www.mic31.fr\/wordpress\/wp-content\/uploads\/2016\/10\/icone-instagram-site-300x300.png\" alt=\"icone instagram site\" class=\"wp-image-504\" style=\"width:69px;height:auto\" srcset=\"https:\/\/www.mic31.fr\/wordpress\/wp-content\/uploads\/2016\/10\/icone-instagram-site-300x300.png 300w, https:\/\/www.mic31.fr\/wordpress\/wp-content\/uploads\/2016\/10\/icone-instagram-site-150x150.png 150w, https:\/\/www.mic31.fr\/wordpress\/wp-content\/uploads\/2016\/10\/icone-instagram-site-200x200.png 200w, https:\/\/www.mic31.fr\/wordpress\/wp-content\/uploads\/2016\/10\/icone-instagram-site.png 400w\" sizes=\"auto, (max-width: 300px) 100vw, 300px\" \/><\/a><\/figure>\n<\/div><\/div><\/div>\n","protected":false},"excerpt":{"rendered":"<p>Le chant de groupe, \u00e7a cr\u00e9e vraiment une coh\u00e9sion, une \u00e9quipe, des d\u00e9couvertes et surtout, un partage autour d\u2019une passion que nous avons [&hellip;]<\/p>\n","protected":false},"author":1,"featured_media":0,"parent":3110,"menu_order":0,"comment_status":"closed","ping_status":"closed","template":"","meta":{"footnotes":""},"class_list":["post-3113","page","type-page","status-publish","hentry"],"yoast_head":"<!-- This site is optimized with the Yoast SEO plugin v24.1 - https:\/\/yoast.com\/wordpress\/plugins\/seo\/ -->\n<title>Session chorale -<\/title>\n<meta name=\"description\" content=\"Bienvenue chez Music Institute and Culture, \u00e9cole de musique \u00e0 Colomiers\" \/>\n<meta name=\"robots\" content=\"index, follow, max-snippet:-1, max-image-preview:large, max-video-preview:-1\" \/>\n<link rel=\"canonical\" href=\"http:\/\/www.mic31.fr\/index.php\/rdv-musicaux\/session-chorale\/\" \/>\n<meta property=\"og:locale\" content=\"fr_FR\" \/>\n<meta property=\"og:type\" content=\"article\" \/>\n<meta property=\"og:title\" content=\"Session chorale -\" \/>\n<meta property=\"og:description\" content=\"Bienvenue chez Music Institute and Culture, \u00e9cole de musique \u00e0 Colomiers\" \/>\n<meta property=\"og:url\" content=\"http:\/\/www.mic31.fr\/index.php\/rdv-musicaux\/session-chorale\/\" \/>\n<meta property=\"article:publisher\" content=\"https:\/\/www.facebook.com\/musicinstituteandculture\/\" \/>\n<meta property=\"article:modified_time\" content=\"2025-06-18T19:45:03+00:00\" \/>\n<meta property=\"og:image\" content=\"https:\/\/www.mic31.fr\/wordpress\/wp-content\/uploads\/2025\/06\/Chorale-724x1024.jpg\" \/>\n<meta name=\"twitter:card\" content=\"summary_large_image\" \/>\n<meta name=\"twitter:site\" content=\"@assomic31\" \/>\n<meta name=\"twitter:label1\" content=\"Dur\u00e9e de lecture estim\u00e9e\" \/>\n\t<meta name=\"twitter:data1\" content=\"2 minutes\" \/>\n<script type=\"application\/ld+json\" class=\"yoast-schema-graph\">{\"@context\":\"https:\/\/schema.org\",\"@graph\":[{\"@type\":\"WebPage\",\"@id\":\"http:\/\/www.mic31.fr\/index.php\/rdv-musicaux\/session-chorale\/\",\"url\":\"http:\/\/www.mic31.fr\/index.php\/rdv-musicaux\/session-chorale\/\",\"name\":\"Session chorale -\",\"isPartOf\":{\"@id\":\"http:\/\/www.mic31.fr\/#website\"},\"primaryImageOfPage\":{\"@id\":\"http:\/\/www.mic31.fr\/index.php\/rdv-musicaux\/session-chorale\/#primaryimage\"},\"image\":{\"@id\":\"http:\/\/www.mic31.fr\/index.php\/rdv-musicaux\/session-chorale\/#primaryimage\"},\"thumbnailUrl\":\"https:\/\/www.mic31.fr\/wordpress\/wp-content\/uploads\/2025\/06\/Chorale-724x1024.jpg\",\"datePublished\":\"2024-06-27T08:52:59+00:00\",\"dateModified\":\"2025-06-18T19:45:03+00:00\",\"description\":\"Bienvenue chez Music Institute and Culture, \u00e9cole de musique \u00e0 Colomiers\",\"breadcrumb\":{\"@id\":\"http:\/\/www.mic31.fr\/index.php\/rdv-musicaux\/session-chorale\/#breadcrumb\"},\"inLanguage\":\"fr-FR\",\"potentialAction\":[{\"@type\":\"ReadAction\",\"target\":[\"http:\/\/www.mic31.fr\/index.php\/rdv-musicaux\/session-chorale\/\"]}]},{\"@type\":\"ImageObject\",\"inLanguage\":\"fr-FR\",\"@id\":\"http:\/\/www.mic31.fr\/index.php\/rdv-musicaux\/session-chorale\/#primaryimage\",\"url\":\"https:\/\/www.mic31.fr\/wordpress\/wp-content\/uploads\/2025\/06\/Chorale-724x1024.jpg\",\"contentUrl\":\"https:\/\/www.mic31.fr\/wordpress\/wp-content\/uploads\/2025\/06\/Chorale-724x1024.jpg\"},{\"@type\":\"BreadcrumbList\",\"@id\":\"http:\/\/www.mic31.fr\/index.php\/rdv-musicaux\/session-chorale\/#breadcrumb\",\"itemListElement\":[{\"@type\":\"ListItem\",\"position\":1,\"name\":\"Accueil\",\"item\":\"http:\/\/www.mic31.fr\/\"},{\"@type\":\"ListItem\",\"position\":2,\"name\":\"RDV Musicaux\",\"item\":\"https:\/\/www.mic31.fr\/index.php\/rdv-musicaux\/\"},{\"@type\":\"ListItem\",\"position\":3,\"name\":\"Session chorale\"}]},{\"@type\":\"WebSite\",\"@id\":\"http:\/\/www.mic31.fr\/#website\",\"url\":\"http:\/\/www.mic31.fr\/\",\"name\":\"Music Institute and Culture\",\"description\":\"\",\"publisher\":{\"@id\":\"http:\/\/www.mic31.fr\/#organization\"},\"potentialAction\":[{\"@type\":\"SearchAction\",\"target\":{\"@type\":\"EntryPoint\",\"urlTemplate\":\"http:\/\/www.mic31.fr\/?s={search_term_string}\"},\"query-input\":{\"@type\":\"PropertyValueSpecification\",\"valueRequired\":true,\"valueName\":\"search_term_string\"}}],\"inLanguage\":\"fr-FR\"},{\"@type\":\"Organization\",\"@id\":\"http:\/\/www.mic31.fr\/#organization\",\"name\":\"Music institute and Culture\",\"url\":\"http:\/\/www.mic31.fr\/\",\"logo\":{\"@type\":\"ImageObject\",\"inLanguage\":\"fr-FR\",\"@id\":\"http:\/\/www.mic31.fr\/#\/schema\/logo\/image\/\",\"url\":\"http:\/\/www.mic31.fr\/wordpress\/wp-content\/uploads\/2016\/10\/cropped-cropped-Flyer-asso-MIC-v8-copie.jpg\",\"contentUrl\":\"http:\/\/www.mic31.fr\/wordpress\/wp-content\/uploads\/2016\/10\/cropped-cropped-Flyer-asso-MIC-v8-copie.jpg\",\"width\":512,\"height\":512,\"caption\":\"Music institute and Culture\"},\"image\":{\"@id\":\"http:\/\/www.mic31.fr\/#\/schema\/logo\/image\/\"},\"sameAs\":[\"https:\/\/www.facebook.com\/musicinstituteandculture\/\",\"https:\/\/x.com\/assomic31\",\"https:\/\/www.instagram.com\/assomic31\/\"]}]}<\/script>\n<!-- \/ Yoast SEO plugin. -->","yoast_head_json":{"title":"Session chorale -","description":"Bienvenue chez Music Institute and Culture, \u00e9cole de musique \u00e0 Colomiers","robots":{"index":"index","follow":"follow","max-snippet":"max-snippet:-1","max-image-preview":"max-image-preview:large","max-video-preview":"max-video-preview:-1"},"canonical":"http:\/\/www.mic31.fr\/index.php\/rdv-musicaux\/session-chorale\/","og_locale":"fr_FR","og_type":"article","og_title":"Session chorale -","og_description":"Bienvenue chez Music Institute and Culture, \u00e9cole de musique \u00e0 Colomiers","og_url":"http:\/\/www.mic31.fr\/index.php\/rdv-musicaux\/session-chorale\/","article_publisher":"https:\/\/www.facebook.com\/musicinstituteandculture\/","article_modified_time":"2025-06-18T19:45:03+00:00","og_image":[{"url":"https:\/\/www.mic31.fr\/wordpress\/wp-content\/uploads\/2025\/06\/Chorale-724x1024.jpg","type":"","width":"","height":""}],"twitter_card":"summary_large_image","twitter_site":"@assomic31","twitter_misc":{"Dur\u00e9e de lecture estim\u00e9e":"2 minutes"},"schema":{"@context":"https:\/\/schema.org","@graph":[{"@type":"WebPage","@id":"http:\/\/www.mic31.fr\/index.php\/rdv-musicaux\/session-chorale\/","url":"http:\/\/www.mic31.fr\/index.php\/rdv-musicaux\/session-chorale\/","name":"Session chorale -","isPartOf":{"@id":"http:\/\/www.mic31.fr\/#website"},"primaryImageOfPage":{"@id":"http:\/\/www.mic31.fr\/index.php\/rdv-musicaux\/session-chorale\/#primaryimage"},"image":{"@id":"http:\/\/www.mic31.fr\/index.php\/rdv-musicaux\/session-chorale\/#primaryimage"},"thumbnailUrl":"https:\/\/www.mic31.fr\/wordpress\/wp-content\/uploads\/2025\/06\/Chorale-724x1024.jpg","datePublished":"2024-06-27T08:52:59+00:00","dateModified":"2025-06-18T19:45:03+00:00","description":"Bienvenue chez Music Institute and Culture, \u00e9cole de musique \u00e0 Colomiers","breadcrumb":{"@id":"http:\/\/www.mic31.fr\/index.php\/rdv-musicaux\/session-chorale\/#breadcrumb"},"inLanguage":"fr-FR","potentialAction":[{"@type":"ReadAction","target":["http:\/\/www.mic31.fr\/index.php\/rdv-musicaux\/session-chorale\/"]}]},{"@type":"ImageObject","inLanguage":"fr-FR","@id":"http:\/\/www.mic31.fr\/index.php\/rdv-musicaux\/session-chorale\/#primaryimage","url":"https:\/\/www.mic31.fr\/wordpress\/wp-content\/uploads\/2025\/06\/Chorale-724x1024.jpg","contentUrl":"https:\/\/www.mic31.fr\/wordpress\/wp-content\/uploads\/2025\/06\/Chorale-724x1024.jpg"},{"@type":"BreadcrumbList","@id":"http:\/\/www.mic31.fr\/index.php\/rdv-musicaux\/session-chorale\/#breadcrumb","itemListElement":[{"@type":"ListItem","position":1,"name":"Accueil","item":"http:\/\/www.mic31.fr\/"},{"@type":"ListItem","position":2,"name":"RDV Musicaux","item":"https:\/\/www.mic31.fr\/index.php\/rdv-musicaux\/"},{"@type":"ListItem","position":3,"name":"Session chorale"}]},{"@type":"WebSite","@id":"http:\/\/www.mic31.fr\/#website","url":"http:\/\/www.mic31.fr\/","name":"Music Institute and Culture","description":"","publisher":{"@id":"http:\/\/www.mic31.fr\/#organization"},"potentialAction":[{"@type":"SearchAction","target":{"@type":"EntryPoint","urlTemplate":"http:\/\/www.mic31.fr\/?s={search_term_string}"},"query-input":{"@type":"PropertyValueSpecification","valueRequired":true,"valueName":"search_term_string"}}],"inLanguage":"fr-FR"},{"@type":"Organization","@id":"http:\/\/www.mic31.fr\/#organization","name":"Music institute and Culture","url":"http:\/\/www.mic31.fr\/","logo":{"@type":"ImageObject","inLanguage":"fr-FR","@id":"http:\/\/www.mic31.fr\/#\/schema\/logo\/image\/","url":"http:\/\/www.mic31.fr\/wordpress\/wp-content\/uploads\/2016\/10\/cropped-cropped-Flyer-asso-MIC-v8-copie.jpg","contentUrl":"http:\/\/www.mic31.fr\/wordpress\/wp-content\/uploads\/2016\/10\/cropped-cropped-Flyer-asso-MIC-v8-copie.jpg","width":512,"height":512,"caption":"Music institute and Culture"},"image":{"@id":"http:\/\/www.mic31.fr\/#\/schema\/logo\/image\/"},"sameAs":["https:\/\/www.facebook.com\/musicinstituteandculture\/","https:\/\/x.com\/assomic31","https:\/\/www.instagram.com\/assomic31\/"]}]}},"_links":{"self":[{"href":"https:\/\/www.mic31.fr\/index.php\/wp-json\/wp\/v2\/pages\/3113","targetHints":{"allow":["GET"]}}],"collection":[{"href":"https:\/\/www.mic31.fr\/index.php\/wp-json\/wp\/v2\/pages"}],"about":[{"href":"https:\/\/www.mic31.fr\/index.php\/wp-json\/wp\/v2\/types\/page"}],"author":[{"embeddable":true,"href":"https:\/\/www.mic31.fr\/index.php\/wp-json\/wp\/v2\/users\/1"}],"replies":[{"embeddable":true,"href":"https:\/\/www.mic31.fr\/index.php\/wp-json\/wp\/v2\/comments?post=3113"}],"version-history":[{"count":16,"href":"https:\/\/www.mic31.fr\/index.php\/wp-json\/wp\/v2\/pages\/3113\/revisions"}],"predecessor-version":[{"id":3900,"href":"https:\/\/www.mic31.fr\/index.php\/wp-json\/wp\/v2\/pages\/3113\/revisions\/3900"}],"up":[{"embeddable":true,"href":"https:\/\/www.mic31.fr\/index.php\/wp-json\/wp\/v2\/pages\/3110"}],"wp:attachment":[{"href":"https:\/\/www.mic31.fr\/index.php\/wp-json\/wp\/v2\/media?parent=3113"}],"curies":[{"name":"wp","href":"https:\/\/api.w.org\/{rel}","templated":true}]}}