{"id":3107,"date":"2024-06-27T10:45:50","date_gmt":"2024-06-27T08:45:50","guid":{"rendered":"https:\/\/www.mic31.fr\/?page_id=3107"},"modified":"2025-10-26T16:09:57","modified_gmt":"2025-10-26T15:09:57","slug":"ateliers-2","status":"publish","type":"page","link":"https:\/\/www.mic31.fr\/index.php\/ateliers-2\/","title":{"rendered":"Ateliers"},"content":{"rendered":"\n<p class=\"has-text-align-center has-white-color has-luminous-vivid-amber-background-color has-text-color has-background has-link-color has-medium-font-size wp-elements-a769459e905161c9bf3a4bc170f9f8c1\"><strong>Retrouvez le programme des ateliers des vacances scolaires, ainsi que les archives de nos anciens ateliers ! <\/strong><\/p>\n\n\n\n<ul class=\"wp-block-list\">\n<li class=\"has-medium-font-size\"><a href=\"https:\/\/www.mic31.fr\/index.php\/ateliers-2\/ateliers-2025-2026\/\">Ateliers 2025\/2026<\/a><\/li>\n\n\n\n<li class=\"has-medium-font-size\"><a href=\"https:\/\/www.mic31.fr\/index.php\/ateliers-2024-2025\/\">Ateliers 2024\/2025<\/a><\/li>\n\n\n\n<li class=\"has-medium-font-size\"><a href=\"https:\/\/www.mic31.fr\/index.php\/ateliers-2023-2024\/\">Ateliers 2023\/2024<\/a> <\/li>\n\n\n\n<li class=\"has-medium-font-size\"><a href=\"https:\/\/www.mic31.fr\/index.php\/ateliers\/\">Ateliers 2022\/2023<\/a><\/li>\n<\/ul>\n\n\n<div class=\"wp-block-image\">\n<figure class=\"aligncenter size-large is-resized\"><img loading=\"lazy\" decoding=\"async\" width=\"768\" height=\"1024\" src=\"https:\/\/www.mic31.fr\/wordpress\/wp-content\/uploads\/2024\/06\/20240312_193504-768x1024.jpg\" alt=\"\" class=\"wp-image-3057\" style=\"width:355px;height:auto\" srcset=\"https:\/\/www.mic31.fr\/wordpress\/wp-content\/uploads\/2024\/06\/20240312_193504-768x1024.jpg 768w, https:\/\/www.mic31.fr\/wordpress\/wp-content\/uploads\/2024\/06\/20240312_193504-225x300.jpg 225w, https:\/\/www.mic31.fr\/wordpress\/wp-content\/uploads\/2024\/06\/20240312_193504-1152x1536.jpg 1152w, https:\/\/www.mic31.fr\/wordpress\/wp-content\/uploads\/2024\/06\/20240312_193504-1536x2048.jpg 1536w, https:\/\/www.mic31.fr\/wordpress\/wp-content\/uploads\/2024\/06\/20240312_193504-370x493.jpg 370w, https:\/\/www.mic31.fr\/wordpress\/wp-content\/uploads\/2024\/06\/20240312_193504-1040x1387.jpg 1040w, https:\/\/www.mic31.fr\/wordpress\/wp-content\/uploads\/2024\/06\/20240312_193504-scaled.jpg 1920w\" sizes=\"auto, (max-width: 768px) 100vw, 768px\" \/><\/figure>\n<\/div>\n\n\n<p><\/p>\n\n\n\n<div class=\"wp-block-group\"><div class=\"wp-block-group__inner-container is-layout-constrained wp-block-group-is-layout-constrained\">\n<div class=\"wp-block-columns is-layout-flex wp-container-core-columns-is-layout-9d6595d7 wp-block-columns-is-layout-flex\">\n<div class=\"wp-block-column is-layout-flow wp-block-column-is-layout-flow\" style=\"flex-basis:100%\">\n<p class=\"has-text-align-center has-medium-font-size\"><strong>Retrouvez nous sur vos r\u00e9seaux sociaux pr\u00e9f\u00e9r\u00e9s pour suivre notre actualit\u00e9 : <\/strong><\/p>\n\n\n<div class=\"wp-block-image\">\n<figure class=\"aligncenter is-resized\"><a href=\"https:\/\/www.facebook.com\/musicinstituteandculture\/\" target=\"_blank\" rel=\"noreferrer noopener\"><img loading=\"lazy\" decoding=\"async\" width=\"300\" height=\"300\" src=\"http:\/\/www.mic31.fr\/wordpress\/wp-content\/uploads\/2016\/10\/icone-facebook-site-300x300.png\" alt=\"icone facebook site\" class=\"wp-image-506\" style=\"width:66px;height:auto\" srcset=\"https:\/\/www.mic31.fr\/wordpress\/wp-content\/uploads\/2016\/10\/icone-facebook-site-300x300.png 300w, https:\/\/www.mic31.fr\/wordpress\/wp-content\/uploads\/2016\/10\/icone-facebook-site-150x150.png 150w, https:\/\/www.mic31.fr\/wordpress\/wp-content\/uploads\/2016\/10\/icone-facebook-site-200x200.png 200w, https:\/\/www.mic31.fr\/wordpress\/wp-content\/uploads\/2016\/10\/icone-facebook-site.png 626w\" sizes=\"auto, (max-width: 300px) 100vw, 300px\" \/><\/a><\/figure>\n<\/div>\n\n\n<p><\/p>\n\n\n\n<div class=\"wp-block-group\"><div class=\"wp-block-group__inner-container is-layout-constrained wp-block-group-is-layout-constrained\"><div class=\"wp-block-image\">\n<figure class=\"aligncenter is-resized\"><a href=\"https:\/\/www.instagram.com\/assomic31\/\" target=\"_blank\" rel=\"noreferrer noopener\"><img loading=\"lazy\" decoding=\"async\" width=\"300\" height=\"300\" src=\"http:\/\/www.mic31.fr\/wordpress\/wp-content\/uploads\/2016\/10\/icone-instagram-site-300x300.png\" alt=\"icone instagram site\" class=\"wp-image-504\" style=\"width:69px;height:auto\" srcset=\"https:\/\/www.mic31.fr\/wordpress\/wp-content\/uploads\/2016\/10\/icone-instagram-site-300x300.png 300w, https:\/\/www.mic31.fr\/wordpress\/wp-content\/uploads\/2016\/10\/icone-instagram-site-150x150.png 150w, https:\/\/www.mic31.fr\/wordpress\/wp-content\/uploads\/2016\/10\/icone-instagram-site-200x200.png 200w, https:\/\/www.mic31.fr\/wordpress\/wp-content\/uploads\/2016\/10\/icone-instagram-site.png 400w\" sizes=\"auto, (max-width: 300px) 100vw, 300px\" \/><\/a><\/figure>\n<\/div><\/div><\/div>\n<\/div>\n<\/div>\n<\/div><\/div>\n","protected":false},"excerpt":{"rendered":"<p>Retrouvez le programme des ateliers des vacances scolaires, ainsi que les archives de nos anciens ateliers ! Retrouvez nous sur vos r\u00e9seaux sociaux [&hellip;]<\/p>\n","protected":false},"author":1,"featured_media":0,"parent":0,"menu_order":0,"comment_status":"closed","ping_status":"closed","template":"","meta":{"footnotes":""},"class_list":["post-3107","page","type-page","status-publish","hentry"],"yoast_head":"<!-- This site is optimized with the Yoast SEO plugin v24.1 - https:\/\/yoast.com\/wordpress\/plugins\/seo\/ -->\n<title>Ateliers -<\/title>\n<meta name=\"description\" content=\"Bienvenue chez Music Institute and Culture, \u00e9cole de musique \u00e0 Colomiers\" \/>\n<meta name=\"robots\" content=\"index, follow, max-snippet:-1, max-image-preview:large, max-video-preview:-1\" \/>\n<link rel=\"canonical\" href=\"https:\/\/www.mic31.fr\/index.php\/ateliers-2\/\" \/>\n<meta property=\"og:locale\" content=\"fr_FR\" \/>\n<meta property=\"og:type\" content=\"article\" \/>\n<meta property=\"og:title\" content=\"Ateliers -\" \/>\n<meta property=\"og:description\" content=\"Bienvenue chez Music Institute and Culture, \u00e9cole de musique \u00e0 Colomiers\" \/>\n<meta property=\"og:url\" content=\"https:\/\/www.mic31.fr\/index.php\/ateliers-2\/\" \/>\n<meta property=\"article:publisher\" content=\"https:\/\/www.facebook.com\/musicinstituteandculture\/\" \/>\n<meta property=\"article:modified_time\" content=\"2025-10-26T15:09:57+00:00\" \/>\n<meta property=\"og:image\" content=\"https:\/\/www.mic31.fr\/wordpress\/wp-content\/uploads\/2024\/06\/20240312_193504-768x1024.jpg\" \/>\n<meta name=\"twitter:card\" content=\"summary_large_image\" \/>\n<meta name=\"twitter:site\" content=\"@assomic31\" \/>\n<meta name=\"twitter:label1\" content=\"Dur\u00e9e de lecture estim\u00e9e\" \/>\n\t<meta name=\"twitter:data1\" content=\"1 minute\" \/>\n<script type=\"application\/ld+json\" class=\"yoast-schema-graph\">{\"@context\":\"https:\/\/schema.org\",\"@graph\":[{\"@type\":\"WebPage\",\"@id\":\"https:\/\/www.mic31.fr\/index.php\/ateliers-2\/\",\"url\":\"https:\/\/www.mic31.fr\/index.php\/ateliers-2\/\",\"name\":\"Ateliers -\",\"isPartOf\":{\"@id\":\"http:\/\/www.mic31.fr\/#website\"},\"primaryImageOfPage\":{\"@id\":\"https:\/\/www.mic31.fr\/index.php\/ateliers-2\/#primaryimage\"},\"image\":{\"@id\":\"https:\/\/www.mic31.fr\/index.php\/ateliers-2\/#primaryimage\"},\"thumbnailUrl\":\"https:\/\/www.mic31.fr\/wordpress\/wp-content\/uploads\/2024\/06\/20240312_193504-768x1024.jpg\",\"datePublished\":\"2024-06-27T08:45:50+00:00\",\"dateModified\":\"2025-10-26T15:09:57+00:00\",\"description\":\"Bienvenue chez Music Institute and Culture, \u00e9cole de musique \u00e0 Colomiers\",\"breadcrumb\":{\"@id\":\"https:\/\/www.mic31.fr\/index.php\/ateliers-2\/#breadcrumb\"},\"inLanguage\":\"fr-FR\",\"potentialAction\":[{\"@type\":\"ReadAction\",\"target\":[\"https:\/\/www.mic31.fr\/index.php\/ateliers-2\/\"]}]},{\"@type\":\"ImageObject\",\"inLanguage\":\"fr-FR\",\"@id\":\"https:\/\/www.mic31.fr\/index.php\/ateliers-2\/#primaryimage\",\"url\":\"https:\/\/www.mic31.fr\/wordpress\/wp-content\/uploads\/2024\/06\/20240312_193504-768x1024.jpg\",\"contentUrl\":\"https:\/\/www.mic31.fr\/wordpress\/wp-content\/uploads\/2024\/06\/20240312_193504-768x1024.jpg\"},{\"@type\":\"BreadcrumbList\",\"@id\":\"https:\/\/www.mic31.fr\/index.php\/ateliers-2\/#breadcrumb\",\"itemListElement\":[{\"@type\":\"ListItem\",\"position\":1,\"name\":\"Accueil\",\"item\":\"http:\/\/www.mic31.fr\/\"},{\"@type\":\"ListItem\",\"position\":2,\"name\":\"Ateliers\"}]},{\"@type\":\"WebSite\",\"@id\":\"http:\/\/www.mic31.fr\/#website\",\"url\":\"http:\/\/www.mic31.fr\/\",\"name\":\"Music Institute and Culture\",\"description\":\"\",\"publisher\":{\"@id\":\"http:\/\/www.mic31.fr\/#organization\"},\"potentialAction\":[{\"@type\":\"SearchAction\",\"target\":{\"@type\":\"EntryPoint\",\"urlTemplate\":\"http:\/\/www.mic31.fr\/?s={search_term_string}\"},\"query-input\":{\"@type\":\"PropertyValueSpecification\",\"valueRequired\":true,\"valueName\":\"search_term_string\"}}],\"inLanguage\":\"fr-FR\"},{\"@type\":\"Organization\",\"@id\":\"http:\/\/www.mic31.fr\/#organization\",\"name\":\"Music institute and Culture\",\"url\":\"http:\/\/www.mic31.fr\/\",\"logo\":{\"@type\":\"ImageObject\",\"inLanguage\":\"fr-FR\",\"@id\":\"http:\/\/www.mic31.fr\/#\/schema\/logo\/image\/\",\"url\":\"http:\/\/www.mic31.fr\/wordpress\/wp-content\/uploads\/2016\/10\/cropped-cropped-Flyer-asso-MIC-v8-copie.jpg\",\"contentUrl\":\"http:\/\/www.mic31.fr\/wordpress\/wp-content\/uploads\/2016\/10\/cropped-cropped-Flyer-asso-MIC-v8-copie.jpg\",\"width\":512,\"height\":512,\"caption\":\"Music institute and Culture\"},\"image\":{\"@id\":\"http:\/\/www.mic31.fr\/#\/schema\/logo\/image\/\"},\"sameAs\":[\"https:\/\/www.facebook.com\/musicinstituteandculture\/\",\"https:\/\/x.com\/assomic31\",\"https:\/\/www.instagram.com\/assomic31\/\"]}]}<\/script>\n<!-- \/ Yoast SEO plugin. -->","yoast_head_json":{"title":"Ateliers -","description":"Bienvenue chez Music Institute and Culture, \u00e9cole de musique \u00e0 Colomiers","robots":{"index":"index","follow":"follow","max-snippet":"max-snippet:-1","max-image-preview":"max-image-preview:large","max-video-preview":"max-video-preview:-1"},"canonical":"https:\/\/www.mic31.fr\/index.php\/ateliers-2\/","og_locale":"fr_FR","og_type":"article","og_title":"Ateliers -","og_description":"Bienvenue chez Music Institute and Culture, \u00e9cole de musique \u00e0 Colomiers","og_url":"https:\/\/www.mic31.fr\/index.php\/ateliers-2\/","article_publisher":"https:\/\/www.facebook.com\/musicinstituteandculture\/","article_modified_time":"2025-10-26T15:09:57+00:00","og_image":[{"url":"https:\/\/www.mic31.fr\/wordpress\/wp-content\/uploads\/2024\/06\/20240312_193504-768x1024.jpg","type":"","width":"","height":""}],"twitter_card":"summary_large_image","twitter_site":"@assomic31","twitter_misc":{"Dur\u00e9e de lecture estim\u00e9e":"1 minute"},"schema":{"@context":"https:\/\/schema.org","@graph":[{"@type":"WebPage","@id":"https:\/\/www.mic31.fr\/index.php\/ateliers-2\/","url":"https:\/\/www.mic31.fr\/index.php\/ateliers-2\/","name":"Ateliers -","isPartOf":{"@id":"http:\/\/www.mic31.fr\/#website"},"primaryImageOfPage":{"@id":"https:\/\/www.mic31.fr\/index.php\/ateliers-2\/#primaryimage"},"image":{"@id":"https:\/\/www.mic31.fr\/index.php\/ateliers-2\/#primaryimage"},"thumbnailUrl":"https:\/\/www.mic31.fr\/wordpress\/wp-content\/uploads\/2024\/06\/20240312_193504-768x1024.jpg","datePublished":"2024-06-27T08:45:50+00:00","dateModified":"2025-10-26T15:09:57+00:00","description":"Bienvenue chez Music Institute and Culture, \u00e9cole de musique \u00e0 Colomiers","breadcrumb":{"@id":"https:\/\/www.mic31.fr\/index.php\/ateliers-2\/#breadcrumb"},"inLanguage":"fr-FR","potentialAction":[{"@type":"ReadAction","target":["https:\/\/www.mic31.fr\/index.php\/ateliers-2\/"]}]},{"@type":"ImageObject","inLanguage":"fr-FR","@id":"https:\/\/www.mic31.fr\/index.php\/ateliers-2\/#primaryimage","url":"https:\/\/www.mic31.fr\/wordpress\/wp-content\/uploads\/2024\/06\/20240312_193504-768x1024.jpg","contentUrl":"https:\/\/www.mic31.fr\/wordpress\/wp-content\/uploads\/2024\/06\/20240312_193504-768x1024.jpg"},{"@type":"BreadcrumbList","@id":"https:\/\/www.mic31.fr\/index.php\/ateliers-2\/#breadcrumb","itemListElement":[{"@type":"ListItem","position":1,"name":"Accueil","item":"http:\/\/www.mic31.fr\/"},{"@type":"ListItem","position":2,"name":"Ateliers"}]},{"@type":"WebSite","@id":"http:\/\/www.mic31.fr\/#website","url":"http:\/\/www.mic31.fr\/","name":"Music Institute and Culture","description":"","publisher":{"@id":"http:\/\/www.mic31.fr\/#organization"},"potentialAction":[{"@type":"SearchAction","target":{"@type":"EntryPoint","urlTemplate":"http:\/\/www.mic31.fr\/?s={search_term_string}"},"query-input":{"@type":"PropertyValueSpecification","valueRequired":true,"valueName":"search_term_string"}}],"inLanguage":"fr-FR"},{"@type":"Organization","@id":"http:\/\/www.mic31.fr\/#organization","name":"Music institute and Culture","url":"http:\/\/www.mic31.fr\/","logo":{"@type":"ImageObject","inLanguage":"fr-FR","@id":"http:\/\/www.mic31.fr\/#\/schema\/logo\/image\/","url":"http:\/\/www.mic31.fr\/wordpress\/wp-content\/uploads\/2016\/10\/cropped-cropped-Flyer-asso-MIC-v8-copie.jpg","contentUrl":"http:\/\/www.mic31.fr\/wordpress\/wp-content\/uploads\/2016\/10\/cropped-cropped-Flyer-asso-MIC-v8-copie.jpg","width":512,"height":512,"caption":"Music institute and Culture"},"image":{"@id":"http:\/\/www.mic31.fr\/#\/schema\/logo\/image\/"},"sameAs":["https:\/\/www.facebook.com\/musicinstituteandculture\/","https:\/\/x.com\/assomic31","https:\/\/www.instagram.com\/assomic31\/"]}]}},"_links":{"self":[{"href":"https:\/\/www.mic31.fr\/index.php\/wp-json\/wp\/v2\/pages\/3107","targetHints":{"allow":["GET"]}}],"collection":[{"href":"https:\/\/www.mic31.fr\/index.php\/wp-json\/wp\/v2\/pages"}],"about":[{"href":"https:\/\/www.mic31.fr\/index.php\/wp-json\/wp\/v2\/types\/page"}],"author":[{"embeddable":true,"href":"https:\/\/www.mic31.fr\/index.php\/wp-json\/wp\/v2\/users\/1"}],"replies":[{"embeddable":true,"href":"https:\/\/www.mic31.fr\/index.php\/wp-json\/wp\/v2\/comments?post=3107"}],"version-history":[{"count":10,"href":"https:\/\/www.mic31.fr\/index.php\/wp-json\/wp\/v2\/pages\/3107\/revisions"}],"predecessor-version":[{"id":4423,"href":"https:\/\/www.mic31.fr\/index.php\/wp-json\/wp\/v2\/pages\/3107\/revisions\/4423"}],"wp:attachment":[{"href":"https:\/\/www.mic31.fr\/index.php\/wp-json\/wp\/v2\/media?parent=3107"}],"curies":[{"name":"wp","href":"https:\/\/api.w.org\/{rel}","templated":true}]}}