{"id":2020,"date":"2019-09-16T15:37:41","date_gmt":"2019-09-16T13:37:41","guid":{"rendered":"http:\/\/www.mic31.fr\/?page_id=2020"},"modified":"2025-10-26T15:45:37","modified_gmt":"2025-10-26T14:45:37","slug":"quentin-guitare","status":"publish","type":"page","link":"https:\/\/www.mic31.fr\/index.php\/les-cours\/guitare\/quentin-guitare\/","title":{"rendered":"Quentin &#8211; Guitare"},"content":{"rendered":"\n<p class=\"has-text-align-center has-medium-font-size\"><\/p>\n\n\n<div class=\"wp-block-image\">\n<figure class=\"aligncenter size-large is-resized\"><img loading=\"lazy\" decoding=\"async\" width=\"819\" height=\"1024\" src=\"https:\/\/www.mic31.fr\/wordpress\/wp-content\/uploads\/2025\/10\/Quentin-819x1024.jpeg\" alt=\"\" class=\"wp-image-4246\" style=\"width:651px;height:auto\" srcset=\"https:\/\/www.mic31.fr\/wordpress\/wp-content\/uploads\/2025\/10\/Quentin-819x1024.jpeg 819w, https:\/\/www.mic31.fr\/wordpress\/wp-content\/uploads\/2025\/10\/Quentin-240x300.jpeg 240w, https:\/\/www.mic31.fr\/wordpress\/wp-content\/uploads\/2025\/10\/Quentin-768x960.jpeg 768w, https:\/\/www.mic31.fr\/wordpress\/wp-content\/uploads\/2025\/10\/Quentin.jpeg 1080w\" sizes=\"auto, (max-width: 819px) 100vw, 819px\" \/><\/figure>\n<\/div>\n\n\n<p><\/p>\n\n\n\n<p class=\"has-text-align-center has-medium-font-size\">Quentin d\u00e9marre son apprentissage de la musique \u00e0 l&rsquo;\u00e2ge de 8 ans par le solf\u00e8ge et le piano mais c&rsquo;est \u00e0 13 ans qu&rsquo;il tombe amoureux de la guitare.<br>Apr\u00e8s avoir mont\u00e9 ses premiers groupes entre amis, il est dipl\u00f4m\u00e9 de la Music Academy International en 2011.<br>En 2013 il int\u00e8gre le groupe Self Inflikted (death m\u00e9tal)&nbsp; Aguadulce (flamenco) ainsi que Burn close to madness (trip hop) en 2018. En 2015 il monte avec son ami Thomas Le Nou\u00ebn le studio de production Apair Prod.<\/p>\n\n\n\n<p class=\"has-text-align-center has-medium-font-size\">Les cours sont ouverts \u00e0 tous styles musicaux allant du Djent metal \u00e0 la guitare classique Espagnole. Les supports de travail sont choisis en fonction des go\u00fbts de chacun. Le but est de vite prendre du plaisir en jouant ce qu&rsquo;on aime. Le solf\u00e8ge sera appliqu\u00e9 directement sur l&rsquo;instrument afin de mieux int\u00e9grer les cl\u00e9s de l&rsquo;harmonie et cr\u00e9er votre propre m\u00e9thode pour apprendre vos morceaux favoris plus rapidement. A travers ces derniers nous d\u00e9velopperont \u00e9galement la technique, la lecture (rythme et notes) et l&rsquo;improvisation.<\/p>\n\n\n\n<p class=\"has-text-align-center has-medium-font-size\">Quentin animera des ateliers de MAO : pour tout renseignements contactez-le \u00e0 <a href=\"mailto:qgraviou@gmail.com\">qgraviou<\/a>@assomic31<\/p>\n\n\n\n<figure class=\"wp-block-embed aligncenter is-type-video is-provider-youtube wp-block-embed-youtube wp-embed-aspect-16-9 wp-has-aspect-ratio\"><div class=\"wp-block-embed__wrapper\">\n<iframe loading=\"lazy\" title=\"#1 CHOICES - Apair Prod x Anne Cya x Dimna\" width=\"640\" height=\"360\" src=\"https:\/\/www.youtube.com\/embed\/_HCTqdeBsV4?start=55&#038;feature=oembed\" frameborder=\"0\" allow=\"accelerometer; autoplay; clipboard-write; encrypted-media; gyroscope; picture-in-picture; web-share\" referrerpolicy=\"strict-origin-when-cross-origin\" allowfullscreen><\/iframe>\n<\/div><\/figure>\n\n\n\n<p class=\"has-text-align-center has-medium-font-size\"><strong>Pour les tarifs des cours :\u00a0<a href=\"http:\/\/www.mic31.fr\/index.php\/tarifs-et-conditions\/\">infos ici<\/a><\/strong><\/p>\n\n\n\n<p class=\"has-text-align-center\">_______________________________________________________________<\/p>\n\n\n\n<p class=\"has-text-align-center has-medium-font-size\"><strong>Retrouvez nous sur vos r\u00e9seaux sociaux pr\u00e9f\u00e9r\u00e9s pour suivre notre actualit\u00e9 : <\/strong><\/p>\n\n\n<div class=\"wp-block-image\">\n<figure class=\"aligncenter is-resized\"><a href=\"https:\/\/www.facebook.com\/musicinstituteandculture\/\" target=\"_blank\" rel=\"noreferrer noopener\"><img loading=\"lazy\" decoding=\"async\" width=\"300\" height=\"300\" src=\"http:\/\/www.mic31.fr\/wordpress\/wp-content\/uploads\/2016\/10\/icone-facebook-site-300x300.png\" alt=\"icone facebook site\" class=\"wp-image-506\" style=\"width:66px;height:auto\" srcset=\"https:\/\/www.mic31.fr\/wordpress\/wp-content\/uploads\/2016\/10\/icone-facebook-site-300x300.png 300w, https:\/\/www.mic31.fr\/wordpress\/wp-content\/uploads\/2016\/10\/icone-facebook-site-150x150.png 150w, https:\/\/www.mic31.fr\/wordpress\/wp-content\/uploads\/2016\/10\/icone-facebook-site-200x200.png 200w, https:\/\/www.mic31.fr\/wordpress\/wp-content\/uploads\/2016\/10\/icone-facebook-site.png 626w\" sizes=\"auto, (max-width: 300px) 100vw, 300px\" \/><\/a><\/figure>\n<\/div>\n\n\n<p><\/p>\n\n\n\n<div class=\"wp-block-group\"><div class=\"wp-block-group__inner-container is-layout-constrained wp-block-group-is-layout-constrained\"><div class=\"wp-block-image\">\n<figure class=\"aligncenter is-resized\"><a href=\"https:\/\/www.instagram.com\/assomic31\/\" target=\"_blank\" rel=\"noreferrer noopener\"><img loading=\"lazy\" decoding=\"async\" width=\"300\" height=\"300\" src=\"http:\/\/www.mic31.fr\/wordpress\/wp-content\/uploads\/2016\/10\/icone-instagram-site-300x300.png\" alt=\"icone instagram site\" class=\"wp-image-504\" style=\"width:69px;height:auto\" srcset=\"https:\/\/www.mic31.fr\/wordpress\/wp-content\/uploads\/2016\/10\/icone-instagram-site-300x300.png 300w, https:\/\/www.mic31.fr\/wordpress\/wp-content\/uploads\/2016\/10\/icone-instagram-site-150x150.png 150w, https:\/\/www.mic31.fr\/wordpress\/wp-content\/uploads\/2016\/10\/icone-instagram-site-200x200.png 200w, https:\/\/www.mic31.fr\/wordpress\/wp-content\/uploads\/2016\/10\/icone-instagram-site.png 400w\" sizes=\"auto, (max-width: 300px) 100vw, 300px\" \/><\/a><\/figure>\n<\/div><\/div><\/div>\n","protected":false},"excerpt":{"rendered":"<p>Quentin d\u00e9marre son apprentissage de la musique \u00e0 l&rsquo;\u00e2ge de 8 ans par le solf\u00e8ge et le piano mais c&rsquo;est \u00e0 13 ans [&hellip;]<\/p>\n","protected":false},"author":1,"featured_media":0,"parent":99,"menu_order":0,"comment_status":"closed","ping_status":"closed","template":"","meta":{"footnotes":""},"class_list":["post-2020","page","type-page","status-publish","hentry"],"yoast_head":"<!-- This site is optimized with the Yoast SEO plugin v24.1 - https:\/\/yoast.com\/wordpress\/plugins\/seo\/ -->\n<title>Quentin - Guitare -<\/title>\n<meta name=\"description\" content=\"Bienvenue chez Music Institute and Culture, \u00e9cole de musique \u00e0 Colomiers\" \/>\n<meta name=\"robots\" content=\"index, follow, max-snippet:-1, max-image-preview:large, max-video-preview:-1\" \/>\n<link rel=\"canonical\" href=\"https:\/\/www.mic31.fr\/index.php\/les-cours\/guitare\/quentin-guitare\/\" \/>\n<meta property=\"og:locale\" content=\"fr_FR\" \/>\n<meta property=\"og:type\" content=\"article\" \/>\n<meta property=\"og:title\" content=\"Quentin - Guitare -\" \/>\n<meta property=\"og:description\" content=\"Bienvenue chez Music Institute and Culture, \u00e9cole de musique \u00e0 Colomiers\" \/>\n<meta property=\"og:url\" content=\"https:\/\/www.mic31.fr\/index.php\/les-cours\/guitare\/quentin-guitare\/\" \/>\n<meta property=\"article:publisher\" content=\"https:\/\/www.facebook.com\/musicinstituteandculture\/\" \/>\n<meta property=\"article:modified_time\" content=\"2025-10-26T14:45:37+00:00\" \/>\n<meta property=\"og:image\" content=\"https:\/\/www.mic31.fr\/wordpress\/wp-content\/uploads\/2025\/10\/Quentin-819x1024.jpeg\" \/>\n<meta name=\"twitter:card\" content=\"summary_large_image\" \/>\n<meta name=\"twitter:site\" content=\"@assomic31\" \/>\n<meta name=\"twitter:label1\" content=\"Dur\u00e9e de lecture estim\u00e9e\" \/>\n\t<meta name=\"twitter:data1\" content=\"2 minutes\" \/>\n<script type=\"application\/ld+json\" class=\"yoast-schema-graph\">{\"@context\":\"https:\/\/schema.org\",\"@graph\":[{\"@type\":\"WebPage\",\"@id\":\"https:\/\/www.mic31.fr\/index.php\/les-cours\/guitare\/quentin-guitare\/\",\"url\":\"https:\/\/www.mic31.fr\/index.php\/les-cours\/guitare\/quentin-guitare\/\",\"name\":\"Quentin - Guitare -\",\"isPartOf\":{\"@id\":\"http:\/\/www.mic31.fr\/#website\"},\"primaryImageOfPage\":{\"@id\":\"https:\/\/www.mic31.fr\/index.php\/les-cours\/guitare\/quentin-guitare\/#primaryimage\"},\"image\":{\"@id\":\"https:\/\/www.mic31.fr\/index.php\/les-cours\/guitare\/quentin-guitare\/#primaryimage\"},\"thumbnailUrl\":\"https:\/\/www.mic31.fr\/wordpress\/wp-content\/uploads\/2025\/10\/Quentin-819x1024.jpeg\",\"datePublished\":\"2019-09-16T13:37:41+00:00\",\"dateModified\":\"2025-10-26T14:45:37+00:00\",\"description\":\"Bienvenue chez Music Institute and Culture, \u00e9cole de musique \u00e0 Colomiers\",\"breadcrumb\":{\"@id\":\"https:\/\/www.mic31.fr\/index.php\/les-cours\/guitare\/quentin-guitare\/#breadcrumb\"},\"inLanguage\":\"fr-FR\",\"potentialAction\":[{\"@type\":\"ReadAction\",\"target\":[\"https:\/\/www.mic31.fr\/index.php\/les-cours\/guitare\/quentin-guitare\/\"]}]},{\"@type\":\"ImageObject\",\"inLanguage\":\"fr-FR\",\"@id\":\"https:\/\/www.mic31.fr\/index.php\/les-cours\/guitare\/quentin-guitare\/#primaryimage\",\"url\":\"https:\/\/www.mic31.fr\/wordpress\/wp-content\/uploads\/2025\/10\/Quentin-819x1024.jpeg\",\"contentUrl\":\"https:\/\/www.mic31.fr\/wordpress\/wp-content\/uploads\/2025\/10\/Quentin-819x1024.jpeg\"},{\"@type\":\"BreadcrumbList\",\"@id\":\"https:\/\/www.mic31.fr\/index.php\/les-cours\/guitare\/quentin-guitare\/#breadcrumb\",\"itemListElement\":[{\"@type\":\"ListItem\",\"position\":1,\"name\":\"Accueil\",\"item\":\"http:\/\/www.mic31.fr\/\"},{\"@type\":\"ListItem\",\"position\":2,\"name\":\"Les enseignements\",\"item\":\"https:\/\/www.mic31.fr\/index.php\/les-cours\/\"},{\"@type\":\"ListItem\",\"position\":3,\"name\":\"Guitare\",\"item\":\"https:\/\/www.mic31.fr\/index.php\/les-cours\/guitare\/\"},{\"@type\":\"ListItem\",\"position\":4,\"name\":\"Quentin &#8211; Guitare\"}]},{\"@type\":\"WebSite\",\"@id\":\"http:\/\/www.mic31.fr\/#website\",\"url\":\"http:\/\/www.mic31.fr\/\",\"name\":\"Music Institute and Culture\",\"description\":\"\",\"publisher\":{\"@id\":\"http:\/\/www.mic31.fr\/#organization\"},\"potentialAction\":[{\"@type\":\"SearchAction\",\"target\":{\"@type\":\"EntryPoint\",\"urlTemplate\":\"http:\/\/www.mic31.fr\/?s={search_term_string}\"},\"query-input\":{\"@type\":\"PropertyValueSpecification\",\"valueRequired\":true,\"valueName\":\"search_term_string\"}}],\"inLanguage\":\"fr-FR\"},{\"@type\":\"Organization\",\"@id\":\"http:\/\/www.mic31.fr\/#organization\",\"name\":\"Music institute and Culture\",\"url\":\"http:\/\/www.mic31.fr\/\",\"logo\":{\"@type\":\"ImageObject\",\"inLanguage\":\"fr-FR\",\"@id\":\"http:\/\/www.mic31.fr\/#\/schema\/logo\/image\/\",\"url\":\"http:\/\/www.mic31.fr\/wordpress\/wp-content\/uploads\/2016\/10\/cropped-cropped-Flyer-asso-MIC-v8-copie.jpg\",\"contentUrl\":\"http:\/\/www.mic31.fr\/wordpress\/wp-content\/uploads\/2016\/10\/cropped-cropped-Flyer-asso-MIC-v8-copie.jpg\",\"width\":512,\"height\":512,\"caption\":\"Music institute and Culture\"},\"image\":{\"@id\":\"http:\/\/www.mic31.fr\/#\/schema\/logo\/image\/\"},\"sameAs\":[\"https:\/\/www.facebook.com\/musicinstituteandculture\/\",\"https:\/\/x.com\/assomic31\",\"https:\/\/www.instagram.com\/assomic31\/\"]}]}<\/script>\n<!-- \/ Yoast SEO plugin. -->","yoast_head_json":{"title":"Quentin - Guitare -","description":"Bienvenue chez Music Institute and Culture, \u00e9cole de musique \u00e0 Colomiers","robots":{"index":"index","follow":"follow","max-snippet":"max-snippet:-1","max-image-preview":"max-image-preview:large","max-video-preview":"max-video-preview:-1"},"canonical":"https:\/\/www.mic31.fr\/index.php\/les-cours\/guitare\/quentin-guitare\/","og_locale":"fr_FR","og_type":"article","og_title":"Quentin - Guitare -","og_description":"Bienvenue chez Music Institute and Culture, \u00e9cole de musique \u00e0 Colomiers","og_url":"https:\/\/www.mic31.fr\/index.php\/les-cours\/guitare\/quentin-guitare\/","article_publisher":"https:\/\/www.facebook.com\/musicinstituteandculture\/","article_modified_time":"2025-10-26T14:45:37+00:00","og_image":[{"url":"https:\/\/www.mic31.fr\/wordpress\/wp-content\/uploads\/2025\/10\/Quentin-819x1024.jpeg","type":"","width":"","height":""}],"twitter_card":"summary_large_image","twitter_site":"@assomic31","twitter_misc":{"Dur\u00e9e de lecture estim\u00e9e":"2 minutes"},"schema":{"@context":"https:\/\/schema.org","@graph":[{"@type":"WebPage","@id":"https:\/\/www.mic31.fr\/index.php\/les-cours\/guitare\/quentin-guitare\/","url":"https:\/\/www.mic31.fr\/index.php\/les-cours\/guitare\/quentin-guitare\/","name":"Quentin - Guitare -","isPartOf":{"@id":"http:\/\/www.mic31.fr\/#website"},"primaryImageOfPage":{"@id":"https:\/\/www.mic31.fr\/index.php\/les-cours\/guitare\/quentin-guitare\/#primaryimage"},"image":{"@id":"https:\/\/www.mic31.fr\/index.php\/les-cours\/guitare\/quentin-guitare\/#primaryimage"},"thumbnailUrl":"https:\/\/www.mic31.fr\/wordpress\/wp-content\/uploads\/2025\/10\/Quentin-819x1024.jpeg","datePublished":"2019-09-16T13:37:41+00:00","dateModified":"2025-10-26T14:45:37+00:00","description":"Bienvenue chez Music Institute and Culture, \u00e9cole de musique \u00e0 Colomiers","breadcrumb":{"@id":"https:\/\/www.mic31.fr\/index.php\/les-cours\/guitare\/quentin-guitare\/#breadcrumb"},"inLanguage":"fr-FR","potentialAction":[{"@type":"ReadAction","target":["https:\/\/www.mic31.fr\/index.php\/les-cours\/guitare\/quentin-guitare\/"]}]},{"@type":"ImageObject","inLanguage":"fr-FR","@id":"https:\/\/www.mic31.fr\/index.php\/les-cours\/guitare\/quentin-guitare\/#primaryimage","url":"https:\/\/www.mic31.fr\/wordpress\/wp-content\/uploads\/2025\/10\/Quentin-819x1024.jpeg","contentUrl":"https:\/\/www.mic31.fr\/wordpress\/wp-content\/uploads\/2025\/10\/Quentin-819x1024.jpeg"},{"@type":"BreadcrumbList","@id":"https:\/\/www.mic31.fr\/index.php\/les-cours\/guitare\/quentin-guitare\/#breadcrumb","itemListElement":[{"@type":"ListItem","position":1,"name":"Accueil","item":"http:\/\/www.mic31.fr\/"},{"@type":"ListItem","position":2,"name":"Les enseignements","item":"https:\/\/www.mic31.fr\/index.php\/les-cours\/"},{"@type":"ListItem","position":3,"name":"Guitare","item":"https:\/\/www.mic31.fr\/index.php\/les-cours\/guitare\/"},{"@type":"ListItem","position":4,"name":"Quentin &#8211; Guitare"}]},{"@type":"WebSite","@id":"http:\/\/www.mic31.fr\/#website","url":"http:\/\/www.mic31.fr\/","name":"Music Institute and Culture","description":"","publisher":{"@id":"http:\/\/www.mic31.fr\/#organization"},"potentialAction":[{"@type":"SearchAction","target":{"@type":"EntryPoint","urlTemplate":"http:\/\/www.mic31.fr\/?s={search_term_string}"},"query-input":{"@type":"PropertyValueSpecification","valueRequired":true,"valueName":"search_term_string"}}],"inLanguage":"fr-FR"},{"@type":"Organization","@id":"http:\/\/www.mic31.fr\/#organization","name":"Music institute and Culture","url":"http:\/\/www.mic31.fr\/","logo":{"@type":"ImageObject","inLanguage":"fr-FR","@id":"http:\/\/www.mic31.fr\/#\/schema\/logo\/image\/","url":"http:\/\/www.mic31.fr\/wordpress\/wp-content\/uploads\/2016\/10\/cropped-cropped-Flyer-asso-MIC-v8-copie.jpg","contentUrl":"http:\/\/www.mic31.fr\/wordpress\/wp-content\/uploads\/2016\/10\/cropped-cropped-Flyer-asso-MIC-v8-copie.jpg","width":512,"height":512,"caption":"Music institute and Culture"},"image":{"@id":"http:\/\/www.mic31.fr\/#\/schema\/logo\/image\/"},"sameAs":["https:\/\/www.facebook.com\/musicinstituteandculture\/","https:\/\/x.com\/assomic31","https:\/\/www.instagram.com\/assomic31\/"]}]}},"_links":{"self":[{"href":"https:\/\/www.mic31.fr\/index.php\/wp-json\/wp\/v2\/pages\/2020","targetHints":{"allow":["GET"]}}],"collection":[{"href":"https:\/\/www.mic31.fr\/index.php\/wp-json\/wp\/v2\/pages"}],"about":[{"href":"https:\/\/www.mic31.fr\/index.php\/wp-json\/wp\/v2\/types\/page"}],"author":[{"embeddable":true,"href":"https:\/\/www.mic31.fr\/index.php\/wp-json\/wp\/v2\/users\/1"}],"replies":[{"embeddable":true,"href":"https:\/\/www.mic31.fr\/index.php\/wp-json\/wp\/v2\/comments?post=2020"}],"version-history":[{"count":17,"href":"https:\/\/www.mic31.fr\/index.php\/wp-json\/wp\/v2\/pages\/2020\/revisions"}],"predecessor-version":[{"id":4404,"href":"https:\/\/www.mic31.fr\/index.php\/wp-json\/wp\/v2\/pages\/2020\/revisions\/4404"}],"up":[{"embeddable":true,"href":"https:\/\/www.mic31.fr\/index.php\/wp-json\/wp\/v2\/pages\/99"}],"wp:attachment":[{"href":"https:\/\/www.mic31.fr\/index.php\/wp-json\/wp\/v2\/media?parent=2020"}],"curies":[{"name":"wp","href":"https:\/\/api.w.org\/{rel}","templated":true}]}}