{"id":1848,"date":"2019-04-10T12:43:54","date_gmt":"2019-04-10T10:43:54","guid":{"rendered":"http:\/\/www.mic31.fr\/?page_id=1848"},"modified":"2025-10-28T14:38:32","modified_gmt":"2025-10-28T13:38:32","slug":"presentation-de-lassociation","status":"publish","type":"page","link":"https:\/\/www.mic31.fr\/index.php\/presentation-de-lassociation\/","title":{"rendered":"Pr\u00e9sentation de l&rsquo;association"},"content":{"rendered":"\n<p><\/p>\n\n\n<div class=\"wp-block-image\">\n<figure class=\"aligncenter size-large is-resized\"><img loading=\"lazy\" decoding=\"async\" width=\"1024\" height=\"1024\" src=\"https:\/\/www.mic31.fr\/wordpress\/wp-content\/uploads\/2024\/07\/449339155_974809277982897_8179855283064297370_n-1024x1024.jpg\" alt=\"\" class=\"wp-image-3259\" style=\"width:584px;height:auto\" srcset=\"https:\/\/www.mic31.fr\/wordpress\/wp-content\/uploads\/2024\/07\/449339155_974809277982897_8179855283064297370_n-1024x1024.jpg 1024w, https:\/\/www.mic31.fr\/wordpress\/wp-content\/uploads\/2024\/07\/449339155_974809277982897_8179855283064297370_n-300x300.jpg 300w, https:\/\/www.mic31.fr\/wordpress\/wp-content\/uploads\/2024\/07\/449339155_974809277982897_8179855283064297370_n-150x150.jpg 150w, https:\/\/www.mic31.fr\/wordpress\/wp-content\/uploads\/2024\/07\/449339155_974809277982897_8179855283064297370_n-768x768.jpg 768w, https:\/\/www.mic31.fr\/wordpress\/wp-content\/uploads\/2024\/07\/449339155_974809277982897_8179855283064297370_n.jpg 1200w\" sizes=\"auto, (max-width: 1024px) 100vw, 1024px\" \/><\/figure>\n<\/div>\n\n\n<p><\/p>\n\n\n\n<p class=\"has-text-align-center has-medium-font-size\">Music Institute and Culture est une association fond\u00e9e durant l&rsquo;\u00e9t\u00e9 2016 par des passionn\u00e9s de musique avec un but simple&nbsp;: Promouvoir la vie culturelle en g\u00e9n\u00e9ral et plus particuli\u00e8rement le d\u00e9veloppement de la pratique de la musique.<\/p>\n\n\n\n<p class=\"has-text-align-center has-medium-font-size\">Pour cela l&rsquo;association propose un enseignement de la musique ludique, bas\u00e9 sur la pratique des instruments et du jeu en groupe.&nbsp;<\/p>\n\n\n\n<p class=\"has-text-align-center has-medium-font-size\">Le principe de cet enseignement est que la pratique am\u00e8ne la th\u00e9orie et non l&rsquo;inverse, ce qui rend les notions de solf\u00e8ge beaucoup plus claires et simples.<\/p>\n\n\n\n<p class=\"has-text-align-center has-medium-font-size\">L&rsquo;association veut offrir \u00e0 ses membres un cadre structur\u00e9 et professionnel tout en gardant l&rsquo;ouverture, la souplesse et l&rsquo;interactivit\u00e9 correspondants au mode de vie actuel et offre donc des formules d&rsquo;apprentissage adapt\u00e9es \u00e0 chaque demande et \u00e0 chaque envie.<\/p>\n\n\n\n<p class=\"has-text-align-center has-medium-font-size\">Depuis 2016 de nombreux \u00e9v\u00e9nements ont \u00e9t\u00e9 organis\u00e9s par Music Institute and Culture&nbsp;: Ateliers de chants, de jeu en groupe, de percussions, de coaching sc\u00e9nique, de sophrologie, de chorale, des pi\u00e8ces de th\u00e9\u00e2tre et parfois des concerts dans ses locaux.<\/p>\n\n\n\n<p class=\"has-text-align-center has-medium-font-size\">D\u00e9cembre 2016 marque le premier concert d&rsquo;\u00e9l\u00e8ves organis\u00e9s \u00e0 l&rsquo;ext\u00e9rieur (au Cotton Club de Colomiers), depuis l&rsquo;association a organis\u00e9 d\u00e9j\u00e0 2 spectacles o\u00f9 les membres ont pu partager la sc\u00e8ne dans des conditions se rapprochant du niveau professionnel.<\/p>\n\n\n\n<p class=\"has-text-align-center has-medium-font-size\">En Avril 2017 l&rsquo;association a aussi particip\u00e9 \u00e0 l&rsquo;organisation et \u00e0 l&rsquo;animation du 1er Salon \u00ab&nbsp;SOS de la musique&nbsp;\u00bb de Revel afin de faire conna\u00eetre la vie des acteurs du monde professionnel de la musique en France.<\/p>\n\n\n\n<p class=\"has-text-align-center has-medium-font-size\">En 2018, Ouverture de la session Chorale, anim\u00e9e par Elodie et R\u00e9mi. Elodie reprendra sa session pour une nouvelle saison 2024\/2025. <\/p>\n\n\n\n<p class=\"has-text-align-center has-medium-font-size\">En 2019, Ouverture d&rsquo;une session Live conduite par Joris et Organisation de plusieurs Jams Sessions au cours de l&rsquo;ann\u00e9e. En mai 2024, Joris a pr\u00e9sent\u00e9 lors d&rsquo;une soir\u00e9e JAM SESSION, le travail de ses \u00e9l\u00e8ves de la session Live. Les \u00e9l\u00e8ves y ont interpr\u00e9t\u00e9s quelques morceaux devant un public en folie ! Un concept qui se renouvellera en 2025. <\/p>\n\n\n\n<p class=\"has-text-align-center has-medium-font-size\">D\u00e9cembre 2023, les GERARDS DE BALMA viennent animer une soir\u00e9e karaok\u00e9 \u00e0 \u00ab\u00a0m\u00e9diocrit\u00e9 participative\u00a0\u00bb qui a \u00e9t\u00e9 un v\u00e9ritable succ\u00e8s aupr\u00e8s des adh\u00e9rents et professeurs pr\u00e9sents ce soir l\u00e0 ! <\/p>\n\n\n\n<p class=\"has-text-align-center has-medium-font-size\">En avril 2024, organisation de la premi\u00e8re soir\u00e9e concert o\u00f9 3 groupes d&rsquo;\u00e9l\u00e8ves (les Laundry Tide, les Owl&rsquo;s insanity et les The Music\u00a0\u00bb ont pu jouer dans nos locaux afin d&rsquo;avoir une premi\u00e8re exp\u00e9rience sc\u00e9nique et pr\u00e9senter leur r\u00e9pertoire \u00e0 nos adh\u00e9rents. Une belle exp\u00e9rience ! Le concept sera reconduit en 2025 avec d&rsquo;autres groupes.<\/p>\n\n\n\n<p class=\"has-text-align-center has-medium-font-size\">Trois s\u00e9ances de Sophrologie &#8211; Pr\u00e9paration \u00e0 la sc\u00e8ne ont \u00e9t\u00e9 mise en place par notre intervenant Jean-Baptiste BRUTO (avril, mai et juin 2024), qui a aid\u00e9 nos adh\u00e9rents \u00e0 se lib\u00e9rer et apprendre \u00e0 mieux se connaitre&#8230;  <\/p>\n\n\n\n<p class=\"has-text-align-center has-medium-font-size\">En 2024, l&rsquo;association fait peau neuve et d\u00e9cide de changer son identit\u00e9 visuelle, en renouvelant son logo et sa charte graphique. <\/p>\n\n\n<div class=\"wp-block-image\">\n<figure class=\"aligncenter size-large is-resized\"><img loading=\"lazy\" decoding=\"async\" width=\"1024\" height=\"510\" src=\"http:\/\/www.mic31.fr\/wordpress\/wp-content\/uploads\/2024\/07\/logo_Mic_Jaune-1024x510.png\" alt=\"\" class=\"wp-image-3266\" style=\"width:350px;height:auto\" srcset=\"https:\/\/www.mic31.fr\/wordpress\/wp-content\/uploads\/2024\/07\/logo_Mic_Jaune-1024x510.png 1024w, https:\/\/www.mic31.fr\/wordpress\/wp-content\/uploads\/2024\/07\/logo_Mic_Jaune-300x150.png 300w, https:\/\/www.mic31.fr\/wordpress\/wp-content\/uploads\/2024\/07\/logo_Mic_Jaune-768x383.png 768w, https:\/\/www.mic31.fr\/wordpress\/wp-content\/uploads\/2024\/07\/logo_Mic_Jaune-1536x766.png 1536w, https:\/\/www.mic31.fr\/wordpress\/wp-content\/uploads\/2024\/07\/logo_Mic_Jaune-2048x1021.png 2048w\" sizes=\"auto, (max-width: 1024px) 100vw, 1024px\" \/><\/figure>\n<\/div>\n\n\n<p><\/p>\n\n\n\n<p class=\"has-text-align-center has-medium-font-size\">A ce jour, Music Institute and Culture c&rsquo;est 330 membres, la possibilit\u00e9 d&rsquo;apprendre le chant, le piano, la batterie, la guitare, la basse, la musique assist\u00e9e par ordinateur, de l&rsquo;\u00e9veil musical, plus de 20 ateliers gratuits par an pour les adh\u00e9rents, des intervenants ext\u00e9rieurs dans plusieurs domaines (sophrologie, th\u00e9\u00e2tre \u2026), des \u00e9v\u00e9nements culturels divers et vari\u00e9s et surtout un endroit convivial et chaleureux o\u00f9 il fait bon apprendre, partager et d\u00e9couvrir la musique.<\/p>\n\n\n\n<p class=\"has-text-align-center has-medium-font-size\">__________________________________________________________________<\/p>\n\n\n\n<p class=\"has-text-align-center has-medium-font-size\"><strong>Retrouvez nous sur vos r\u00e9seaux sociaux pr\u00e9f\u00e9r\u00e9s pour suivre notre actualit\u00e9 :<\/strong><\/p>\n\n\n<div class=\"wp-block-image\">\n<figure class=\"aligncenter is-resized\"><a href=\"https:\/\/www.facebook.com\/musicinstituteandculture\/\" target=\"_blank\" rel=\"noreferrer noopener\"><img loading=\"lazy\" decoding=\"async\" width=\"300\" height=\"300\" src=\"http:\/\/www.mic31.fr\/wordpress\/wp-content\/uploads\/2016\/10\/icone-facebook-site-300x300.png\" alt=\"icone facebook site\" class=\"wp-image-506\" style=\"width:78px;height:auto\" srcset=\"https:\/\/www.mic31.fr\/wordpress\/wp-content\/uploads\/2016\/10\/icone-facebook-site-300x300.png 300w, https:\/\/www.mic31.fr\/wordpress\/wp-content\/uploads\/2016\/10\/icone-facebook-site-150x150.png 150w, https:\/\/www.mic31.fr\/wordpress\/wp-content\/uploads\/2016\/10\/icone-facebook-site-200x200.png 200w, https:\/\/www.mic31.fr\/wordpress\/wp-content\/uploads\/2016\/10\/icone-facebook-site.png 626w\" sizes=\"auto, (max-width: 300px) 100vw, 300px\" \/><\/a><\/figure>\n<\/div>\n\n\n<p><\/p>\n\n\n<div class=\"wp-block-image\">\n<figure class=\"aligncenter is-resized\"><a href=\"https:\/\/www.instagram.com\/assomic31\/\" target=\"_blank\" rel=\"noreferrer noopener\"><img loading=\"lazy\" decoding=\"async\" width=\"300\" height=\"300\" src=\"http:\/\/www.mic31.fr\/wordpress\/wp-content\/uploads\/2016\/10\/icone-instagram-site-300x300.png\" alt=\"icone instagram site\" class=\"wp-image-504\" style=\"width:84px;height:auto\" srcset=\"https:\/\/www.mic31.fr\/wordpress\/wp-content\/uploads\/2016\/10\/icone-instagram-site-300x300.png 300w, https:\/\/www.mic31.fr\/wordpress\/wp-content\/uploads\/2016\/10\/icone-instagram-site-150x150.png 150w, https:\/\/www.mic31.fr\/wordpress\/wp-content\/uploads\/2016\/10\/icone-instagram-site-200x200.png 200w, https:\/\/www.mic31.fr\/wordpress\/wp-content\/uploads\/2016\/10\/icone-instagram-site.png 400w\" sizes=\"auto, (max-width: 300px) 100vw, 300px\" \/><\/a><\/figure>\n<\/div>\n\n\n<p class=\"has-text-align-center has-medium-font-size\"><br><\/p>\n","protected":false},"excerpt":{"rendered":"<p>Music Institute and Culture est une association fond\u00e9e durant l&rsquo;\u00e9t\u00e9 2016 par des passionn\u00e9s de musique avec un but simple&nbsp;: Promouvoir la vie [&hellip;]<\/p>\n","protected":false},"author":1,"featured_media":0,"parent":0,"menu_order":0,"comment_status":"closed","ping_status":"closed","template":"","meta":{"footnotes":""},"class_list":["post-1848","page","type-page","status-publish","hentry"],"yoast_head":"<!-- This site is optimized with the Yoast SEO plugin v24.1 - https:\/\/yoast.com\/wordpress\/plugins\/seo\/ -->\n<title>Pr\u00e9sentation de l&#039;association -<\/title>\n<meta name=\"description\" content=\"Bienvenue chez Music Institute and Culture, \u00e9cole de musique \u00e0 Colomiers\" \/>\n<meta name=\"robots\" content=\"index, follow, max-snippet:-1, max-image-preview:large, max-video-preview:-1\" \/>\n<link rel=\"canonical\" href=\"https:\/\/www.mic31.fr\/index.php\/presentation-de-lassociation\/\" \/>\n<meta property=\"og:locale\" content=\"fr_FR\" \/>\n<meta property=\"og:type\" content=\"article\" \/>\n<meta property=\"og:title\" content=\"Pr\u00e9sentation de l&#039;association -\" \/>\n<meta property=\"og:description\" content=\"Bienvenue chez Music Institute and Culture, \u00e9cole de musique \u00e0 Colomiers\" \/>\n<meta property=\"og:url\" content=\"https:\/\/www.mic31.fr\/index.php\/presentation-de-lassociation\/\" \/>\n<meta property=\"article:publisher\" content=\"https:\/\/www.facebook.com\/musicinstituteandculture\/\" \/>\n<meta property=\"article:modified_time\" content=\"2025-10-28T13:38:32+00:00\" \/>\n<meta property=\"og:image\" content=\"https:\/\/www.mic31.fr\/wordpress\/wp-content\/uploads\/2024\/07\/449339155_974809277982897_8179855283064297370_n-1024x1024.jpg\" \/>\n<meta name=\"twitter:card\" content=\"summary_large_image\" \/>\n<meta name=\"twitter:site\" content=\"@assomic31\" \/>\n<meta name=\"twitter:label1\" content=\"Dur\u00e9e de lecture estim\u00e9e\" \/>\n\t<meta name=\"twitter:data1\" content=\"4 minutes\" \/>\n<script type=\"application\/ld+json\" class=\"yoast-schema-graph\">{\"@context\":\"https:\/\/schema.org\",\"@graph\":[{\"@type\":\"WebPage\",\"@id\":\"https:\/\/www.mic31.fr\/index.php\/presentation-de-lassociation\/\",\"url\":\"https:\/\/www.mic31.fr\/index.php\/presentation-de-lassociation\/\",\"name\":\"Pr\u00e9sentation de l'association -\",\"isPartOf\":{\"@id\":\"http:\/\/www.mic31.fr\/#website\"},\"primaryImageOfPage\":{\"@id\":\"https:\/\/www.mic31.fr\/index.php\/presentation-de-lassociation\/#primaryimage\"},\"image\":{\"@id\":\"https:\/\/www.mic31.fr\/index.php\/presentation-de-lassociation\/#primaryimage\"},\"thumbnailUrl\":\"https:\/\/www.mic31.fr\/wordpress\/wp-content\/uploads\/2024\/07\/449339155_974809277982897_8179855283064297370_n-1024x1024.jpg\",\"datePublished\":\"2019-04-10T10:43:54+00:00\",\"dateModified\":\"2025-10-28T13:38:32+00:00\",\"description\":\"Bienvenue chez Music Institute and Culture, \u00e9cole de musique \u00e0 Colomiers\",\"breadcrumb\":{\"@id\":\"https:\/\/www.mic31.fr\/index.php\/presentation-de-lassociation\/#breadcrumb\"},\"inLanguage\":\"fr-FR\",\"potentialAction\":[{\"@type\":\"ReadAction\",\"target\":[\"https:\/\/www.mic31.fr\/index.php\/presentation-de-lassociation\/\"]}]},{\"@type\":\"ImageObject\",\"inLanguage\":\"fr-FR\",\"@id\":\"https:\/\/www.mic31.fr\/index.php\/presentation-de-lassociation\/#primaryimage\",\"url\":\"https:\/\/www.mic31.fr\/wordpress\/wp-content\/uploads\/2024\/07\/449339155_974809277982897_8179855283064297370_n-1024x1024.jpg\",\"contentUrl\":\"https:\/\/www.mic31.fr\/wordpress\/wp-content\/uploads\/2024\/07\/449339155_974809277982897_8179855283064297370_n-1024x1024.jpg\"},{\"@type\":\"BreadcrumbList\",\"@id\":\"https:\/\/www.mic31.fr\/index.php\/presentation-de-lassociation\/#breadcrumb\",\"itemListElement\":[{\"@type\":\"ListItem\",\"position\":1,\"name\":\"Accueil\",\"item\":\"http:\/\/www.mic31.fr\/\"},{\"@type\":\"ListItem\",\"position\":2,\"name\":\"Pr\u00e9sentation de l&rsquo;association\"}]},{\"@type\":\"WebSite\",\"@id\":\"http:\/\/www.mic31.fr\/#website\",\"url\":\"http:\/\/www.mic31.fr\/\",\"name\":\"Music Institute and Culture\",\"description\":\"\",\"publisher\":{\"@id\":\"http:\/\/www.mic31.fr\/#organization\"},\"potentialAction\":[{\"@type\":\"SearchAction\",\"target\":{\"@type\":\"EntryPoint\",\"urlTemplate\":\"http:\/\/www.mic31.fr\/?s={search_term_string}\"},\"query-input\":{\"@type\":\"PropertyValueSpecification\",\"valueRequired\":true,\"valueName\":\"search_term_string\"}}],\"inLanguage\":\"fr-FR\"},{\"@type\":\"Organization\",\"@id\":\"http:\/\/www.mic31.fr\/#organization\",\"name\":\"Music institute and Culture\",\"url\":\"http:\/\/www.mic31.fr\/\",\"logo\":{\"@type\":\"ImageObject\",\"inLanguage\":\"fr-FR\",\"@id\":\"http:\/\/www.mic31.fr\/#\/schema\/logo\/image\/\",\"url\":\"http:\/\/www.mic31.fr\/wordpress\/wp-content\/uploads\/2016\/10\/cropped-cropped-Flyer-asso-MIC-v8-copie.jpg\",\"contentUrl\":\"http:\/\/www.mic31.fr\/wordpress\/wp-content\/uploads\/2016\/10\/cropped-cropped-Flyer-asso-MIC-v8-copie.jpg\",\"width\":512,\"height\":512,\"caption\":\"Music institute and Culture\"},\"image\":{\"@id\":\"http:\/\/www.mic31.fr\/#\/schema\/logo\/image\/\"},\"sameAs\":[\"https:\/\/www.facebook.com\/musicinstituteandculture\/\",\"https:\/\/x.com\/assomic31\",\"https:\/\/www.instagram.com\/assomic31\/\"]}]}<\/script>\n<!-- \/ Yoast SEO plugin. -->","yoast_head_json":{"title":"Pr\u00e9sentation de l'association -","description":"Bienvenue chez Music Institute and Culture, \u00e9cole de musique \u00e0 Colomiers","robots":{"index":"index","follow":"follow","max-snippet":"max-snippet:-1","max-image-preview":"max-image-preview:large","max-video-preview":"max-video-preview:-1"},"canonical":"https:\/\/www.mic31.fr\/index.php\/presentation-de-lassociation\/","og_locale":"fr_FR","og_type":"article","og_title":"Pr\u00e9sentation de l'association -","og_description":"Bienvenue chez Music Institute and Culture, \u00e9cole de musique \u00e0 Colomiers","og_url":"https:\/\/www.mic31.fr\/index.php\/presentation-de-lassociation\/","article_publisher":"https:\/\/www.facebook.com\/musicinstituteandculture\/","article_modified_time":"2025-10-28T13:38:32+00:00","og_image":[{"url":"https:\/\/www.mic31.fr\/wordpress\/wp-content\/uploads\/2024\/07\/449339155_974809277982897_8179855283064297370_n-1024x1024.jpg","type":"","width":"","height":""}],"twitter_card":"summary_large_image","twitter_site":"@assomic31","twitter_misc":{"Dur\u00e9e de lecture estim\u00e9e":"4 minutes"},"schema":{"@context":"https:\/\/schema.org","@graph":[{"@type":"WebPage","@id":"https:\/\/www.mic31.fr\/index.php\/presentation-de-lassociation\/","url":"https:\/\/www.mic31.fr\/index.php\/presentation-de-lassociation\/","name":"Pr\u00e9sentation de l'association -","isPartOf":{"@id":"http:\/\/www.mic31.fr\/#website"},"primaryImageOfPage":{"@id":"https:\/\/www.mic31.fr\/index.php\/presentation-de-lassociation\/#primaryimage"},"image":{"@id":"https:\/\/www.mic31.fr\/index.php\/presentation-de-lassociation\/#primaryimage"},"thumbnailUrl":"https:\/\/www.mic31.fr\/wordpress\/wp-content\/uploads\/2024\/07\/449339155_974809277982897_8179855283064297370_n-1024x1024.jpg","datePublished":"2019-04-10T10:43:54+00:00","dateModified":"2025-10-28T13:38:32+00:00","description":"Bienvenue chez Music Institute and Culture, \u00e9cole de musique \u00e0 Colomiers","breadcrumb":{"@id":"https:\/\/www.mic31.fr\/index.php\/presentation-de-lassociation\/#breadcrumb"},"inLanguage":"fr-FR","potentialAction":[{"@type":"ReadAction","target":["https:\/\/www.mic31.fr\/index.php\/presentation-de-lassociation\/"]}]},{"@type":"ImageObject","inLanguage":"fr-FR","@id":"https:\/\/www.mic31.fr\/index.php\/presentation-de-lassociation\/#primaryimage","url":"https:\/\/www.mic31.fr\/wordpress\/wp-content\/uploads\/2024\/07\/449339155_974809277982897_8179855283064297370_n-1024x1024.jpg","contentUrl":"https:\/\/www.mic31.fr\/wordpress\/wp-content\/uploads\/2024\/07\/449339155_974809277982897_8179855283064297370_n-1024x1024.jpg"},{"@type":"BreadcrumbList","@id":"https:\/\/www.mic31.fr\/index.php\/presentation-de-lassociation\/#breadcrumb","itemListElement":[{"@type":"ListItem","position":1,"name":"Accueil","item":"http:\/\/www.mic31.fr\/"},{"@type":"ListItem","position":2,"name":"Pr\u00e9sentation de l&rsquo;association"}]},{"@type":"WebSite","@id":"http:\/\/www.mic31.fr\/#website","url":"http:\/\/www.mic31.fr\/","name":"Music Institute and Culture","description":"","publisher":{"@id":"http:\/\/www.mic31.fr\/#organization"},"potentialAction":[{"@type":"SearchAction","target":{"@type":"EntryPoint","urlTemplate":"http:\/\/www.mic31.fr\/?s={search_term_string}"},"query-input":{"@type":"PropertyValueSpecification","valueRequired":true,"valueName":"search_term_string"}}],"inLanguage":"fr-FR"},{"@type":"Organization","@id":"http:\/\/www.mic31.fr\/#organization","name":"Music institute and Culture","url":"http:\/\/www.mic31.fr\/","logo":{"@type":"ImageObject","inLanguage":"fr-FR","@id":"http:\/\/www.mic31.fr\/#\/schema\/logo\/image\/","url":"http:\/\/www.mic31.fr\/wordpress\/wp-content\/uploads\/2016\/10\/cropped-cropped-Flyer-asso-MIC-v8-copie.jpg","contentUrl":"http:\/\/www.mic31.fr\/wordpress\/wp-content\/uploads\/2016\/10\/cropped-cropped-Flyer-asso-MIC-v8-copie.jpg","width":512,"height":512,"caption":"Music institute and Culture"},"image":{"@id":"http:\/\/www.mic31.fr\/#\/schema\/logo\/image\/"},"sameAs":["https:\/\/www.facebook.com\/musicinstituteandculture\/","https:\/\/x.com\/assomic31","https:\/\/www.instagram.com\/assomic31\/"]}]}},"_links":{"self":[{"href":"https:\/\/www.mic31.fr\/index.php\/wp-json\/wp\/v2\/pages\/1848","targetHints":{"allow":["GET"]}}],"collection":[{"href":"https:\/\/www.mic31.fr\/index.php\/wp-json\/wp\/v2\/pages"}],"about":[{"href":"https:\/\/www.mic31.fr\/index.php\/wp-json\/wp\/v2\/types\/page"}],"author":[{"embeddable":true,"href":"https:\/\/www.mic31.fr\/index.php\/wp-json\/wp\/v2\/users\/1"}],"replies":[{"embeddable":true,"href":"https:\/\/www.mic31.fr\/index.php\/wp-json\/wp\/v2\/comments?post=1848"}],"version-history":[{"count":8,"href":"https:\/\/www.mic31.fr\/index.php\/wp-json\/wp\/v2\/pages\/1848\/revisions"}],"predecessor-version":[{"id":4482,"href":"https:\/\/www.mic31.fr\/index.php\/wp-json\/wp\/v2\/pages\/1848\/revisions\/4482"}],"wp:attachment":[{"href":"https:\/\/www.mic31.fr\/index.php\/wp-json\/wp\/v2\/media?parent=1848"}],"curies":[{"name":"wp","href":"https:\/\/api.w.org\/{rel}","templated":true}]}}