{"id":143,"date":"2016-10-19T19:46:32","date_gmt":"2016-10-19T17:46:32","guid":{"rendered":"http:\/\/mic31.fr\/wordpress\/?page_id=143"},"modified":"2025-07-07T16:13:19","modified_gmt":"2025-07-07T14:13:19","slug":"tarifs-et-conditions","status":"publish","type":"page","link":"https:\/\/www.mic31.fr\/index.php\/tarifs-et-conditions\/","title":{"rendered":"Tarifs\/conditions"},"content":{"rendered":"\n<h1 class=\"wp-block-heading has-text-align-center has-medium-font-size has-white-color has-luminous-vivid-amber-background-color has-text-color has-background has-link-color wp-elements-f655a8bc1938706a2a0b2e5f006892b0\">OFFRE DE COURS ET TARIFICATION &#8211; 2025\/2026<\/h1>\n\n\n\n<h4 class=\"wp-block-heading has-text-align-center has-medium-font-size\"><span style=\"color: #d19b1d;\">L&rsquo;association demande une cotisation annuelle \u00e0 tous ses membres de 60 \u20ac<\/span>. <\/h4>\n\n\n\n<h4 class=\"wp-block-heading has-text-align-center has-medium-font-size\"><strong>Celle ci est obligatoire et permet de participer \u00e0 des activit\u00e9s tout au long de l&rsquo;ann\u00e9e ( atelier de groupe, sc\u00e8ne ouverte, karaok\u00e9 etc&#8230; ). <\/strong><\/h4>\n\n\n\n<h4 class=\"wp-block-heading has-text-align-center has-medium-font-size\"><em>Cette cotisation peut \u00eatre prise en charge par de nombreux CE.<\/em><\/h4>\n\n\n\n<hr class=\"wp-block-separator has-alpha-channel-opacity\"\/>\n\n\n\n<h4 class=\"wp-block-heading has-medium-font-size\"><strong>P\u00e9riode 1<\/strong> = Septembre; Octobre et Novembre<\/h4>\n\n\n\n<h4 class=\"wp-block-heading has-medium-font-size\"><strong>P\u00e9riode 2<\/strong> = D\u00e9cembre, Janvier et F\u00e9vrier<\/h4>\n\n\n\n<h4 class=\"wp-block-heading has-medium-font-size\"><strong>P\u00e9riode 3<\/strong> = Mars, Avril , Mai et Juin<\/h4>\n\n\n\n<h4 class=\"wp-block-heading has-medium-font-size\"><em><strong>Possibilit\u00e9 de prendre \u00e9galement des cours en Juillet : \u00e0 voir avec l&rsquo;enseignant<\/strong><\/em><\/h4>\n\n\n\n<hr class=\"wp-block-separator has-alpha-channel-opacity\"\/>\n\n\n\n<h1 class=\"wp-block-heading has-text-align-center has-medium-font-size has-white-color has-text-color has-background has-link-color wp-elements-d5f491d80d68f9ee8a5acaa009f52896\" style=\"background-color:#f9e5af\"><span style=\"text-decoration: underline; color: #993366;\"><b>Cours hebdomadaires (50 min)<\/b><\/span><\/h1>\n\n\n\n<h3 class=\"wp-block-heading has-text-align-center has-medium-font-size\"><span style=\"color: #b87a28;\"><strong>&nbsp;Cours Individuels<\/strong><\/span><\/h3>\n\n\n\n<ul class=\"wp-block-list\">\n<li class=\"has-medium-font-size\"><h4><strong>330\u20ac pour la p\u00e9riode 1 et 330\u20ac pour la p\u00e9riode 2\u00a0<\/strong><\/h4><\/li>\n\n\n\n<li class=\"has-medium-font-size\"><h4><strong>440\u20ac pour la p\u00e9riode 3<\/strong><\/h4><\/li>\n<\/ul>\n\n\n\n<p><\/p>\n\n\n\n<h3 class=\"wp-block-heading has-text-align-center has-medium-font-size\"><span style=\"color: #b87a28;\"><strong>&nbsp; &nbsp;Cours Collectifs<\/strong><\/span><\/h3>\n\n\n\n<ul class=\"wp-block-list\">\n<li class=\"has-medium-font-size\"><h4><strong>219\u20ac pour la p\u00e9riode 1 et 219\u20ac pour la p\u00e9riode 2\u00a0<\/strong><\/h4><\/li>\n\n\n\n<li class=\"has-medium-font-size\"><h4><strong style=\"font-size: inherit;\">292\u20ac pour la p\u00e9riode 3&nbsp;<\/strong><\/h4><br><\/li>\n<\/ul>\n\n\n\n<h3 class=\"wp-block-heading has-text-align-center has-medium-font-size\"><span style=\"color: #b87a28;\"><strong>\u00c9veil Musical<\/strong><\/span><\/h3>\n\n\n\n<ul class=\"wp-block-list\">\n<li class=\"has-medium-font-size\"><h4><strong>165\u20ac pour la p\u00e9riode 1 et 165\u20ac pour la p\u00e9riode 2&nbsp;<\/strong><\/h4><\/li>\n\n\n\n<li class=\"has-medium-font-size\"><h4><strong style=\"font-size: inherit;\">220\u20ac pour la p\u00e9riode 3&nbsp;<\/strong><\/h4><br><\/li>\n<\/ul>\n\n\n\n<p class=\"has-text-align-left has-medium-font-size\"><em><span style=\"color: #b87a28;\">Prorata si inscription lors d&rsquo;une p\u00e9riode en cours.<\/span><\/em><\/p>\n\n\n\n<hr class=\"wp-block-separator has-alpha-channel-opacity\"\/>\n\n\n\n<h1 class=\"wp-block-heading has-text-align-center has-medium-font-size has-white-color has-text-color has-background has-link-color wp-elements-3de43ae472a765d59b59c3fadbe8b96b\" style=\"background-color:#f9e09c\"><span style=\"text-decoration: underline; color: #993366;\"><b>Cours une semaine sur deux en forfait (50 min)<\/b><\/span><\/h1>\n\n\n\n<p><\/p>\n\n\n\n<h3 class=\"wp-block-heading has-text-align-center has-medium-font-size\"><span style=\"color: #b87a28;\"><strong>Cours individuels et cours collectifs<\/strong><\/span><\/h3>\n\n\n\n<ul class=\"wp-block-list\">\n<li class=\"has-medium-font-size\"><h4><strong>171\u20ac pour la p\u00e9riode 1 et 171\u20ac pour la p\u00e9riode 2\u00a0<\/strong><\/h4><\/li>\n\n\n\n<li class=\"has-medium-font-size\"><h4><strong>228\u20ac pour la p\u00e9riode 3\u00a0<\/strong><\/h4><br><\/li>\n<\/ul>\n\n\n\n<p class=\"has-medium-font-size\"><em><span style=\"color: #b87a28;\">Possibilit\u00e9 d&rsquo;un cours d&rsquo;une demi heure pour les enfants en dessous de 8 ans, sous r\u00e9serve d&rsquo;accord de l&rsquo;enseignant<\/span><\/em><\/p>\n\n\n\n<hr class=\"wp-block-separator has-alpha-channel-opacity\"\/>\n\n\n\n<p class=\"has-text-align-center has-background has-medium-font-size\" style=\"background-color:#f9e19f\"><span style=\"text-decoration: underline; color: #993366;\"><b>Compr\u00e9hension Musicale<\/b><\/span><\/p>\n\n\n\n<p class=\"has-text-align-center has-medium-font-size\"><span style=\"color: #b87a28;\"><strong>Enfants 7 &#8211; 10 ans et Ado &#8211; Adultes<\/strong><\/span><\/p>\n\n\n\n<ul class=\"wp-block-list\">\n<li style=\"font-size:25px\"><strong>90\u20ac pour la p\u00e9riode 1 et 90\u20ac pour la p\u00e9riode 2<\/strong><\/li>\n\n\n\n<li style=\"font-size:25px\"><strong>120\u20ac pour la p\u00e9riode 3<\/strong><br><\/li>\n<\/ul>\n\n\n\n<ul class=\"wp-block-list\"><\/ul>\n\n\n\n<hr class=\"wp-block-separator has-alpha-channel-opacity\"\/>\n\n\n\n<h1 class=\"wp-block-heading has-text-align-center has-medium-font-size has-white-color has-text-color has-background has-link-color wp-elements-b43891aad33eeaa5d4c52306e6590d54\" style=\"background-color:#f9e19f\"><span style=\"text-decoration: underline; color: #993366;\"><b>Cours de d\u00e9couverte pour les non-adh\u00e9rents<\/b><\/span><\/h1>\n\n\n\n<h4 class=\"wp-block-heading has-text-align-center has-medium-font-size\"><span style=\"color: #b87a28;\"><strong>Quelle que soit la discipline, ils sont factur\u00e9s&nbsp; 40 Euros pour une s\u00e9ance de 50 minutes.<\/strong><\/span><\/h4>\n\n\n\n<h4 class=\"wp-block-heading has-text-align-center has-medium-font-size\">Cette offre se limite \u00e0 3 cours par personne, toute discipline confondue.<\/h4>\n\n\n\n<h4 class=\"wp-block-heading has-text-align-center has-medium-font-size\"><strong>Au del\u00e0 du troisi\u00e8me cours, l&rsquo;adh\u00e9sion \u00e0 l&rsquo;association est obligatoire, ou les cours seront alors factur\u00e9s <span style=\"color: #b87a28;\">46 Euros<\/span>.<\/strong><\/h4>\n\n\n\n<hr class=\"wp-block-separator has-alpha-channel-opacity\"\/>\n\n\n\n<h4 class=\"wp-block-heading has-text-align-center has-medium-font-size\"><em><strong>Pour toutes informations compl\u00e9mentaires, sur les offres et les tarifs, n&rsquo;h\u00e9sitez pas \u00e0 nous appeler, nous envoyer un mail, ou de nous rendre visite !<\/strong><\/em><\/h4>\n\n\n\n<p class=\"has-text-align-center\">_______________________________________________________________________<\/p>\n\n\n\n<p class=\"has-text-align-center has-medium-font-size\"><strong>Retrouvez nous sur vos r\u00e9seaux sociaux pr\u00e9f\u00e9r\u00e9s pour suivre notre actualit\u00e9 : <\/strong><\/p>\n\n\n<div class=\"wp-block-image\">\n<figure class=\"aligncenter is-resized\"><a href=\"https:\/\/www.facebook.com\/musicinstituteandculture\/\" target=\"_blank\" rel=\"noreferrer noopener\"><img loading=\"lazy\" decoding=\"async\" width=\"300\" height=\"300\" src=\"http:\/\/www.mic31.fr\/wordpress\/wp-content\/uploads\/2016\/10\/icone-facebook-site-300x300.png\" alt=\"icone facebook site\" class=\"wp-image-506\" style=\"width:66px;height:auto\" srcset=\"https:\/\/www.mic31.fr\/wordpress\/wp-content\/uploads\/2016\/10\/icone-facebook-site-300x300.png 300w, https:\/\/www.mic31.fr\/wordpress\/wp-content\/uploads\/2016\/10\/icone-facebook-site-150x150.png 150w, https:\/\/www.mic31.fr\/wordpress\/wp-content\/uploads\/2016\/10\/icone-facebook-site-200x200.png 200w, https:\/\/www.mic31.fr\/wordpress\/wp-content\/uploads\/2016\/10\/icone-facebook-site.png 626w\" sizes=\"auto, (max-width: 300px) 100vw, 300px\" \/><\/a><\/figure>\n<\/div>\n\n\n<p><\/p>\n\n\n\n<div class=\"wp-block-group\"><div class=\"wp-block-group__inner-container is-layout-constrained wp-block-group-is-layout-constrained\"><div class=\"wp-block-image\">\n<figure class=\"aligncenter is-resized\"><a href=\"https:\/\/www.instagram.com\/assomic31\/\" target=\"_blank\" rel=\"noreferrer noopener\"><img loading=\"lazy\" decoding=\"async\" width=\"300\" height=\"300\" src=\"http:\/\/www.mic31.fr\/wordpress\/wp-content\/uploads\/2016\/10\/icone-instagram-site-300x300.png\" alt=\"icone instagram site\" class=\"wp-image-504\" style=\"width:69px;height:auto\" srcset=\"https:\/\/www.mic31.fr\/wordpress\/wp-content\/uploads\/2016\/10\/icone-instagram-site-300x300.png 300w, https:\/\/www.mic31.fr\/wordpress\/wp-content\/uploads\/2016\/10\/icone-instagram-site-150x150.png 150w, https:\/\/www.mic31.fr\/wordpress\/wp-content\/uploads\/2016\/10\/icone-instagram-site-200x200.png 200w, https:\/\/www.mic31.fr\/wordpress\/wp-content\/uploads\/2016\/10\/icone-instagram-site.png 400w\" sizes=\"auto, (max-width: 300px) 100vw, 300px\" \/><\/a><\/figure>\n<\/div><\/div><\/div>\n\n\n\n<p class=\"has-text-align-center\">&nbsp;&nbsp;&nbsp; &nbsp;&nbsp;&nbsp; &nbsp;&nbsp;<\/p>\n\n\n\n<p><\/p>\n","protected":false},"excerpt":{"rendered":"<p>OFFRE DE COURS ET TARIFICATION &#8211; 2025\/2026 L&rsquo;association demande une cotisation annuelle \u00e0 tous ses membres de 60 \u20ac. Celle ci est obligatoire [&hellip;]<\/p>\n","protected":false},"author":1,"featured_media":0,"parent":0,"menu_order":4,"comment_status":"closed","ping_status":"closed","template":"","meta":{"footnotes":""},"class_list":["post-143","page","type-page","status-publish","hentry"],"yoast_head":"<!-- This site is optimized with the Yoast SEO plugin v24.1 - https:\/\/yoast.com\/wordpress\/plugins\/seo\/ -->\n<title>Tarifs des cours de Music Institute and Culture \u00e0 Colomiers<\/title>\n<meta name=\"description\" content=\"Une autre approche de la musique dans cette \u00e9cole de musique \u00e0 Colomiers ( 31). Cours de Guitare, de Basse, de Chant, de Batterie, de Piano.\" \/>\n<meta name=\"robots\" content=\"index, follow, max-snippet:-1, max-image-preview:large, max-video-preview:-1\" \/>\n<link rel=\"canonical\" href=\"https:\/\/www.mic31.fr\/index.php\/tarifs-et-conditions\/\" \/>\n<meta property=\"og:locale\" content=\"fr_FR\" \/>\n<meta property=\"og:type\" content=\"article\" \/>\n<meta property=\"og:title\" content=\"Tarifs des cours de Music Institute and Culture \u00e0 Colomiers\" \/>\n<meta property=\"og:description\" content=\"Une autre approche de la musique dans cette \u00e9cole de musique \u00e0 Colomiers ( 31). Cours de Guitare, de Basse, de Chant, de Batterie, de Piano.\" \/>\n<meta property=\"og:url\" content=\"https:\/\/www.mic31.fr\/index.php\/tarifs-et-conditions\/\" \/>\n<meta property=\"article:publisher\" content=\"https:\/\/www.facebook.com\/musicinstituteandculture\/\" \/>\n<meta property=\"article:modified_time\" content=\"2025-07-07T14:13:19+00:00\" \/>\n<meta property=\"og:image\" content=\"http:\/\/www.mic31.fr\/wordpress\/wp-content\/uploads\/2016\/10\/icone-facebook-site-300x300.png\" \/>\n<meta name=\"twitter:card\" content=\"summary_large_image\" \/>\n<meta name=\"twitter:site\" content=\"@assomic31\" \/>\n<meta name=\"twitter:label1\" content=\"Dur\u00e9e de lecture estim\u00e9e\" \/>\n\t<meta name=\"twitter:data1\" content=\"3 minutes\" \/>\n<script type=\"application\/ld+json\" class=\"yoast-schema-graph\">{\"@context\":\"https:\/\/schema.org\",\"@graph\":[{\"@type\":\"WebPage\",\"@id\":\"https:\/\/www.mic31.fr\/index.php\/tarifs-et-conditions\/\",\"url\":\"https:\/\/www.mic31.fr\/index.php\/tarifs-et-conditions\/\",\"name\":\"Tarifs des cours de Music Institute and Culture \u00e0 Colomiers\",\"isPartOf\":{\"@id\":\"http:\/\/www.mic31.fr\/#website\"},\"primaryImageOfPage\":{\"@id\":\"https:\/\/www.mic31.fr\/index.php\/tarifs-et-conditions\/#primaryimage\"},\"image\":{\"@id\":\"https:\/\/www.mic31.fr\/index.php\/tarifs-et-conditions\/#primaryimage\"},\"thumbnailUrl\":\"http:\/\/www.mic31.fr\/wordpress\/wp-content\/uploads\/2016\/10\/icone-facebook-site-300x300.png\",\"datePublished\":\"2016-10-19T17:46:32+00:00\",\"dateModified\":\"2025-07-07T14:13:19+00:00\",\"description\":\"Une autre approche de la musique dans cette \u00e9cole de musique \u00e0 Colomiers ( 31). Cours de Guitare, de Basse, de Chant, de Batterie, de Piano.\",\"breadcrumb\":{\"@id\":\"https:\/\/www.mic31.fr\/index.php\/tarifs-et-conditions\/#breadcrumb\"},\"inLanguage\":\"fr-FR\",\"potentialAction\":[{\"@type\":\"ReadAction\",\"target\":[\"https:\/\/www.mic31.fr\/index.php\/tarifs-et-conditions\/\"]}]},{\"@type\":\"ImageObject\",\"inLanguage\":\"fr-FR\",\"@id\":\"https:\/\/www.mic31.fr\/index.php\/tarifs-et-conditions\/#primaryimage\",\"url\":\"https:\/\/www.mic31.fr\/wordpress\/wp-content\/uploads\/2016\/10\/icone-facebook-site.png\",\"contentUrl\":\"https:\/\/www.mic31.fr\/wordpress\/wp-content\/uploads\/2016\/10\/icone-facebook-site.png\",\"width\":626,\"height\":626},{\"@type\":\"BreadcrumbList\",\"@id\":\"https:\/\/www.mic31.fr\/index.php\/tarifs-et-conditions\/#breadcrumb\",\"itemListElement\":[{\"@type\":\"ListItem\",\"position\":1,\"name\":\"Accueil\",\"item\":\"http:\/\/www.mic31.fr\/\"},{\"@type\":\"ListItem\",\"position\":2,\"name\":\"Tarifs\/conditions\"}]},{\"@type\":\"WebSite\",\"@id\":\"http:\/\/www.mic31.fr\/#website\",\"url\":\"http:\/\/www.mic31.fr\/\",\"name\":\"Music Institute and Culture\",\"description\":\"\",\"publisher\":{\"@id\":\"http:\/\/www.mic31.fr\/#organization\"},\"potentialAction\":[{\"@type\":\"SearchAction\",\"target\":{\"@type\":\"EntryPoint\",\"urlTemplate\":\"http:\/\/www.mic31.fr\/?s={search_term_string}\"},\"query-input\":{\"@type\":\"PropertyValueSpecification\",\"valueRequired\":true,\"valueName\":\"search_term_string\"}}],\"inLanguage\":\"fr-FR\"},{\"@type\":\"Organization\",\"@id\":\"http:\/\/www.mic31.fr\/#organization\",\"name\":\"Music institute and Culture\",\"url\":\"http:\/\/www.mic31.fr\/\",\"logo\":{\"@type\":\"ImageObject\",\"inLanguage\":\"fr-FR\",\"@id\":\"http:\/\/www.mic31.fr\/#\/schema\/logo\/image\/\",\"url\":\"http:\/\/www.mic31.fr\/wordpress\/wp-content\/uploads\/2016\/10\/cropped-cropped-Flyer-asso-MIC-v8-copie.jpg\",\"contentUrl\":\"http:\/\/www.mic31.fr\/wordpress\/wp-content\/uploads\/2016\/10\/cropped-cropped-Flyer-asso-MIC-v8-copie.jpg\",\"width\":512,\"height\":512,\"caption\":\"Music institute and Culture\"},\"image\":{\"@id\":\"http:\/\/www.mic31.fr\/#\/schema\/logo\/image\/\"},\"sameAs\":[\"https:\/\/www.facebook.com\/musicinstituteandculture\/\",\"https:\/\/x.com\/assomic31\",\"https:\/\/www.instagram.com\/assomic31\/\"]}]}<\/script>\n<!-- \/ Yoast SEO plugin. -->","yoast_head_json":{"title":"Tarifs des cours de Music Institute and Culture \u00e0 Colomiers","description":"Une autre approche de la musique dans cette \u00e9cole de musique \u00e0 Colomiers ( 31). Cours de Guitare, de Basse, de Chant, de Batterie, de Piano.","robots":{"index":"index","follow":"follow","max-snippet":"max-snippet:-1","max-image-preview":"max-image-preview:large","max-video-preview":"max-video-preview:-1"},"canonical":"https:\/\/www.mic31.fr\/index.php\/tarifs-et-conditions\/","og_locale":"fr_FR","og_type":"article","og_title":"Tarifs des cours de Music Institute and Culture \u00e0 Colomiers","og_description":"Une autre approche de la musique dans cette \u00e9cole de musique \u00e0 Colomiers ( 31). Cours de Guitare, de Basse, de Chant, de Batterie, de Piano.","og_url":"https:\/\/www.mic31.fr\/index.php\/tarifs-et-conditions\/","article_publisher":"https:\/\/www.facebook.com\/musicinstituteandculture\/","article_modified_time":"2025-07-07T14:13:19+00:00","og_image":[{"url":"http:\/\/www.mic31.fr\/wordpress\/wp-content\/uploads\/2016\/10\/icone-facebook-site-300x300.png","type":"","width":"","height":""}],"twitter_card":"summary_large_image","twitter_site":"@assomic31","twitter_misc":{"Dur\u00e9e de lecture estim\u00e9e":"3 minutes"},"schema":{"@context":"https:\/\/schema.org","@graph":[{"@type":"WebPage","@id":"https:\/\/www.mic31.fr\/index.php\/tarifs-et-conditions\/","url":"https:\/\/www.mic31.fr\/index.php\/tarifs-et-conditions\/","name":"Tarifs des cours de Music Institute and Culture \u00e0 Colomiers","isPartOf":{"@id":"http:\/\/www.mic31.fr\/#website"},"primaryImageOfPage":{"@id":"https:\/\/www.mic31.fr\/index.php\/tarifs-et-conditions\/#primaryimage"},"image":{"@id":"https:\/\/www.mic31.fr\/index.php\/tarifs-et-conditions\/#primaryimage"},"thumbnailUrl":"http:\/\/www.mic31.fr\/wordpress\/wp-content\/uploads\/2016\/10\/icone-facebook-site-300x300.png","datePublished":"2016-10-19T17:46:32+00:00","dateModified":"2025-07-07T14:13:19+00:00","description":"Une autre approche de la musique dans cette \u00e9cole de musique \u00e0 Colomiers ( 31). Cours de Guitare, de Basse, de Chant, de Batterie, de Piano.","breadcrumb":{"@id":"https:\/\/www.mic31.fr\/index.php\/tarifs-et-conditions\/#breadcrumb"},"inLanguage":"fr-FR","potentialAction":[{"@type":"ReadAction","target":["https:\/\/www.mic31.fr\/index.php\/tarifs-et-conditions\/"]}]},{"@type":"ImageObject","inLanguage":"fr-FR","@id":"https:\/\/www.mic31.fr\/index.php\/tarifs-et-conditions\/#primaryimage","url":"https:\/\/www.mic31.fr\/wordpress\/wp-content\/uploads\/2016\/10\/icone-facebook-site.png","contentUrl":"https:\/\/www.mic31.fr\/wordpress\/wp-content\/uploads\/2016\/10\/icone-facebook-site.png","width":626,"height":626},{"@type":"BreadcrumbList","@id":"https:\/\/www.mic31.fr\/index.php\/tarifs-et-conditions\/#breadcrumb","itemListElement":[{"@type":"ListItem","position":1,"name":"Accueil","item":"http:\/\/www.mic31.fr\/"},{"@type":"ListItem","position":2,"name":"Tarifs\/conditions"}]},{"@type":"WebSite","@id":"http:\/\/www.mic31.fr\/#website","url":"http:\/\/www.mic31.fr\/","name":"Music Institute and Culture","description":"","publisher":{"@id":"http:\/\/www.mic31.fr\/#organization"},"potentialAction":[{"@type":"SearchAction","target":{"@type":"EntryPoint","urlTemplate":"http:\/\/www.mic31.fr\/?s={search_term_string}"},"query-input":{"@type":"PropertyValueSpecification","valueRequired":true,"valueName":"search_term_string"}}],"inLanguage":"fr-FR"},{"@type":"Organization","@id":"http:\/\/www.mic31.fr\/#organization","name":"Music institute and Culture","url":"http:\/\/www.mic31.fr\/","logo":{"@type":"ImageObject","inLanguage":"fr-FR","@id":"http:\/\/www.mic31.fr\/#\/schema\/logo\/image\/","url":"http:\/\/www.mic31.fr\/wordpress\/wp-content\/uploads\/2016\/10\/cropped-cropped-Flyer-asso-MIC-v8-copie.jpg","contentUrl":"http:\/\/www.mic31.fr\/wordpress\/wp-content\/uploads\/2016\/10\/cropped-cropped-Flyer-asso-MIC-v8-copie.jpg","width":512,"height":512,"caption":"Music institute and Culture"},"image":{"@id":"http:\/\/www.mic31.fr\/#\/schema\/logo\/image\/"},"sameAs":["https:\/\/www.facebook.com\/musicinstituteandculture\/","https:\/\/x.com\/assomic31","https:\/\/www.instagram.com\/assomic31\/"]}]}},"_links":{"self":[{"href":"https:\/\/www.mic31.fr\/index.php\/wp-json\/wp\/v2\/pages\/143","targetHints":{"allow":["GET"]}}],"collection":[{"href":"https:\/\/www.mic31.fr\/index.php\/wp-json\/wp\/v2\/pages"}],"about":[{"href":"https:\/\/www.mic31.fr\/index.php\/wp-json\/wp\/v2\/types\/page"}],"author":[{"embeddable":true,"href":"https:\/\/www.mic31.fr\/index.php\/wp-json\/wp\/v2\/users\/1"}],"replies":[{"embeddable":true,"href":"https:\/\/www.mic31.fr\/index.php\/wp-json\/wp\/v2\/comments?post=143"}],"version-history":[{"count":65,"href":"https:\/\/www.mic31.fr\/index.php\/wp-json\/wp\/v2\/pages\/143\/revisions"}],"predecessor-version":[{"id":3952,"href":"https:\/\/www.mic31.fr\/index.php\/wp-json\/wp\/v2\/pages\/143\/revisions\/3952"}],"wp:attachment":[{"href":"https:\/\/www.mic31.fr\/index.php\/wp-json\/wp\/v2\/media?parent=143"}],"curies":[{"name":"wp","href":"https:\/\/api.w.org\/{rel}","templated":true}]}}