{"id":119,"date":"2016-10-19T19:31:35","date_gmt":"2016-10-19T17:31:35","guid":{"rendered":"http:\/\/mic31.fr\/wordpress\/?page_id=119"},"modified":"2025-10-14T16:26:51","modified_gmt":"2025-10-14T14:26:51","slug":"joris-guitare","status":"publish","type":"page","link":"https:\/\/www.mic31.fr\/index.php\/les-cours\/guitare\/joris-guitare\/","title":{"rendered":"Joris &#8211; Guitare"},"content":{"rendered":"<div class=\"wp-block-image\">\n<figure class=\"aligncenter size-large is-resized\"><img loading=\"lazy\" decoding=\"async\" width=\"819\" height=\"1024\" src=\"https:\/\/www.mic31.fr\/wordpress\/wp-content\/uploads\/2025\/10\/Joris-1-819x1024.jpeg\" alt=\"\" class=\"wp-image-4251\" style=\"width:651px;height:auto\" srcset=\"https:\/\/www.mic31.fr\/wordpress\/wp-content\/uploads\/2025\/10\/Joris-1-819x1024.jpeg 819w, https:\/\/www.mic31.fr\/wordpress\/wp-content\/uploads\/2025\/10\/Joris-1-240x300.jpeg 240w, https:\/\/www.mic31.fr\/wordpress\/wp-content\/uploads\/2025\/10\/Joris-1-768x960.jpeg 768w, https:\/\/www.mic31.fr\/wordpress\/wp-content\/uploads\/2025\/10\/Joris-1.jpeg 1080w\" sizes=\"auto, (max-width: 819px) 100vw, 819px\" \/><\/figure>\n<\/div>\n\n\n<p><\/p>\n\n\n\n<p class=\"has-text-align-center has-medium-font-size\">Joris a commenc\u00e9 la guitare \u00e0 14 ans en autodidacte et a jou\u00e9 dans le groupe charentais \u00ab&nbsp;Les casques rouges&nbsp;\u00bb.<\/p>\n\n\n\n<h4 class=\"wp-block-heading has-text-align-center has-medium-font-size\">En 2011 il int\u00e8gre la Music Academy International dont il ressort dipl\u00f4m\u00e9 avec mention.<\/h4>\n\n\n\n<h4 class=\"wp-block-heading has-medium-font-size\">Install\u00e9 sur Toulouse depuis 2012, il joue dans de nombreux projets tels que&nbsp;<a href=\"http:\/\/aerisian.com\/\" target=\"_blank\" rel=\"noopener\">Aerisian<\/a> (trio de guitares acoustiques) ou <a href=\"https:\/\/www.facebook.com\/SeeEmilyPlayOfficiel\/\" target=\"_blank\" rel=\"noopener\">See Emily Play<\/a> (duo guitare\/voix)\u2026<\/h4>\n\n\n\n<h4 class=\"wp-block-heading has-medium-font-size\">Depuis 2014 il se consacre \u00e0&nbsp;<a href=\"http:\/\/3amsyndrome.com\/\" target=\"_blank\" rel=\"noopener\">3 AM SYNDROME<\/a><a href=\"http:\/\/3amsyndrome.com\/\" target=\"_blank\" rel=\"noopener\">&nbsp;<\/a>&nbsp;groupe de Rock avec lequel il sillonne le Sud Ouest.<\/h4>\n\n\n\n<h4 class=\"wp-block-heading has-medium-font-size\">Parall\u00e8lement \u00e0 ses activit\u00e9s de groupe, Joris collabore \u00e0 des m\u00e9thodes p\u00e9dagogiques et est aussi co cr\u00e9ateur de la web s\u00e9rie humoristique et p\u00e9dagogique autour de la guitare<a href=\"https:\/\/www.facebook.com\/ToucheTonManche\/?fref=ts\" target=\"_blank\" rel=\"noopener\"> \u00ab&nbsp;Touche Ton Manche&nbsp;\u00bb<\/a> qui fut notamment diffus\u00e9e sur Guitar Part.<\/h4>\n\n\n\n<h4 class=\"wp-block-heading has-text-align-center has-medium-font-size\"><strong>Contenu du cours&nbsp;:<\/strong><\/h4>\n\n\n\n<h4 class=\"wp-block-heading has-text-align-center has-medium-font-size\"><em>Le but premier des cours est d\u2019apporter les cl\u00e9s de compr\u00e9hension pour que l\u2019\u00e9l\u00e8ve puisse d\u00e9velopper une m\u00e9thode de travail autonome et efficace.<\/em><\/h4>\n\n\n\n<h4 class=\"wp-block-heading has-text-align-center has-medium-font-size\"><em>Le cours est construit par rapport aux demandes et au niveau de l\u2019\u00e9l\u00e8ve, ainsi toutes les notions utiles \u00e0 la progression sont abord\u00e9es&nbsp;: rythme, \u00e9coute, travail de gammes, technique pure, etc\u2026<\/em><\/h4>\n\n\n\n<h4 class=\"wp-block-heading has-text-align-center has-medium-font-size\"><em>La mise en exemple des notions travaill\u00e9es se fait gr\u00e2ce \u00e0 des morceaux entiers ou des parties sp\u00e9cifiques tir\u00e9s d\u2019un r\u00e9pertoire appr\u00e9ci\u00e9 par l\u2019\u00e9l\u00e8ve.<\/em><\/h4>\n\n\n\n<h4 class=\"wp-block-heading has-text-align-center has-medium-font-size\"><em>Le solf\u00e8ge (ce grand mot qui fait peur) est directement appliqu\u00e9 \u00e0 l\u2019instrument ce qui aidera \u00e0 comprendre l\u2019utilisation concr\u00e8te des r\u00e8gles et astuces de la th\u00e9orie musicale.<\/em><\/h4>\n\n\n\n<h4 class=\"wp-block-heading has-text-align-center has-medium-font-size\"><em>Enfin le cours se doit d\u2019\u00eatre un moment de d\u00e9couverte tant sur les aspects techniques et th\u00e9oriques mais aussi sur la culture musicale g\u00e9n\u00e9rale, c\u2019est pourquoi parfois le professeur se r\u00e9serve le droit de prendre du temps afin de faire d\u00e9couvrir un artiste ou un style \u00e0 l\u2019\u00e9l\u00e8ve.<\/em><\/h4>\n\n\n\n<h4 class=\"wp-block-heading\">&nbsp;<\/h4>\n\n\n\n<h3 class=\"wp-block-heading has-text-align-center has-medium-font-size\"><strong><span style=\"color: #cf0c74;\">INFO<\/span> : Cette ann\u00e9e Joris animera la session \u00a0\u00bb jeu en groupe\u00a0\u00bb.<\/strong><\/h3>\n\n\n\n<h4 class=\"wp-block-heading has-text-align-center has-medium-font-size\">Et pour sourire un peu :<\/h4>\n\n\n\n<figure class=\"wp-block-embed is-type-video is-provider-youtube wp-block-embed-youtube wp-embed-aspect-16-9 wp-has-aspect-ratio\"><div class=\"wp-block-embed__wrapper\">\n<iframe loading=\"lazy\" title=\"Touche Ton Manche - Episode 7 : Les Arch\u00e9types de Guitaristes\" width=\"640\" height=\"360\" src=\"https:\/\/www.youtube.com\/embed\/UZtDvgYCUYM?feature=oembed\" frameborder=\"0\" allow=\"accelerometer; autoplay; clipboard-write; encrypted-media; gyroscope; picture-in-picture; web-share\" referrerpolicy=\"strict-origin-when-cross-origin\" allowfullscreen><\/iframe>\n<\/div><\/figure>\n\n\n\n<p><\/p>\n\n\n\n<h3 class=\"wp-block-heading has-text-align-center has-medium-font-size\"><strong>Pour les tarifs des cours :&nbsp;<a href=\"http:\/\/www.mic31.fr\/index.php\/tarifs-et-conditions\/\">infos ici<\/a><\/strong><\/h3>\n\n\n\n<p class=\"has-text-align-center\">____________________________________________________________________________<\/p>\n\n\n\n<p class=\"has-text-align-center\">&nbsp;&nbsp;&nbsp; &nbsp;&nbsp;&nbsp; &nbsp;&nbsp;<\/p>\n\n\n\n<p class=\"has-text-align-center has-medium-font-size\"><strong>Retrouvez nous sur vos r\u00e9seaux sociaux pr\u00e9f\u00e9r\u00e9s pour suivre notre actualit\u00e9 : <\/strong><\/p>\n\n\n<div class=\"wp-block-image\">\n<figure class=\"aligncenter is-resized\"><a href=\"https:\/\/www.facebook.com\/musicinstituteandculture\/\" target=\"_blank\" rel=\"noreferrer noopener\"><img loading=\"lazy\" decoding=\"async\" width=\"300\" height=\"300\" src=\"http:\/\/www.mic31.fr\/wordpress\/wp-content\/uploads\/2016\/10\/icone-facebook-site-300x300.png\" alt=\"icone facebook site\" class=\"wp-image-506\" style=\"width:66px;height:auto\" srcset=\"https:\/\/www.mic31.fr\/wordpress\/wp-content\/uploads\/2016\/10\/icone-facebook-site-300x300.png 300w, https:\/\/www.mic31.fr\/wordpress\/wp-content\/uploads\/2016\/10\/icone-facebook-site-150x150.png 150w, https:\/\/www.mic31.fr\/wordpress\/wp-content\/uploads\/2016\/10\/icone-facebook-site-200x200.png 200w, https:\/\/www.mic31.fr\/wordpress\/wp-content\/uploads\/2016\/10\/icone-facebook-site.png 626w\" sizes=\"auto, (max-width: 300px) 100vw, 300px\" \/><\/a><\/figure>\n<\/div>\n\n\n<p><\/p>\n\n\n\n<div class=\"wp-block-group\"><div class=\"wp-block-group__inner-container is-layout-constrained wp-block-group-is-layout-constrained\"><div class=\"wp-block-image\">\n<figure class=\"aligncenter is-resized\"><a href=\"https:\/\/www.instagram.com\/assomic31\/\" target=\"_blank\" rel=\"noreferrer noopener\"><img loading=\"lazy\" decoding=\"async\" width=\"300\" height=\"300\" src=\"http:\/\/www.mic31.fr\/wordpress\/wp-content\/uploads\/2016\/10\/icone-instagram-site-300x300.png\" alt=\"icone instagram site\" class=\"wp-image-504\" style=\"width:69px;height:auto\" srcset=\"https:\/\/www.mic31.fr\/wordpress\/wp-content\/uploads\/2016\/10\/icone-instagram-site-300x300.png 300w, https:\/\/www.mic31.fr\/wordpress\/wp-content\/uploads\/2016\/10\/icone-instagram-site-150x150.png 150w, https:\/\/www.mic31.fr\/wordpress\/wp-content\/uploads\/2016\/10\/icone-instagram-site-200x200.png 200w, https:\/\/www.mic31.fr\/wordpress\/wp-content\/uploads\/2016\/10\/icone-instagram-site.png 400w\" sizes=\"auto, (max-width: 300px) 100vw, 300px\" \/><\/a><\/figure>\n<\/div><\/div><\/div>\n","protected":false},"excerpt":{"rendered":"<p>Joris a commenc\u00e9 la guitare \u00e0 14 ans en autodidacte et a jou\u00e9 dans le groupe charentais \u00ab&nbsp;Les casques rouges&nbsp;\u00bb. En 2011 il [&hellip;]<\/p>\n","protected":false},"author":1,"featured_media":0,"parent":99,"menu_order":2,"comment_status":"closed","ping_status":"closed","template":"","meta":{"footnotes":""},"class_list":["post-119","page","type-page","status-publish","hentry"],"yoast_head":"<!-- This site is optimized with the Yoast SEO plugin v24.1 - https:\/\/yoast.com\/wordpress\/plugins\/seo\/ -->\n<title>Joris \/ Cours de Guitare \/ Music Insitute and Culture \u00e0 Colomiers<\/title>\n<meta name=\"description\" content=\"Une autre approche de la musique dans cette \u00e9cole de musique \u00e0 Colomiers ( 31). Cours de Guitare, de Basse, de Chant, de Batterie, de Piano.\" \/>\n<meta name=\"robots\" content=\"index, follow, max-snippet:-1, max-image-preview:large, max-video-preview:-1\" \/>\n<link rel=\"canonical\" href=\"https:\/\/www.mic31.fr\/index.php\/les-cours\/guitare\/joris-guitare\/\" \/>\n<meta property=\"og:locale\" content=\"fr_FR\" \/>\n<meta property=\"og:type\" content=\"article\" \/>\n<meta property=\"og:title\" content=\"Joris \/ Cours de Guitare \/ Music Insitute and Culture \u00e0 Colomiers\" \/>\n<meta property=\"og:description\" content=\"Une autre approche de la musique dans cette \u00e9cole de musique \u00e0 Colomiers ( 31). Cours de Guitare, de Basse, de Chant, de Batterie, de Piano.\" \/>\n<meta property=\"og:url\" content=\"https:\/\/www.mic31.fr\/index.php\/les-cours\/guitare\/joris-guitare\/\" \/>\n<meta property=\"article:publisher\" content=\"https:\/\/www.facebook.com\/musicinstituteandculture\/\" \/>\n<meta property=\"article:modified_time\" content=\"2025-10-14T14:26:51+00:00\" \/>\n<meta property=\"og:image\" content=\"https:\/\/www.mic31.fr\/wordpress\/wp-content\/uploads\/2025\/10\/Joris-1-819x1024.jpeg\" \/>\n<meta name=\"twitter:card\" content=\"summary_large_image\" \/>\n<meta name=\"twitter:site\" content=\"@assomic31\" \/>\n<meta name=\"twitter:label1\" content=\"Dur\u00e9e de lecture estim\u00e9e\" \/>\n\t<meta name=\"twitter:data1\" content=\"3 minutes\" \/>\n<script type=\"application\/ld+json\" class=\"yoast-schema-graph\">{\"@context\":\"https:\/\/schema.org\",\"@graph\":[{\"@type\":\"WebPage\",\"@id\":\"https:\/\/www.mic31.fr\/index.php\/les-cours\/guitare\/joris-guitare\/\",\"url\":\"https:\/\/www.mic31.fr\/index.php\/les-cours\/guitare\/joris-guitare\/\",\"name\":\"Joris \/ Cours de Guitare \/ Music Insitute and Culture \u00e0 Colomiers\",\"isPartOf\":{\"@id\":\"http:\/\/www.mic31.fr\/#website\"},\"primaryImageOfPage\":{\"@id\":\"https:\/\/www.mic31.fr\/index.php\/les-cours\/guitare\/joris-guitare\/#primaryimage\"},\"image\":{\"@id\":\"https:\/\/www.mic31.fr\/index.php\/les-cours\/guitare\/joris-guitare\/#primaryimage\"},\"thumbnailUrl\":\"https:\/\/www.mic31.fr\/wordpress\/wp-content\/uploads\/2025\/10\/Joris-1-819x1024.jpeg\",\"datePublished\":\"2016-10-19T17:31:35+00:00\",\"dateModified\":\"2025-10-14T14:26:51+00:00\",\"description\":\"Une autre approche de la musique dans cette \u00e9cole de musique \u00e0 Colomiers ( 31). Cours de Guitare, de Basse, de Chant, de Batterie, de Piano.\",\"breadcrumb\":{\"@id\":\"https:\/\/www.mic31.fr\/index.php\/les-cours\/guitare\/joris-guitare\/#breadcrumb\"},\"inLanguage\":\"fr-FR\",\"potentialAction\":[{\"@type\":\"ReadAction\",\"target\":[\"https:\/\/www.mic31.fr\/index.php\/les-cours\/guitare\/joris-guitare\/\"]}]},{\"@type\":\"ImageObject\",\"inLanguage\":\"fr-FR\",\"@id\":\"https:\/\/www.mic31.fr\/index.php\/les-cours\/guitare\/joris-guitare\/#primaryimage\",\"url\":\"https:\/\/www.mic31.fr\/wordpress\/wp-content\/uploads\/2025\/10\/Joris-1-819x1024.jpeg\",\"contentUrl\":\"https:\/\/www.mic31.fr\/wordpress\/wp-content\/uploads\/2025\/10\/Joris-1-819x1024.jpeg\"},{\"@type\":\"BreadcrumbList\",\"@id\":\"https:\/\/www.mic31.fr\/index.php\/les-cours\/guitare\/joris-guitare\/#breadcrumb\",\"itemListElement\":[{\"@type\":\"ListItem\",\"position\":1,\"name\":\"Accueil\",\"item\":\"http:\/\/www.mic31.fr\/\"},{\"@type\":\"ListItem\",\"position\":2,\"name\":\"Les enseignements\",\"item\":\"https:\/\/www.mic31.fr\/index.php\/les-cours\/\"},{\"@type\":\"ListItem\",\"position\":3,\"name\":\"Guitare\",\"item\":\"https:\/\/www.mic31.fr\/index.php\/les-cours\/guitare\/\"},{\"@type\":\"ListItem\",\"position\":4,\"name\":\"Joris &#8211; Guitare\"}]},{\"@type\":\"WebSite\",\"@id\":\"http:\/\/www.mic31.fr\/#website\",\"url\":\"http:\/\/www.mic31.fr\/\",\"name\":\"Music Institute and Culture\",\"description\":\"\",\"publisher\":{\"@id\":\"http:\/\/www.mic31.fr\/#organization\"},\"potentialAction\":[{\"@type\":\"SearchAction\",\"target\":{\"@type\":\"EntryPoint\",\"urlTemplate\":\"http:\/\/www.mic31.fr\/?s={search_term_string}\"},\"query-input\":{\"@type\":\"PropertyValueSpecification\",\"valueRequired\":true,\"valueName\":\"search_term_string\"}}],\"inLanguage\":\"fr-FR\"},{\"@type\":\"Organization\",\"@id\":\"http:\/\/www.mic31.fr\/#organization\",\"name\":\"Music institute and Culture\",\"url\":\"http:\/\/www.mic31.fr\/\",\"logo\":{\"@type\":\"ImageObject\",\"inLanguage\":\"fr-FR\",\"@id\":\"http:\/\/www.mic31.fr\/#\/schema\/logo\/image\/\",\"url\":\"http:\/\/www.mic31.fr\/wordpress\/wp-content\/uploads\/2016\/10\/cropped-cropped-Flyer-asso-MIC-v8-copie.jpg\",\"contentUrl\":\"http:\/\/www.mic31.fr\/wordpress\/wp-content\/uploads\/2016\/10\/cropped-cropped-Flyer-asso-MIC-v8-copie.jpg\",\"width\":512,\"height\":512,\"caption\":\"Music institute and Culture\"},\"image\":{\"@id\":\"http:\/\/www.mic31.fr\/#\/schema\/logo\/image\/\"},\"sameAs\":[\"https:\/\/www.facebook.com\/musicinstituteandculture\/\",\"https:\/\/x.com\/assomic31\",\"https:\/\/www.instagram.com\/assomic31\/\"]}]}<\/script>\n<!-- \/ Yoast SEO plugin. -->","yoast_head_json":{"title":"Joris \/ Cours de Guitare \/ Music Insitute and Culture \u00e0 Colomiers","description":"Une autre approche de la musique dans cette \u00e9cole de musique \u00e0 Colomiers ( 31). Cours de Guitare, de Basse, de Chant, de Batterie, de Piano.","robots":{"index":"index","follow":"follow","max-snippet":"max-snippet:-1","max-image-preview":"max-image-preview:large","max-video-preview":"max-video-preview:-1"},"canonical":"https:\/\/www.mic31.fr\/index.php\/les-cours\/guitare\/joris-guitare\/","og_locale":"fr_FR","og_type":"article","og_title":"Joris \/ Cours de Guitare \/ Music Insitute and Culture \u00e0 Colomiers","og_description":"Une autre approche de la musique dans cette \u00e9cole de musique \u00e0 Colomiers ( 31). Cours de Guitare, de Basse, de Chant, de Batterie, de Piano.","og_url":"https:\/\/www.mic31.fr\/index.php\/les-cours\/guitare\/joris-guitare\/","article_publisher":"https:\/\/www.facebook.com\/musicinstituteandculture\/","article_modified_time":"2025-10-14T14:26:51+00:00","og_image":[{"url":"https:\/\/www.mic31.fr\/wordpress\/wp-content\/uploads\/2025\/10\/Joris-1-819x1024.jpeg","type":"","width":"","height":""}],"twitter_card":"summary_large_image","twitter_site":"@assomic31","twitter_misc":{"Dur\u00e9e de lecture estim\u00e9e":"3 minutes"},"schema":{"@context":"https:\/\/schema.org","@graph":[{"@type":"WebPage","@id":"https:\/\/www.mic31.fr\/index.php\/les-cours\/guitare\/joris-guitare\/","url":"https:\/\/www.mic31.fr\/index.php\/les-cours\/guitare\/joris-guitare\/","name":"Joris \/ Cours de Guitare \/ Music Insitute and Culture \u00e0 Colomiers","isPartOf":{"@id":"http:\/\/www.mic31.fr\/#website"},"primaryImageOfPage":{"@id":"https:\/\/www.mic31.fr\/index.php\/les-cours\/guitare\/joris-guitare\/#primaryimage"},"image":{"@id":"https:\/\/www.mic31.fr\/index.php\/les-cours\/guitare\/joris-guitare\/#primaryimage"},"thumbnailUrl":"https:\/\/www.mic31.fr\/wordpress\/wp-content\/uploads\/2025\/10\/Joris-1-819x1024.jpeg","datePublished":"2016-10-19T17:31:35+00:00","dateModified":"2025-10-14T14:26:51+00:00","description":"Une autre approche de la musique dans cette \u00e9cole de musique \u00e0 Colomiers ( 31). Cours de Guitare, de Basse, de Chant, de Batterie, de Piano.","breadcrumb":{"@id":"https:\/\/www.mic31.fr\/index.php\/les-cours\/guitare\/joris-guitare\/#breadcrumb"},"inLanguage":"fr-FR","potentialAction":[{"@type":"ReadAction","target":["https:\/\/www.mic31.fr\/index.php\/les-cours\/guitare\/joris-guitare\/"]}]},{"@type":"ImageObject","inLanguage":"fr-FR","@id":"https:\/\/www.mic31.fr\/index.php\/les-cours\/guitare\/joris-guitare\/#primaryimage","url":"https:\/\/www.mic31.fr\/wordpress\/wp-content\/uploads\/2025\/10\/Joris-1-819x1024.jpeg","contentUrl":"https:\/\/www.mic31.fr\/wordpress\/wp-content\/uploads\/2025\/10\/Joris-1-819x1024.jpeg"},{"@type":"BreadcrumbList","@id":"https:\/\/www.mic31.fr\/index.php\/les-cours\/guitare\/joris-guitare\/#breadcrumb","itemListElement":[{"@type":"ListItem","position":1,"name":"Accueil","item":"http:\/\/www.mic31.fr\/"},{"@type":"ListItem","position":2,"name":"Les enseignements","item":"https:\/\/www.mic31.fr\/index.php\/les-cours\/"},{"@type":"ListItem","position":3,"name":"Guitare","item":"https:\/\/www.mic31.fr\/index.php\/les-cours\/guitare\/"},{"@type":"ListItem","position":4,"name":"Joris &#8211; Guitare"}]},{"@type":"WebSite","@id":"http:\/\/www.mic31.fr\/#website","url":"http:\/\/www.mic31.fr\/","name":"Music Institute and Culture","description":"","publisher":{"@id":"http:\/\/www.mic31.fr\/#organization"},"potentialAction":[{"@type":"SearchAction","target":{"@type":"EntryPoint","urlTemplate":"http:\/\/www.mic31.fr\/?s={search_term_string}"},"query-input":{"@type":"PropertyValueSpecification","valueRequired":true,"valueName":"search_term_string"}}],"inLanguage":"fr-FR"},{"@type":"Organization","@id":"http:\/\/www.mic31.fr\/#organization","name":"Music institute and Culture","url":"http:\/\/www.mic31.fr\/","logo":{"@type":"ImageObject","inLanguage":"fr-FR","@id":"http:\/\/www.mic31.fr\/#\/schema\/logo\/image\/","url":"http:\/\/www.mic31.fr\/wordpress\/wp-content\/uploads\/2016\/10\/cropped-cropped-Flyer-asso-MIC-v8-copie.jpg","contentUrl":"http:\/\/www.mic31.fr\/wordpress\/wp-content\/uploads\/2016\/10\/cropped-cropped-Flyer-asso-MIC-v8-copie.jpg","width":512,"height":512,"caption":"Music institute and Culture"},"image":{"@id":"http:\/\/www.mic31.fr\/#\/schema\/logo\/image\/"},"sameAs":["https:\/\/www.facebook.com\/musicinstituteandculture\/","https:\/\/x.com\/assomic31","https:\/\/www.instagram.com\/assomic31\/"]}]}},"_links":{"self":[{"href":"https:\/\/www.mic31.fr\/index.php\/wp-json\/wp\/v2\/pages\/119","targetHints":{"allow":["GET"]}}],"collection":[{"href":"https:\/\/www.mic31.fr\/index.php\/wp-json\/wp\/v2\/pages"}],"about":[{"href":"https:\/\/www.mic31.fr\/index.php\/wp-json\/wp\/v2\/types\/page"}],"author":[{"embeddable":true,"href":"https:\/\/www.mic31.fr\/index.php\/wp-json\/wp\/v2\/users\/1"}],"replies":[{"embeddable":true,"href":"https:\/\/www.mic31.fr\/index.php\/wp-json\/wp\/v2\/comments?post=119"}],"version-history":[{"count":21,"href":"https:\/\/www.mic31.fr\/index.php\/wp-json\/wp\/v2\/pages\/119\/revisions"}],"predecessor-version":[{"id":4253,"href":"https:\/\/www.mic31.fr\/index.php\/wp-json\/wp\/v2\/pages\/119\/revisions\/4253"}],"up":[{"embeddable":true,"href":"https:\/\/www.mic31.fr\/index.php\/wp-json\/wp\/v2\/pages\/99"}],"wp:attachment":[{"href":"https:\/\/www.mic31.fr\/index.php\/wp-json\/wp\/v2\/media?parent=119"}],"curies":[{"name":"wp","href":"https:\/\/api.w.org\/{rel}","templated":true}]}}