{"id":115,"date":"2016-10-19T19:29:44","date_gmt":"2016-10-19T17:29:44","guid":{"rendered":"http:\/\/mic31.fr\/wordpress\/?page_id=115"},"modified":"2025-10-26T15:54:38","modified_gmt":"2025-10-26T14:54:38","slug":"leveil-musical","status":"publish","type":"page","link":"https:\/\/www.mic31.fr\/index.php\/les-cours\/leveil-musical\/","title":{"rendered":"L&rsquo;\u00e9veil musical"},"content":{"rendered":"<div class=\"wp-block-image\">\n<figure class=\"aligncenter size-full is-resized\"><img loading=\"lazy\" decoding=\"async\" width=\"800\" height=\"800\" src=\"http:\/\/www.mic31.fr\/wordpress\/wp-content\/uploads\/2024\/06\/02-xylophone-jouet-enfant-1.jpg\" alt=\"\" class=\"wp-image-3201\" style=\"width:441px;height:auto\" srcset=\"https:\/\/www.mic31.fr\/wordpress\/wp-content\/uploads\/2024\/06\/02-xylophone-jouet-enfant-1.jpg 800w, https:\/\/www.mic31.fr\/wordpress\/wp-content\/uploads\/2024\/06\/02-xylophone-jouet-enfant-1-300x300.jpg 300w, https:\/\/www.mic31.fr\/wordpress\/wp-content\/uploads\/2024\/06\/02-xylophone-jouet-enfant-1-150x150.jpg 150w, https:\/\/www.mic31.fr\/wordpress\/wp-content\/uploads\/2024\/06\/02-xylophone-jouet-enfant-1-768x768.jpg 768w\" sizes=\"auto, (max-width: 800px) 100vw, 800px\" \/><\/figure>\n<\/div>\n\n\n<p><\/p>\n\n\n\n<p class=\"has-text-align-center has-white-color has-luminous-vivid-amber-background-color has-text-color has-background has-link-color has-medium-font-size wp-elements-0908837f1d1ee92605591066bd05faef\"><strong>L\u2019Eveil Musical qu\u2019est ce que c\u2019est ?<\/strong><strong><\/strong><\/p>\n\n\n\n<p><\/p>\n\n\n\n<p class=\"has-text-align-center has-medium-font-size\">Un moment d\u00e9di\u00e9 aux petits loulous entre 3 et 7 ans, une initiation \u00e0 la musique, \u00e0 ses codes, son vocabulaire. C\u2019est une opportunit\u00e9 pour les plus petits, de plonger dans le monde de la musique et de d\u00e9couvrir plusieurs instruments mais aussi d\u2019int\u00e9grer des notions de rythmes, de tempos.<\/p>\n\n\n\n<p><\/p>\n\n\n\n<p class=\"has-text-align-center has-white-color has-luminous-vivid-amber-background-color has-text-color has-background has-link-color has-medium-font-size wp-elements-89684e7d8cfb6250f8e218f0f2c7ba4f\"><strong>Comment se d\u00e9roulent les cours ?<\/strong><strong><\/strong><\/p>\n\n\n\n<p><\/p>\n\n\n\n<p class=\"has-text-align-center has-medium-font-size\">Plusieurs moments composent les cours, suivant les semaines, l\u2019humeur des enfants mais aussi suivant leurs envies.<\/p>\n\n\n\n<p class=\"has-text-align-center has-medium-font-size\"><strong><u>Initiation \u00e0 divers instruments<\/u> <\/strong>: d\u00e9couverte du son que produit l\u2019instrument, mais aussi comment il fonctionne et comment on peut en jouer ( Guitare, basse, harmonica, Kazoo etc\u2026 ) Chaque enfant peut librement, apporter un instrument qu\u2019il poss\u00e8de pour le faire d\u00e9couvrir aux autres. C\u2019est un moment ludique dans le toucher, la d\u00e9couverte.<\/p>\n\n\n\n<p class=\"has-text-align-center has-medium-font-size\"><strong><u>Travail sur les notes de musique<\/u> :<\/strong> m\u00e9moriser le nom de notes et leur ordre dans la gamme, chanter des notes avec l\u2019aide du piano. Lors de ce moment, les enfants apprennent aussi des petits morceaux au piano. Actuellement les petits travaillent sur le th\u00e8me d\u2019Harry Potter. On d\u00e9veloppe l\u2019oreille des enfants mais aussi sa conscience de la musique, ce qui est juste, ce qui est faux etc\u2026<\/p>\n\n\n\n<p class=\"has-text-align-center has-medium-font-size\"><strong><u>Travail sur le tempo<\/u> :<\/strong> \u00e0 l\u2019aide de baguette ou de Shaker, les enfants \u00e9coutent plusieurs morceaux de diff\u00e9rents style et apprennent \u00e0 trouver le tempo et la pulsation de la musique. Ce travail leur permet aussi de s\u2019ancrer dans leurs corps, mais aussi de d\u00e9velopper un sens du rythme qui se ressentir sur leurs mouvements.<\/p>\n\n\n\n<p class=\"has-text-align-center has-medium-font-size\"><strong><u>Travail sur le rythme, \u00e0 l\u2019aide de la batterie ou des instruments de percussions<\/u>, <\/strong>les loulous apprennent des rythmes simple puis de plus en plus complexe.&nbsp;Ce travail permet aussi \u00e0 l\u2019enfant de d\u00e9velopper sa coordination, mais aussi \u00e0 se repr\u00e9senter dans l\u2019espace, prendre conscience de son corps.<\/p>\n\n\n\n<p class=\"has-text-align-center has-medium-font-size\"><strong><u>Le chant et le son<\/u> :<\/strong> ce moment est d\u00e9di\u00e9e \u00e0 la voix, comment elle fonctionne, Comment on peut mettre du son. On apprend \u00e0 sentir la vibration dans son corps, \u00e0 projeter la voix sans crier mais on apprend aussi \u00e0 chanter des morceaux, on invente des morceaux et on s\u2019amuse avec sa voix.<\/p>\n\n\n\n<p class=\"has-text-align-center has-medium-font-size\"><strong><u>De la danse<\/u>,<\/strong> pour int\u00e9grer encore plus profond\u00e9ment le rythme mais aussi l\u2019aisance corporelle.<\/p>\n\n\n\n<p class=\"has-text-align-center has-medium-font-size\"><strong><u>Club d\u2019\u00e9coute <\/u>: <\/strong>Plusieurs morceaux sont juste \u00e9cout\u00e9s et les enfants apprennent &nbsp;\u00e0 mettre des couleurs et des \u00e9motions sur les morceaux, mais aussi \u00e0 reconnaitre des instruments de musique.<\/p>\n\n\n\n<p class=\"has-text-align-center has-medium-font-size\">Chaque ann\u00e9e, une petite repr\u00e9sentation est pr\u00e9sent\u00e9e au spectacle de fin d\u2019ann\u00e9e, les enfants d\u00e9couvrent alors aussi la sc\u00e8ne.<\/p>\n\n\n\n<p class=\"has-text-align-center has-medium-font-size\"><strong>Il y a plusieurs classes d&rsquo;\u00e9veil musical pour la rentr\u00e9e : Le lundi \u00e0 17h, le mercredi \u00e0 14h et le samedi 10H.<\/strong><\/p>\n\n\n\n<p class=\"has-text-align-center has-medium-font-size\"><em><strong>Pour les tarifs des cours &nbsp;:&nbsp;<a href=\"http:\/\/www.mic31.fr\/index.php\/tarifs-et-conditions\/\">infos ici<\/a><\/strong><\/em><\/p>\n\n\n\n<p class=\"has-text-align-center\">_______________________________________________________________<\/p>\n\n\n\n<p class=\"has-text-align-center has-medium-font-size\"><strong>Retrouvez nous sur vos r\u00e9seaux sociaux pr\u00e9f\u00e9r\u00e9s pour suivre notre actualit\u00e9 :<\/strong><\/p>\n\n\n<div class=\"wp-block-image\">\n<figure class=\"aligncenter is-resized\"><a href=\"https:\/\/www.facebook.com\/musicinstituteandculture\/\" target=\"_blank\" rel=\"noreferrer noopener\"><img loading=\"lazy\" decoding=\"async\" width=\"300\" height=\"300\" src=\"http:\/\/www.mic31.fr\/wordpress\/wp-content\/uploads\/2016\/10\/icone-facebook-site-300x300.png\" alt=\"icone facebook site\" class=\"wp-image-506\" style=\"width:68px;height:auto\" srcset=\"https:\/\/www.mic31.fr\/wordpress\/wp-content\/uploads\/2016\/10\/icone-facebook-site-300x300.png 300w, https:\/\/www.mic31.fr\/wordpress\/wp-content\/uploads\/2016\/10\/icone-facebook-site-150x150.png 150w, https:\/\/www.mic31.fr\/wordpress\/wp-content\/uploads\/2016\/10\/icone-facebook-site-200x200.png 200w, https:\/\/www.mic31.fr\/wordpress\/wp-content\/uploads\/2016\/10\/icone-facebook-site.png 626w\" sizes=\"auto, (max-width: 300px) 100vw, 300px\" \/><\/a><\/figure>\n<\/div>\n\n\n<p><\/p>\n\n\n<div class=\"wp-block-image\">\n<figure class=\"aligncenter is-resized\"><a href=\"https:\/\/www.instagram.com\/assomic31\/\" target=\"_blank\" rel=\"noreferrer noopener\"><img loading=\"lazy\" decoding=\"async\" width=\"300\" height=\"300\" src=\"http:\/\/www.mic31.fr\/wordpress\/wp-content\/uploads\/2016\/10\/icone-instagram-site-300x300.png\" alt=\"icone instagram site\" class=\"wp-image-504\" style=\"width:72px;height:auto\" srcset=\"https:\/\/www.mic31.fr\/wordpress\/wp-content\/uploads\/2016\/10\/icone-instagram-site-300x300.png 300w, https:\/\/www.mic31.fr\/wordpress\/wp-content\/uploads\/2016\/10\/icone-instagram-site-150x150.png 150w, https:\/\/www.mic31.fr\/wordpress\/wp-content\/uploads\/2016\/10\/icone-instagram-site-200x200.png 200w, https:\/\/www.mic31.fr\/wordpress\/wp-content\/uploads\/2016\/10\/icone-instagram-site.png 400w\" sizes=\"auto, (max-width: 300px) 100vw, 300px\" \/><\/a><\/figure>\n<\/div>\n\n\n<p><\/p>\n","protected":false},"excerpt":{"rendered":"<p>L\u2019Eveil Musical qu\u2019est ce que c\u2019est ? Un moment d\u00e9di\u00e9 aux petits loulous entre 3 et 7 ans, une initiation \u00e0 la musique, [&hellip;]<\/p>\n","protected":false},"author":1,"featured_media":0,"parent":95,"menu_order":0,"comment_status":"closed","ping_status":"closed","template":"","meta":{"footnotes":""},"class_list":["post-115","page","type-page","status-publish","hentry"],"yoast_head":"<!-- This site is optimized with the Yoast SEO plugin v24.1 - https:\/\/yoast.com\/wordpress\/plugins\/seo\/ -->\n<title>Eveil Musical \u00e0 Colomiers \/ Toulouse \u00e0 petits prix pour les 3\/6 ans<\/title>\n<meta name=\"description\" content=\"Music Instiute and Culture propose tous les Samedis \u00e0 10H, des cours d&#039;\u00e9veil Musical pour les petits entre 3 et 6 ans, l&#039;occasion de d\u00e9couvrir la musique\" \/>\n<meta name=\"robots\" content=\"index, follow, max-snippet:-1, max-image-preview:large, max-video-preview:-1\" \/>\n<link rel=\"canonical\" href=\"https:\/\/www.mic31.fr\/index.php\/les-cours\/leveil-musical\/\" \/>\n<meta property=\"og:locale\" content=\"fr_FR\" \/>\n<meta property=\"og:type\" content=\"article\" \/>\n<meta property=\"og:title\" content=\"Eveil Musical \u00e0 Colomiers \/ Toulouse \u00e0 petits prix pour les 3\/6 ans\" \/>\n<meta property=\"og:description\" content=\"Music Instiute and Culture propose tous les Samedis \u00e0 10H, des cours d&#039;\u00e9veil Musical pour les petits entre 3 et 6 ans, l&#039;occasion de d\u00e9couvrir la musique\" \/>\n<meta property=\"og:url\" content=\"https:\/\/www.mic31.fr\/index.php\/les-cours\/leveil-musical\/\" \/>\n<meta property=\"article:publisher\" content=\"https:\/\/www.facebook.com\/musicinstituteandculture\/\" \/>\n<meta property=\"article:modified_time\" content=\"2025-10-26T14:54:38+00:00\" \/>\n<meta property=\"og:image\" content=\"http:\/\/www.mic31.fr\/wordpress\/wp-content\/uploads\/2024\/06\/02-xylophone-jouet-enfant-1.jpg\" \/>\n<meta name=\"twitter:card\" content=\"summary_large_image\" \/>\n<meta name=\"twitter:site\" content=\"@assomic31\" \/>\n<meta name=\"twitter:label1\" content=\"Dur\u00e9e de lecture estim\u00e9e\" \/>\n\t<meta name=\"twitter:data1\" content=\"3 minutes\" \/>\n<script type=\"application\/ld+json\" class=\"yoast-schema-graph\">{\"@context\":\"https:\/\/schema.org\",\"@graph\":[{\"@type\":\"WebPage\",\"@id\":\"https:\/\/www.mic31.fr\/index.php\/les-cours\/leveil-musical\/\",\"url\":\"https:\/\/www.mic31.fr\/index.php\/les-cours\/leveil-musical\/\",\"name\":\"Eveil Musical \u00e0 Colomiers \/ Toulouse \u00e0 petits prix pour les 3\/6 ans\",\"isPartOf\":{\"@id\":\"https:\/\/www.mic31.fr\/#website\"},\"primaryImageOfPage\":{\"@id\":\"https:\/\/www.mic31.fr\/index.php\/les-cours\/leveil-musical\/#primaryimage\"},\"image\":{\"@id\":\"https:\/\/www.mic31.fr\/index.php\/les-cours\/leveil-musical\/#primaryimage\"},\"thumbnailUrl\":\"http:\/\/www.mic31.fr\/wordpress\/wp-content\/uploads\/2024\/06\/02-xylophone-jouet-enfant-1.jpg\",\"datePublished\":\"2016-10-19T17:29:44+00:00\",\"dateModified\":\"2025-10-26T14:54:38+00:00\",\"description\":\"Music Instiute and Culture propose tous les Samedis \u00e0 10H, des cours d'\u00e9veil Musical pour les petits entre 3 et 6 ans, l'occasion de d\u00e9couvrir la musique\",\"breadcrumb\":{\"@id\":\"https:\/\/www.mic31.fr\/index.php\/les-cours\/leveil-musical\/#breadcrumb\"},\"inLanguage\":\"fr-FR\",\"potentialAction\":[{\"@type\":\"ReadAction\",\"target\":[\"https:\/\/www.mic31.fr\/index.php\/les-cours\/leveil-musical\/\"]}]},{\"@type\":\"ImageObject\",\"inLanguage\":\"fr-FR\",\"@id\":\"https:\/\/www.mic31.fr\/index.php\/les-cours\/leveil-musical\/#primaryimage\",\"url\":\"https:\/\/www.mic31.fr\/wordpress\/wp-content\/uploads\/2024\/06\/02-xylophone-jouet-enfant-1.jpg\",\"contentUrl\":\"https:\/\/www.mic31.fr\/wordpress\/wp-content\/uploads\/2024\/06\/02-xylophone-jouet-enfant-1.jpg\",\"width\":800,\"height\":800},{\"@type\":\"BreadcrumbList\",\"@id\":\"https:\/\/www.mic31.fr\/index.php\/les-cours\/leveil-musical\/#breadcrumb\",\"itemListElement\":[{\"@type\":\"ListItem\",\"position\":1,\"name\":\"Accueil\",\"item\":\"http:\/\/www.mic31.fr\/\"},{\"@type\":\"ListItem\",\"position\":2,\"name\":\"Les enseignements\",\"item\":\"http:\/\/www.mic31.fr\/index.php\/les-cours\/\"},{\"@type\":\"ListItem\",\"position\":3,\"name\":\"L&rsquo;\u00e9veil musical\"}]},{\"@type\":\"WebSite\",\"@id\":\"https:\/\/www.mic31.fr\/#website\",\"url\":\"https:\/\/www.mic31.fr\/\",\"name\":\"Music Institute and Culture\",\"description\":\"\",\"publisher\":{\"@id\":\"https:\/\/www.mic31.fr\/#organization\"},\"potentialAction\":[{\"@type\":\"SearchAction\",\"target\":{\"@type\":\"EntryPoint\",\"urlTemplate\":\"https:\/\/www.mic31.fr\/?s={search_term_string}\"},\"query-input\":{\"@type\":\"PropertyValueSpecification\",\"valueRequired\":true,\"valueName\":\"search_term_string\"}}],\"inLanguage\":\"fr-FR\"},{\"@type\":\"Organization\",\"@id\":\"https:\/\/www.mic31.fr\/#organization\",\"name\":\"Music institute and Culture\",\"url\":\"https:\/\/www.mic31.fr\/\",\"logo\":{\"@type\":\"ImageObject\",\"inLanguage\":\"fr-FR\",\"@id\":\"https:\/\/www.mic31.fr\/#\/schema\/logo\/image\/\",\"url\":\"http:\/\/www.mic31.fr\/wordpress\/wp-content\/uploads\/2016\/10\/cropped-cropped-Flyer-asso-MIC-v8-copie.jpg\",\"contentUrl\":\"http:\/\/www.mic31.fr\/wordpress\/wp-content\/uploads\/2016\/10\/cropped-cropped-Flyer-asso-MIC-v8-copie.jpg\",\"width\":512,\"height\":512,\"caption\":\"Music institute and Culture\"},\"image\":{\"@id\":\"https:\/\/www.mic31.fr\/#\/schema\/logo\/image\/\"},\"sameAs\":[\"https:\/\/www.facebook.com\/musicinstituteandculture\/\",\"https:\/\/x.com\/assomic31\",\"https:\/\/www.instagram.com\/assomic31\/\"]}]}<\/script>\n<!-- \/ Yoast SEO plugin. -->","yoast_head_json":{"title":"Eveil Musical \u00e0 Colomiers \/ Toulouse \u00e0 petits prix pour les 3\/6 ans","description":"Music Instiute and Culture propose tous les Samedis \u00e0 10H, des cours d'\u00e9veil Musical pour les petits entre 3 et 6 ans, l'occasion de d\u00e9couvrir la musique","robots":{"index":"index","follow":"follow","max-snippet":"max-snippet:-1","max-image-preview":"max-image-preview:large","max-video-preview":"max-video-preview:-1"},"canonical":"https:\/\/www.mic31.fr\/index.php\/les-cours\/leveil-musical\/","og_locale":"fr_FR","og_type":"article","og_title":"Eveil Musical \u00e0 Colomiers \/ Toulouse \u00e0 petits prix pour les 3\/6 ans","og_description":"Music Instiute and Culture propose tous les Samedis \u00e0 10H, des cours d'\u00e9veil Musical pour les petits entre 3 et 6 ans, l'occasion de d\u00e9couvrir la musique","og_url":"https:\/\/www.mic31.fr\/index.php\/les-cours\/leveil-musical\/","article_publisher":"https:\/\/www.facebook.com\/musicinstituteandculture\/","article_modified_time":"2025-10-26T14:54:38+00:00","og_image":[{"url":"http:\/\/www.mic31.fr\/wordpress\/wp-content\/uploads\/2024\/06\/02-xylophone-jouet-enfant-1.jpg","type":"","width":"","height":""}],"twitter_card":"summary_large_image","twitter_site":"@assomic31","twitter_misc":{"Dur\u00e9e de lecture estim\u00e9e":"3 minutes"},"schema":{"@context":"https:\/\/schema.org","@graph":[{"@type":"WebPage","@id":"https:\/\/www.mic31.fr\/index.php\/les-cours\/leveil-musical\/","url":"https:\/\/www.mic31.fr\/index.php\/les-cours\/leveil-musical\/","name":"Eveil Musical \u00e0 Colomiers \/ Toulouse \u00e0 petits prix pour les 3\/6 ans","isPartOf":{"@id":"https:\/\/www.mic31.fr\/#website"},"primaryImageOfPage":{"@id":"https:\/\/www.mic31.fr\/index.php\/les-cours\/leveil-musical\/#primaryimage"},"image":{"@id":"https:\/\/www.mic31.fr\/index.php\/les-cours\/leveil-musical\/#primaryimage"},"thumbnailUrl":"http:\/\/www.mic31.fr\/wordpress\/wp-content\/uploads\/2024\/06\/02-xylophone-jouet-enfant-1.jpg","datePublished":"2016-10-19T17:29:44+00:00","dateModified":"2025-10-26T14:54:38+00:00","description":"Music Instiute and Culture propose tous les Samedis \u00e0 10H, des cours d'\u00e9veil Musical pour les petits entre 3 et 6 ans, l'occasion de d\u00e9couvrir la musique","breadcrumb":{"@id":"https:\/\/www.mic31.fr\/index.php\/les-cours\/leveil-musical\/#breadcrumb"},"inLanguage":"fr-FR","potentialAction":[{"@type":"ReadAction","target":["https:\/\/www.mic31.fr\/index.php\/les-cours\/leveil-musical\/"]}]},{"@type":"ImageObject","inLanguage":"fr-FR","@id":"https:\/\/www.mic31.fr\/index.php\/les-cours\/leveil-musical\/#primaryimage","url":"https:\/\/www.mic31.fr\/wordpress\/wp-content\/uploads\/2024\/06\/02-xylophone-jouet-enfant-1.jpg","contentUrl":"https:\/\/www.mic31.fr\/wordpress\/wp-content\/uploads\/2024\/06\/02-xylophone-jouet-enfant-1.jpg","width":800,"height":800},{"@type":"BreadcrumbList","@id":"https:\/\/www.mic31.fr\/index.php\/les-cours\/leveil-musical\/#breadcrumb","itemListElement":[{"@type":"ListItem","position":1,"name":"Accueil","item":"http:\/\/www.mic31.fr\/"},{"@type":"ListItem","position":2,"name":"Les enseignements","item":"http:\/\/www.mic31.fr\/index.php\/les-cours\/"},{"@type":"ListItem","position":3,"name":"L&rsquo;\u00e9veil musical"}]},{"@type":"WebSite","@id":"https:\/\/www.mic31.fr\/#website","url":"https:\/\/www.mic31.fr\/","name":"Music Institute and Culture","description":"","publisher":{"@id":"https:\/\/www.mic31.fr\/#organization"},"potentialAction":[{"@type":"SearchAction","target":{"@type":"EntryPoint","urlTemplate":"https:\/\/www.mic31.fr\/?s={search_term_string}"},"query-input":{"@type":"PropertyValueSpecification","valueRequired":true,"valueName":"search_term_string"}}],"inLanguage":"fr-FR"},{"@type":"Organization","@id":"https:\/\/www.mic31.fr\/#organization","name":"Music institute and Culture","url":"https:\/\/www.mic31.fr\/","logo":{"@type":"ImageObject","inLanguage":"fr-FR","@id":"https:\/\/www.mic31.fr\/#\/schema\/logo\/image\/","url":"http:\/\/www.mic31.fr\/wordpress\/wp-content\/uploads\/2016\/10\/cropped-cropped-Flyer-asso-MIC-v8-copie.jpg","contentUrl":"http:\/\/www.mic31.fr\/wordpress\/wp-content\/uploads\/2016\/10\/cropped-cropped-Flyer-asso-MIC-v8-copie.jpg","width":512,"height":512,"caption":"Music institute and Culture"},"image":{"@id":"https:\/\/www.mic31.fr\/#\/schema\/logo\/image\/"},"sameAs":["https:\/\/www.facebook.com\/musicinstituteandculture\/","https:\/\/x.com\/assomic31","https:\/\/www.instagram.com\/assomic31\/"]}]}},"_links":{"self":[{"href":"https:\/\/www.mic31.fr\/index.php\/wp-json\/wp\/v2\/pages\/115","targetHints":{"allow":["GET"]}}],"collection":[{"href":"https:\/\/www.mic31.fr\/index.php\/wp-json\/wp\/v2\/pages"}],"about":[{"href":"https:\/\/www.mic31.fr\/index.php\/wp-json\/wp\/v2\/types\/page"}],"author":[{"embeddable":true,"href":"https:\/\/www.mic31.fr\/index.php\/wp-json\/wp\/v2\/users\/1"}],"replies":[{"embeddable":true,"href":"https:\/\/www.mic31.fr\/index.php\/wp-json\/wp\/v2\/comments?post=115"}],"version-history":[{"count":35,"href":"https:\/\/www.mic31.fr\/index.php\/wp-json\/wp\/v2\/pages\/115\/revisions"}],"predecessor-version":[{"id":4416,"href":"https:\/\/www.mic31.fr\/index.php\/wp-json\/wp\/v2\/pages\/115\/revisions\/4416"}],"up":[{"embeddable":true,"href":"https:\/\/www.mic31.fr\/index.php\/wp-json\/wp\/v2\/pages\/95"}],"wp:attachment":[{"href":"https:\/\/www.mic31.fr\/index.php\/wp-json\/wp\/v2\/media?parent=115"}],"curies":[{"name":"wp","href":"https:\/\/api.w.org\/{rel}","templated":true}]}}