{"id":113,"date":"2016-10-19T19:25:52","date_gmt":"2016-10-19T17:25:52","guid":{"rendered":"http:\/\/mic31.fr\/wordpress\/?page_id=113"},"modified":"2025-10-26T15:42:36","modified_gmt":"2025-10-26T14:42:36","slug":"pauline-chant","status":"publish","type":"page","link":"https:\/\/www.mic31.fr\/index.php\/les-cours\/chant\/pauline-chant\/","title":{"rendered":"Pauline- Chant"},"content":{"rendered":"\n<h4 class=\"wp-block-heading\">&nbsp;<\/h4>\n\n\n<div class=\"wp-block-image\">\n<figure class=\"aligncenter size-large is-resized\"><img loading=\"lazy\" decoding=\"async\" width=\"819\" height=\"1024\" src=\"https:\/\/www.mic31.fr\/wordpress\/wp-content\/uploads\/2025\/10\/Pauline-2-819x1024.jpeg\" alt=\"\" class=\"wp-image-4237\" style=\"width:651px;height:auto\" srcset=\"https:\/\/www.mic31.fr\/wordpress\/wp-content\/uploads\/2025\/10\/Pauline-2-819x1024.jpeg 819w, https:\/\/www.mic31.fr\/wordpress\/wp-content\/uploads\/2025\/10\/Pauline-2-240x300.jpeg 240w, https:\/\/www.mic31.fr\/wordpress\/wp-content\/uploads\/2025\/10\/Pauline-2-768x960.jpeg 768w, https:\/\/www.mic31.fr\/wordpress\/wp-content\/uploads\/2025\/10\/Pauline-2.jpeg 1080w\" sizes=\"auto, (max-width: 819px) 100vw, 819px\" \/><\/figure>\n<\/div>\n\n\n<p><\/p>\n\n\n\n<p class=\"has-text-align-center has-medium-font-size\"><strong>\u00ab&nbsp;Chaque \u00e9l\u00e8ve, chaque voix est unique, c\u2019est ce qui est formidable dans ce m\u00e9tier !&nbsp;\u00bb<\/strong><\/p>\n\n\n\n<p class=\"has-text-align-center has-medium-font-size\">La musique a toujours \u00e9t\u00e9 au c\u0153ur de ma vie. J\u2019ai eu la chance d\u2019\u00eatre entour\u00e9e et soutenue par mes proches, qui m\u2019ont encourag\u00e9, tout en trouvant l\u2019\u00e9quilibre entre soutien et r\u00e9alisme. C\u2019est apr\u00e8s avoir fini mes \u00e9tudes d\u2019architecture, j\u2019ai r\u00e9alis\u00e9 que la musique \u00e9tait plus qu\u2019une simple passion, c\u2019\u00e9tait ma vocation. J\u2019ai donc tout abandonn\u00e9 pour partir \u00e9tudier le son \u00e0 Toulouse. Des cours, des stages et mes d\u00e9buts dans la musique en int\u00e9grant un groupe de rock, l\u2019int\u00e9gration dans une troupe musicale. Mes r\u00eaves et mes ambitions prenaient doucement vie.<\/p>\n\n\n\n<p class=\"has-text-align-center has-medium-font-size\">Je suis devenue meneuse de revue dans un cabaret, tout en continuant \u00e0 travailler du c\u00f4t\u00e9 technique au Z\u00e9nith de Toulouse, et j\u2019adore \u00e7a ! Je suis une v\u00e9ritable touche-\u00e0-tout, aussi bien capable de se sentir sereine sur sc\u00e8ne, en coulisse ou derri\u00e8re une table de mixage. En parall\u00e8le, j\u2019ai obtenu mon suivi de formation en tant que professeure de chant, pouvant ainsi me concentrer sur mon d\u00e9sir de transmettre toutes les connaissances que j\u2019ai accumul\u00e9 au fil des ans.<\/p>\n\n\n\n<p class=\"has-text-align-center has-medium-font-size\"><strong>Ta voix ton identit\u00e9<\/strong><\/p>\n\n\n\n<p class=\"has-text-align-center has-medium-font-size\">Ta voix, c\u2019est bien plus qu\u2019un simple instrument. C\u2019est le reflet de qui tu es, de tes \u00e9motions, de ton histoire et de ce que tu as \u00e0 dire. Mon objectif est de t\u2019aider \u00e0 d\u00e9couvrir la tienne, \u00e0 l\u2019explorer et \u00e0 la d\u00e9velopper. Que tu veuilles chanter pour le plaisir, pour t\u2019exprimer, ou pour monter sur sc\u00e8ne, ta voix est ton meilleur atout et il faut en prendre soin. Nous allons ensemble la travailler pour qu\u2019elle devienne le reflet fid\u00e8le de ta personnalit\u00e9, que tu puisses chanter avec authenticit\u00e9 et confiance&nbsp;!<\/p>\n\n\n\n<p class=\"has-text-align-center has-medium-font-size\"><strong>\u00ab&nbsp;Chacun a une voix unique, c\u2019est ton identit\u00e9 musicale, et je suis l\u00e0 pour t\u2019aider \u00e0 la r\u00e9v\u00e9ler pleinement et \u00e0 bien faire attention \u00e0 elle !&nbsp;\u00bb<\/strong><\/p>\n\n\n\n<p class=\"has-text-align-center has-medium-font-size\">J\u2019aime m\u00e9langer le jeu et la technique et je suis l\u00e0 pour t\u2019accompagner \u00e0 ton rythme. Je m\u2019adapte \u00e0 tes envies et \u00e0 ton style musical, quel qu\u2019il soit. Je suis passionn\u00e9e, \u00e0 l\u2019\u00e9coute, et j\u2019adore voir mes \u00e9l\u00e8ves s\u2019\u00e9panouir et prendre confiance en eux. Mon objectif, c\u2019est de te faire vivre la musique \u00e0 fond, tout en cr\u00e9ant une ambiance de travail cool et motivante.<\/p>\n\n\n\n<p class=\"has-medium-font-size\">\u00b0 Un sourire bienveillant<\/p>\n\n\n\n<p class=\"has-medium-font-size\">\u00b0 Un \u00e9chauffement vocal efficace<\/p>\n\n\n\n<p class=\"has-medium-font-size\">\u00b0 Un enseignement technique adapt\u00e9<\/p>\n\n\n\n<p class=\"has-medium-font-size\">\u00b0 Une mise en situation dans la bonne humeur<\/p>\n\n\n\n<p class=\"has-medium-font-size\">\u00b0 Un debrief et des retours positifs<\/p>\n\n\n\n<p class=\"has-text-align-center has-medium-font-size\"><strong>\u00ab&nbsp;<\/strong><strong>Atteindre ses r\u00eaves demande du temps<\/strong><strong>, du courage, de la passion, et surtout beaucoup de travail. Rien n\u2019est simple dans ce milieu, rien n\u2019est jamais acquis donc bien s\u00fbr qu\u2019avoir <\/strong><strong>le soutien de ses proches et une bonne touche de chance<\/strong><strong> ne sont jamais de trop pour faire briller ses ambitions.&nbsp;\u00bb<\/strong><\/p>\n\n\n\n<p><\/p>\n\n\n\n<h3 class=\"wp-block-heading has-text-align-center has-medium-font-size\"><strong>Pour les tarifs des cours :\u00a0<a href=\"http:\/\/www.mic31.fr\/index.php\/tarifs-et-conditions\/\">infos ici<\/a><\/strong><\/h3>\n\n\n\n<p class=\"has-text-align-center\">__________________________________________________________________<\/p>\n\n\n\n<p class=\"has-text-align-center has-medium-font-size\"><strong>Retrouvez nous sur vos r\u00e9seaux sociaux pr\u00e9f\u00e9r\u00e9s pour suivre notre actualit\u00e9 : <\/strong><\/p>\n\n\n<div class=\"wp-block-image\">\n<figure class=\"aligncenter is-resized\"><a href=\"https:\/\/www.facebook.com\/musicinstituteandculture\/\" target=\"_blank\" rel=\"noreferrer noopener\"><img loading=\"lazy\" decoding=\"async\" width=\"300\" height=\"300\" src=\"http:\/\/www.mic31.fr\/wordpress\/wp-content\/uploads\/2016\/10\/icone-facebook-site-300x300.png\" alt=\"icone facebook site\" class=\"wp-image-506\" style=\"width:66px;height:auto\" srcset=\"https:\/\/www.mic31.fr\/wordpress\/wp-content\/uploads\/2016\/10\/icone-facebook-site-300x300.png 300w, https:\/\/www.mic31.fr\/wordpress\/wp-content\/uploads\/2016\/10\/icone-facebook-site-150x150.png 150w, https:\/\/www.mic31.fr\/wordpress\/wp-content\/uploads\/2016\/10\/icone-facebook-site-200x200.png 200w, https:\/\/www.mic31.fr\/wordpress\/wp-content\/uploads\/2016\/10\/icone-facebook-site.png 626w\" sizes=\"auto, (max-width: 300px) 100vw, 300px\" \/><\/a><\/figure>\n<\/div>\n\n\n<p><\/p>\n\n\n\n<div class=\"wp-block-group\"><div class=\"wp-block-group__inner-container is-layout-constrained wp-block-group-is-layout-constrained\"><div class=\"wp-block-image\">\n<figure class=\"aligncenter is-resized\"><a href=\"https:\/\/www.instagram.com\/assomic31\/\" target=\"_blank\" rel=\"noreferrer noopener\"><img loading=\"lazy\" decoding=\"async\" width=\"300\" height=\"300\" src=\"http:\/\/www.mic31.fr\/wordpress\/wp-content\/uploads\/2016\/10\/icone-instagram-site-300x300.png\" alt=\"icone instagram site\" class=\"wp-image-504\" style=\"width:69px;height:auto\" srcset=\"https:\/\/www.mic31.fr\/wordpress\/wp-content\/uploads\/2016\/10\/icone-instagram-site-300x300.png 300w, https:\/\/www.mic31.fr\/wordpress\/wp-content\/uploads\/2016\/10\/icone-instagram-site-150x150.png 150w, https:\/\/www.mic31.fr\/wordpress\/wp-content\/uploads\/2016\/10\/icone-instagram-site-200x200.png 200w, https:\/\/www.mic31.fr\/wordpress\/wp-content\/uploads\/2016\/10\/icone-instagram-site.png 400w\" sizes=\"auto, (max-width: 300px) 100vw, 300px\" \/><\/a><\/figure>\n<\/div><\/div><\/div>\n\n\n\n<p class=\"has-text-align-center\">&nbsp; &nbsp;&nbsp;<\/p>\n","protected":false},"excerpt":{"rendered":"<p>&nbsp; \u00ab&nbsp;Chaque \u00e9l\u00e8ve, chaque voix est unique, c\u2019est ce qui est formidable dans ce m\u00e9tier !&nbsp;\u00bb La musique a toujours \u00e9t\u00e9 au c\u0153ur [&hellip;]<\/p>\n","protected":false},"author":1,"featured_media":0,"parent":101,"menu_order":2,"comment_status":"closed","ping_status":"closed","template":"","meta":{"footnotes":""},"class_list":["post-113","page","type-page","status-publish","hentry"],"yoast_head":"<!-- This site is optimized with the Yoast SEO plugin v24.1 - https:\/\/yoast.com\/wordpress\/plugins\/seo\/ -->\n<title>Cours de chant Colomiers Toulouse Music Institute and Culture<\/title>\n<meta name=\"description\" content=\"Une autre approche de la musique dans cette \u00e9cole de musique \u00e0 Colomiers ( 31). Cours de Guitare, de Basse, de Chant, de Batterie, de Piano.\" \/>\n<meta name=\"robots\" content=\"index, follow, max-snippet:-1, max-image-preview:large, max-video-preview:-1\" \/>\n<link rel=\"canonical\" href=\"https:\/\/www.mic31.fr\/index.php\/les-cours\/chant\/pauline-chant\/\" \/>\n<meta property=\"og:locale\" content=\"fr_FR\" \/>\n<meta property=\"og:type\" content=\"article\" \/>\n<meta property=\"og:title\" content=\"Cours de chant Colomiers Toulouse Music Institute and Culture\" \/>\n<meta property=\"og:description\" content=\"Une autre approche de la musique dans cette \u00e9cole de musique \u00e0 Colomiers ( 31). Cours de Guitare, de Basse, de Chant, de Batterie, de Piano.\" \/>\n<meta property=\"og:url\" content=\"https:\/\/www.mic31.fr\/index.php\/les-cours\/chant\/pauline-chant\/\" \/>\n<meta property=\"article:publisher\" content=\"https:\/\/www.facebook.com\/musicinstituteandculture\/\" \/>\n<meta property=\"article:modified_time\" content=\"2025-10-26T14:42:36+00:00\" \/>\n<meta property=\"og:image\" content=\"https:\/\/www.mic31.fr\/wordpress\/wp-content\/uploads\/2025\/10\/Pauline-2-819x1024.jpeg\" \/>\n<meta name=\"twitter:card\" content=\"summary_large_image\" \/>\n<meta name=\"twitter:site\" content=\"@assomic31\" \/>\n<meta name=\"twitter:label1\" content=\"Dur\u00e9e de lecture estim\u00e9e\" \/>\n\t<meta name=\"twitter:data1\" content=\"4 minutes\" \/>\n<script type=\"application\/ld+json\" class=\"yoast-schema-graph\">{\"@context\":\"https:\/\/schema.org\",\"@graph\":[{\"@type\":\"WebPage\",\"@id\":\"https:\/\/www.mic31.fr\/index.php\/les-cours\/chant\/pauline-chant\/\",\"url\":\"https:\/\/www.mic31.fr\/index.php\/les-cours\/chant\/pauline-chant\/\",\"name\":\"Cours de chant Colomiers Toulouse Music Institute and Culture\",\"isPartOf\":{\"@id\":\"http:\/\/www.mic31.fr\/#website\"},\"primaryImageOfPage\":{\"@id\":\"https:\/\/www.mic31.fr\/index.php\/les-cours\/chant\/pauline-chant\/#primaryimage\"},\"image\":{\"@id\":\"https:\/\/www.mic31.fr\/index.php\/les-cours\/chant\/pauline-chant\/#primaryimage\"},\"thumbnailUrl\":\"https:\/\/www.mic31.fr\/wordpress\/wp-content\/uploads\/2025\/10\/Pauline-2-819x1024.jpeg\",\"datePublished\":\"2016-10-19T17:25:52+00:00\",\"dateModified\":\"2025-10-26T14:42:36+00:00\",\"description\":\"Une autre approche de la musique dans cette \u00e9cole de musique \u00e0 Colomiers ( 31). Cours de Guitare, de Basse, de Chant, de Batterie, de Piano.\",\"breadcrumb\":{\"@id\":\"https:\/\/www.mic31.fr\/index.php\/les-cours\/chant\/pauline-chant\/#breadcrumb\"},\"inLanguage\":\"fr-FR\",\"potentialAction\":[{\"@type\":\"ReadAction\",\"target\":[\"https:\/\/www.mic31.fr\/index.php\/les-cours\/chant\/pauline-chant\/\"]}]},{\"@type\":\"ImageObject\",\"inLanguage\":\"fr-FR\",\"@id\":\"https:\/\/www.mic31.fr\/index.php\/les-cours\/chant\/pauline-chant\/#primaryimage\",\"url\":\"https:\/\/www.mic31.fr\/wordpress\/wp-content\/uploads\/2025\/10\/Pauline-2-819x1024.jpeg\",\"contentUrl\":\"https:\/\/www.mic31.fr\/wordpress\/wp-content\/uploads\/2025\/10\/Pauline-2-819x1024.jpeg\"},{\"@type\":\"BreadcrumbList\",\"@id\":\"https:\/\/www.mic31.fr\/index.php\/les-cours\/chant\/pauline-chant\/#breadcrumb\",\"itemListElement\":[{\"@type\":\"ListItem\",\"position\":1,\"name\":\"Accueil\",\"item\":\"http:\/\/www.mic31.fr\/\"},{\"@type\":\"ListItem\",\"position\":2,\"name\":\"Les enseignements\",\"item\":\"https:\/\/www.mic31.fr\/index.php\/les-cours\/\"},{\"@type\":\"ListItem\",\"position\":3,\"name\":\"Chant\",\"item\":\"https:\/\/www.mic31.fr\/index.php\/les-cours\/chant\/\"},{\"@type\":\"ListItem\",\"position\":4,\"name\":\"Pauline- Chant\"}]},{\"@type\":\"WebSite\",\"@id\":\"http:\/\/www.mic31.fr\/#website\",\"url\":\"http:\/\/www.mic31.fr\/\",\"name\":\"Music Institute and Culture\",\"description\":\"\",\"publisher\":{\"@id\":\"http:\/\/www.mic31.fr\/#organization\"},\"potentialAction\":[{\"@type\":\"SearchAction\",\"target\":{\"@type\":\"EntryPoint\",\"urlTemplate\":\"http:\/\/www.mic31.fr\/?s={search_term_string}\"},\"query-input\":{\"@type\":\"PropertyValueSpecification\",\"valueRequired\":true,\"valueName\":\"search_term_string\"}}],\"inLanguage\":\"fr-FR\"},{\"@type\":\"Organization\",\"@id\":\"http:\/\/www.mic31.fr\/#organization\",\"name\":\"Music institute and Culture\",\"url\":\"http:\/\/www.mic31.fr\/\",\"logo\":{\"@type\":\"ImageObject\",\"inLanguage\":\"fr-FR\",\"@id\":\"http:\/\/www.mic31.fr\/#\/schema\/logo\/image\/\",\"url\":\"http:\/\/www.mic31.fr\/wordpress\/wp-content\/uploads\/2016\/10\/cropped-cropped-Flyer-asso-MIC-v8-copie.jpg\",\"contentUrl\":\"http:\/\/www.mic31.fr\/wordpress\/wp-content\/uploads\/2016\/10\/cropped-cropped-Flyer-asso-MIC-v8-copie.jpg\",\"width\":512,\"height\":512,\"caption\":\"Music institute and Culture\"},\"image\":{\"@id\":\"http:\/\/www.mic31.fr\/#\/schema\/logo\/image\/\"},\"sameAs\":[\"https:\/\/www.facebook.com\/musicinstituteandculture\/\",\"https:\/\/x.com\/assomic31\",\"https:\/\/www.instagram.com\/assomic31\/\"]}]}<\/script>\n<!-- \/ Yoast SEO plugin. -->","yoast_head_json":{"title":"Cours de chant Colomiers Toulouse Music Institute and Culture","description":"Une autre approche de la musique dans cette \u00e9cole de musique \u00e0 Colomiers ( 31). Cours de Guitare, de Basse, de Chant, de Batterie, de Piano.","robots":{"index":"index","follow":"follow","max-snippet":"max-snippet:-1","max-image-preview":"max-image-preview:large","max-video-preview":"max-video-preview:-1"},"canonical":"https:\/\/www.mic31.fr\/index.php\/les-cours\/chant\/pauline-chant\/","og_locale":"fr_FR","og_type":"article","og_title":"Cours de chant Colomiers Toulouse Music Institute and Culture","og_description":"Une autre approche de la musique dans cette \u00e9cole de musique \u00e0 Colomiers ( 31). Cours de Guitare, de Basse, de Chant, de Batterie, de Piano.","og_url":"https:\/\/www.mic31.fr\/index.php\/les-cours\/chant\/pauline-chant\/","article_publisher":"https:\/\/www.facebook.com\/musicinstituteandculture\/","article_modified_time":"2025-10-26T14:42:36+00:00","og_image":[{"url":"https:\/\/www.mic31.fr\/wordpress\/wp-content\/uploads\/2025\/10\/Pauline-2-819x1024.jpeg","type":"","width":"","height":""}],"twitter_card":"summary_large_image","twitter_site":"@assomic31","twitter_misc":{"Dur\u00e9e de lecture estim\u00e9e":"4 minutes"},"schema":{"@context":"https:\/\/schema.org","@graph":[{"@type":"WebPage","@id":"https:\/\/www.mic31.fr\/index.php\/les-cours\/chant\/pauline-chant\/","url":"https:\/\/www.mic31.fr\/index.php\/les-cours\/chant\/pauline-chant\/","name":"Cours de chant Colomiers Toulouse Music Institute and Culture","isPartOf":{"@id":"http:\/\/www.mic31.fr\/#website"},"primaryImageOfPage":{"@id":"https:\/\/www.mic31.fr\/index.php\/les-cours\/chant\/pauline-chant\/#primaryimage"},"image":{"@id":"https:\/\/www.mic31.fr\/index.php\/les-cours\/chant\/pauline-chant\/#primaryimage"},"thumbnailUrl":"https:\/\/www.mic31.fr\/wordpress\/wp-content\/uploads\/2025\/10\/Pauline-2-819x1024.jpeg","datePublished":"2016-10-19T17:25:52+00:00","dateModified":"2025-10-26T14:42:36+00:00","description":"Une autre approche de la musique dans cette \u00e9cole de musique \u00e0 Colomiers ( 31). Cours de Guitare, de Basse, de Chant, de Batterie, de Piano.","breadcrumb":{"@id":"https:\/\/www.mic31.fr\/index.php\/les-cours\/chant\/pauline-chant\/#breadcrumb"},"inLanguage":"fr-FR","potentialAction":[{"@type":"ReadAction","target":["https:\/\/www.mic31.fr\/index.php\/les-cours\/chant\/pauline-chant\/"]}]},{"@type":"ImageObject","inLanguage":"fr-FR","@id":"https:\/\/www.mic31.fr\/index.php\/les-cours\/chant\/pauline-chant\/#primaryimage","url":"https:\/\/www.mic31.fr\/wordpress\/wp-content\/uploads\/2025\/10\/Pauline-2-819x1024.jpeg","contentUrl":"https:\/\/www.mic31.fr\/wordpress\/wp-content\/uploads\/2025\/10\/Pauline-2-819x1024.jpeg"},{"@type":"BreadcrumbList","@id":"https:\/\/www.mic31.fr\/index.php\/les-cours\/chant\/pauline-chant\/#breadcrumb","itemListElement":[{"@type":"ListItem","position":1,"name":"Accueil","item":"http:\/\/www.mic31.fr\/"},{"@type":"ListItem","position":2,"name":"Les enseignements","item":"https:\/\/www.mic31.fr\/index.php\/les-cours\/"},{"@type":"ListItem","position":3,"name":"Chant","item":"https:\/\/www.mic31.fr\/index.php\/les-cours\/chant\/"},{"@type":"ListItem","position":4,"name":"Pauline- Chant"}]},{"@type":"WebSite","@id":"http:\/\/www.mic31.fr\/#website","url":"http:\/\/www.mic31.fr\/","name":"Music Institute and Culture","description":"","publisher":{"@id":"http:\/\/www.mic31.fr\/#organization"},"potentialAction":[{"@type":"SearchAction","target":{"@type":"EntryPoint","urlTemplate":"http:\/\/www.mic31.fr\/?s={search_term_string}"},"query-input":{"@type":"PropertyValueSpecification","valueRequired":true,"valueName":"search_term_string"}}],"inLanguage":"fr-FR"},{"@type":"Organization","@id":"http:\/\/www.mic31.fr\/#organization","name":"Music institute and Culture","url":"http:\/\/www.mic31.fr\/","logo":{"@type":"ImageObject","inLanguage":"fr-FR","@id":"http:\/\/www.mic31.fr\/#\/schema\/logo\/image\/","url":"http:\/\/www.mic31.fr\/wordpress\/wp-content\/uploads\/2016\/10\/cropped-cropped-Flyer-asso-MIC-v8-copie.jpg","contentUrl":"http:\/\/www.mic31.fr\/wordpress\/wp-content\/uploads\/2016\/10\/cropped-cropped-Flyer-asso-MIC-v8-copie.jpg","width":512,"height":512,"caption":"Music institute and Culture"},"image":{"@id":"http:\/\/www.mic31.fr\/#\/schema\/logo\/image\/"},"sameAs":["https:\/\/www.facebook.com\/musicinstituteandculture\/","https:\/\/x.com\/assomic31","https:\/\/www.instagram.com\/assomic31\/"]}]}},"_links":{"self":[{"href":"https:\/\/www.mic31.fr\/index.php\/wp-json\/wp\/v2\/pages\/113","targetHints":{"allow":["GET"]}}],"collection":[{"href":"https:\/\/www.mic31.fr\/index.php\/wp-json\/wp\/v2\/pages"}],"about":[{"href":"https:\/\/www.mic31.fr\/index.php\/wp-json\/wp\/v2\/types\/page"}],"author":[{"embeddable":true,"href":"https:\/\/www.mic31.fr\/index.php\/wp-json\/wp\/v2\/users\/1"}],"replies":[{"embeddable":true,"href":"https:\/\/www.mic31.fr\/index.php\/wp-json\/wp\/v2\/comments?post=113"}],"version-history":[{"count":63,"href":"https:\/\/www.mic31.fr\/index.php\/wp-json\/wp\/v2\/pages\/113\/revisions"}],"predecessor-version":[{"id":4400,"href":"https:\/\/www.mic31.fr\/index.php\/wp-json\/wp\/v2\/pages\/113\/revisions\/4400"}],"up":[{"embeddable":true,"href":"https:\/\/www.mic31.fr\/index.php\/wp-json\/wp\/v2\/pages\/101"}],"wp:attachment":[{"href":"https:\/\/www.mic31.fr\/index.php\/wp-json\/wp\/v2\/media?parent=113"}],"curies":[{"name":"wp","href":"https:\/\/api.w.org\/{rel}","templated":true}]}}