{"id":1055,"date":"2017-09-19T15:41:03","date_gmt":"2017-09-19T13:41:03","guid":{"rendered":"http:\/\/www.mic31.fr\/?page_id=1055"},"modified":"2025-10-26T15:48:20","modified_gmt":"2025-10-26T14:48:20","slug":"fiona","status":"publish","type":"page","link":"https:\/\/www.mic31.fr\/index.php\/les-cours\/piano-2\/fiona\/","title":{"rendered":"Fiona &#8211; Piano"},"content":{"rendered":"<div class=\"wp-block-image\">\n<figure class=\"aligncenter size-large is-resized\"><img loading=\"lazy\" decoding=\"async\" width=\"819\" height=\"1024\" src=\"https:\/\/www.mic31.fr\/wordpress\/wp-content\/uploads\/2025\/10\/Fiona-Piano-819x1024.jpeg\" alt=\"\" class=\"wp-image-4209\" style=\"width:651px;height:auto\" srcset=\"https:\/\/www.mic31.fr\/wordpress\/wp-content\/uploads\/2025\/10\/Fiona-Piano-819x1024.jpeg 819w, https:\/\/www.mic31.fr\/wordpress\/wp-content\/uploads\/2025\/10\/Fiona-Piano-240x300.jpeg 240w, https:\/\/www.mic31.fr\/wordpress\/wp-content\/uploads\/2025\/10\/Fiona-Piano-768x960.jpeg 768w, https:\/\/www.mic31.fr\/wordpress\/wp-content\/uploads\/2025\/10\/Fiona-Piano.jpeg 1080w\" sizes=\"auto, (max-width: 819px) 100vw, 819px\" \/><\/figure>\n<\/div>\n\n\n<h1 class=\"wp-block-heading has-text-align-center has-medium-font-size\"><\/h1>\n\n\n\n<p class=\"has-text-align-center has-medium-font-size\">Baign\u00e9e depuis son enfance dans la musique, Fiona d\u00e9croche en 2011 un dipl\u00f4me de fin d\u2019\u00e9tudes de piano et une m\u00e9daille de solf\u00e8ge au conservatoire de PERPIGNAN. Durant ses ann\u00e9es d\u2019apprentissage, elle allie techniques classiques et actuelles lui permettant ainsi de savoir d\u00e9chiffrer autant une partition qu\u2019une grille d\u2019accords.<\/p>\n\n\n\n<p class=\"has-text-align-center has-medium-font-size\">Son go\u00fbt pour la sc\u00e8ne l\u2019am\u00e8ne \u00e0 participer \u00e0 divers groupes de tous styles (rock, jazz, pop) lui permettant de se produire sur petites et moyennes sc\u00e8nes. \u00c9tant \u00e9galement une passionn\u00e9e du chant, elle apprend vite \u00e0 s\u2019accompagner au piano afin de jouer tout type de r\u00e9pertoire musical chant\u00e9.<\/p>\n\n\n\n<p class=\"has-text-align-center has-medium-font-size\">A la fin du lyc\u00e9e, elle fait le choix de suivre des \u00e9tudes scientifiques. Elle obtient un dipl\u00f4me d\u2019ing\u00e9nieure en acoustique du b\u00e2timent, m\u00e9tier qu\u2019elle exerce durant 5 ans. Le besoin de partage et son amour pour la musique l\u2019am\u00e8ne \u00e0 revenir dans un cursus musical et \u00e0 se consacrer pleinement \u00e0 l\u2019enseignement de la musique.<\/p>\n\n\n\n<p class=\"has-text-align-center has-medium-font-size\">Fiona a toujours prioris\u00e9 la personne \u00e0 la performance et c\u2019est pour cela qu\u2019elle s\u2019adapte \u00e0 chacun tant dans la mani\u00e8re de travailler que dans le r\u00e9pertoire propos\u00e9. Son but est de transmettre la musique par le plaisir d\u2019apprendre et d\u2019\u00e9voluer en s\u2019amusant. Le non- jugement et la bienveillance sont essentiels pour elle afin de permettre \u00e0 chacun de se d\u00e9couvrir et s\u2019\u00e9panouir \u00e0 son rythme. Ses exp\u00e9riences musicales lui permettent de proposer un r\u00e9pertoire vari\u00e9 et adapt\u00e9 \u00e0 chacun, avec selon les besoins et envie un soup\u00e7on de techniques permettant de se sentir plus \u00e0 l\u2019aise dans son jeu. Elle aime d\u00e9couvrir de nouvelles choses et est ouverte \u00e0 toute proposition musicale.<br>Passionn\u00e9e par le chant et la voix et titulaire d\u2019un dipl\u00f4me de formatrice en expression vocale, elle pourra \u00e9galement vous aider dans un travail piano \/ chant.<\/p>\n\n\n\n<h4 class=\"wp-block-heading has-text-align-center has-medium-font-size\"><strong>N&rsquo;h\u00e9sitez pas \u00e0 la contacter pour toutes questions ou \u00e9changes sur ses cours.<\/strong><\/h4>\n\n\n\n<h3 class=\"wp-block-heading has-text-align-center has-medium-font-size\"><strong>Pour les tarifs des cours :\u00a0<a href=\"http:\/\/www.mic31.fr\/index.php\/tarifs-et-conditions\/\">infos ici<\/a><\/strong><\/h3>\n\n\n\n<p class=\"has-text-align-center\">_______________________________________________________________________<\/p>\n\n\n\n<p class=\"has-text-align-center has-medium-font-size\"><strong>Retrouvez nous sur vos r\u00e9seaux sociaux pr\u00e9f\u00e9r\u00e9s pour suivre notre actualit\u00e9 : <\/strong><\/p>\n\n\n<div class=\"wp-block-image\">\n<figure class=\"aligncenter is-resized\"><a href=\"https:\/\/www.facebook.com\/musicinstituteandculture\/\" target=\"_blank\" rel=\"noreferrer noopener\"><img loading=\"lazy\" decoding=\"async\" width=\"300\" height=\"300\" src=\"http:\/\/www.mic31.fr\/wordpress\/wp-content\/uploads\/2016\/10\/icone-facebook-site-300x300.png\" alt=\"icone facebook site\" class=\"wp-image-506\" style=\"width:66px;height:auto\" srcset=\"https:\/\/www.mic31.fr\/wordpress\/wp-content\/uploads\/2016\/10\/icone-facebook-site-300x300.png 300w, https:\/\/www.mic31.fr\/wordpress\/wp-content\/uploads\/2016\/10\/icone-facebook-site-150x150.png 150w, https:\/\/www.mic31.fr\/wordpress\/wp-content\/uploads\/2016\/10\/icone-facebook-site-200x200.png 200w, https:\/\/www.mic31.fr\/wordpress\/wp-content\/uploads\/2016\/10\/icone-facebook-site.png 626w\" sizes=\"auto, (max-width: 300px) 100vw, 300px\" \/><\/a><\/figure>\n<\/div>\n\n\n<p><\/p>\n\n\n\n<div class=\"wp-block-group\"><div class=\"wp-block-group__inner-container is-layout-constrained wp-block-group-is-layout-constrained\"><div class=\"wp-block-image\">\n<figure class=\"aligncenter is-resized\"><a href=\"https:\/\/www.instagram.com\/assomic31\/\" target=\"_blank\" rel=\"noreferrer noopener\"><img loading=\"lazy\" decoding=\"async\" width=\"300\" height=\"300\" src=\"http:\/\/www.mic31.fr\/wordpress\/wp-content\/uploads\/2016\/10\/icone-instagram-site-300x300.png\" alt=\"icone instagram site\" class=\"wp-image-504\" style=\"width:69px;height:auto\" srcset=\"https:\/\/www.mic31.fr\/wordpress\/wp-content\/uploads\/2016\/10\/icone-instagram-site-300x300.png 300w, https:\/\/www.mic31.fr\/wordpress\/wp-content\/uploads\/2016\/10\/icone-instagram-site-150x150.png 150w, https:\/\/www.mic31.fr\/wordpress\/wp-content\/uploads\/2016\/10\/icone-instagram-site-200x200.png 200w, https:\/\/www.mic31.fr\/wordpress\/wp-content\/uploads\/2016\/10\/icone-instagram-site.png 400w\" sizes=\"auto, (max-width: 300px) 100vw, 300px\" \/><\/a><\/figure>\n<\/div><\/div><\/div>\n","protected":false},"excerpt":{"rendered":"<p>Baign\u00e9e depuis son enfance dans la musique, Fiona d\u00e9croche en 2011 un dipl\u00f4me de fin d\u2019\u00e9tudes de piano et une m\u00e9daille de solf\u00e8ge [&hellip;]<\/p>\n","protected":false},"author":1,"featured_media":0,"parent":1052,"menu_order":2,"comment_status":"closed","ping_status":"closed","template":"","meta":{"footnotes":""},"class_list":["post-1055","page","type-page","status-publish","hentry"],"yoast_head":"<!-- This site is optimized with the Yoast SEO plugin v24.1 - https:\/\/yoast.com\/wordpress\/plugins\/seo\/ -->\n<title>Cours de Piano, Colomiers chez Music Institute and Culture<\/title>\n<meta name=\"description\" content=\"Bienvenue chez Music institute and Culture, une \u00e9cole de musique sp\u00e9cialis\u00e9e en Musiques Actuelles, avec du Solf\u00e8ge appliqu\u00e9 directement \u00e0 l&#039;instrument.\" \/>\n<meta name=\"robots\" content=\"index, follow, max-snippet:-1, max-image-preview:large, max-video-preview:-1\" \/>\n<link rel=\"canonical\" href=\"https:\/\/www.mic31.fr\/index.php\/les-cours\/piano-2\/fiona\/\" \/>\n<meta property=\"og:locale\" content=\"fr_FR\" \/>\n<meta property=\"og:type\" content=\"article\" \/>\n<meta property=\"og:title\" content=\"Cours de Piano, Colomiers chez Music Institute and Culture\" \/>\n<meta property=\"og:description\" content=\"Bienvenue chez Music institute and Culture, une \u00e9cole de musique sp\u00e9cialis\u00e9e en Musiques Actuelles, avec du Solf\u00e8ge appliqu\u00e9 directement \u00e0 l&#039;instrument.\" \/>\n<meta property=\"og:url\" content=\"https:\/\/www.mic31.fr\/index.php\/les-cours\/piano-2\/fiona\/\" \/>\n<meta property=\"article:publisher\" content=\"https:\/\/www.facebook.com\/musicinstituteandculture\/\" \/>\n<meta property=\"article:modified_time\" content=\"2025-10-26T14:48:20+00:00\" \/>\n<meta property=\"og:image\" content=\"https:\/\/www.mic31.fr\/wordpress\/wp-content\/uploads\/2025\/10\/Fiona-Piano-819x1024.jpeg\" \/>\n<meta name=\"twitter:card\" content=\"summary_large_image\" \/>\n<meta name=\"twitter:site\" content=\"@assomic31\" \/>\n<meta name=\"twitter:label1\" content=\"Dur\u00e9e de lecture estim\u00e9e\" \/>\n\t<meta name=\"twitter:data1\" content=\"3 minutes\" \/>\n<script type=\"application\/ld+json\" class=\"yoast-schema-graph\">{\"@context\":\"https:\/\/schema.org\",\"@graph\":[{\"@type\":\"WebPage\",\"@id\":\"https:\/\/www.mic31.fr\/index.php\/les-cours\/piano-2\/fiona\/\",\"url\":\"https:\/\/www.mic31.fr\/index.php\/les-cours\/piano-2\/fiona\/\",\"name\":\"Cours de Piano, Colomiers chez Music Institute and Culture\",\"isPartOf\":{\"@id\":\"http:\/\/www.mic31.fr\/#website\"},\"primaryImageOfPage\":{\"@id\":\"https:\/\/www.mic31.fr\/index.php\/les-cours\/piano-2\/fiona\/#primaryimage\"},\"image\":{\"@id\":\"https:\/\/www.mic31.fr\/index.php\/les-cours\/piano-2\/fiona\/#primaryimage\"},\"thumbnailUrl\":\"https:\/\/www.mic31.fr\/wordpress\/wp-content\/uploads\/2025\/10\/Fiona-Piano-819x1024.jpeg\",\"datePublished\":\"2017-09-19T13:41:03+00:00\",\"dateModified\":\"2025-10-26T14:48:20+00:00\",\"description\":\"Bienvenue chez Music institute and Culture, une \u00e9cole de musique sp\u00e9cialis\u00e9e en Musiques Actuelles, avec du Solf\u00e8ge appliqu\u00e9 directement \u00e0 l'instrument.\",\"breadcrumb\":{\"@id\":\"https:\/\/www.mic31.fr\/index.php\/les-cours\/piano-2\/fiona\/#breadcrumb\"},\"inLanguage\":\"fr-FR\",\"potentialAction\":[{\"@type\":\"ReadAction\",\"target\":[\"https:\/\/www.mic31.fr\/index.php\/les-cours\/piano-2\/fiona\/\"]}]},{\"@type\":\"ImageObject\",\"inLanguage\":\"fr-FR\",\"@id\":\"https:\/\/www.mic31.fr\/index.php\/les-cours\/piano-2\/fiona\/#primaryimage\",\"url\":\"https:\/\/www.mic31.fr\/wordpress\/wp-content\/uploads\/2025\/10\/Fiona-Piano-819x1024.jpeg\",\"contentUrl\":\"https:\/\/www.mic31.fr\/wordpress\/wp-content\/uploads\/2025\/10\/Fiona-Piano-819x1024.jpeg\"},{\"@type\":\"BreadcrumbList\",\"@id\":\"https:\/\/www.mic31.fr\/index.php\/les-cours\/piano-2\/fiona\/#breadcrumb\",\"itemListElement\":[{\"@type\":\"ListItem\",\"position\":1,\"name\":\"Accueil\",\"item\":\"http:\/\/www.mic31.fr\/\"},{\"@type\":\"ListItem\",\"position\":2,\"name\":\"Les enseignements\",\"item\":\"https:\/\/www.mic31.fr\/index.php\/les-cours\/\"},{\"@type\":\"ListItem\",\"position\":3,\"name\":\"Piano\",\"item\":\"https:\/\/www.mic31.fr\/index.php\/les-cours\/piano-2\/\"},{\"@type\":\"ListItem\",\"position\":4,\"name\":\"Fiona &#8211; Piano\"}]},{\"@type\":\"WebSite\",\"@id\":\"http:\/\/www.mic31.fr\/#website\",\"url\":\"http:\/\/www.mic31.fr\/\",\"name\":\"Music Institute and Culture\",\"description\":\"\",\"publisher\":{\"@id\":\"http:\/\/www.mic31.fr\/#organization\"},\"potentialAction\":[{\"@type\":\"SearchAction\",\"target\":{\"@type\":\"EntryPoint\",\"urlTemplate\":\"http:\/\/www.mic31.fr\/?s={search_term_string}\"},\"query-input\":{\"@type\":\"PropertyValueSpecification\",\"valueRequired\":true,\"valueName\":\"search_term_string\"}}],\"inLanguage\":\"fr-FR\"},{\"@type\":\"Organization\",\"@id\":\"http:\/\/www.mic31.fr\/#organization\",\"name\":\"Music institute and Culture\",\"url\":\"http:\/\/www.mic31.fr\/\",\"logo\":{\"@type\":\"ImageObject\",\"inLanguage\":\"fr-FR\",\"@id\":\"http:\/\/www.mic31.fr\/#\/schema\/logo\/image\/\",\"url\":\"http:\/\/www.mic31.fr\/wordpress\/wp-content\/uploads\/2016\/10\/cropped-cropped-Flyer-asso-MIC-v8-copie.jpg\",\"contentUrl\":\"http:\/\/www.mic31.fr\/wordpress\/wp-content\/uploads\/2016\/10\/cropped-cropped-Flyer-asso-MIC-v8-copie.jpg\",\"width\":512,\"height\":512,\"caption\":\"Music institute and Culture\"},\"image\":{\"@id\":\"http:\/\/www.mic31.fr\/#\/schema\/logo\/image\/\"},\"sameAs\":[\"https:\/\/www.facebook.com\/musicinstituteandculture\/\",\"https:\/\/x.com\/assomic31\",\"https:\/\/www.instagram.com\/assomic31\/\"]}]}<\/script>\n<!-- \/ Yoast SEO plugin. -->","yoast_head_json":{"title":"Cours de Piano, Colomiers chez Music Institute and Culture","description":"Bienvenue chez Music institute and Culture, une \u00e9cole de musique sp\u00e9cialis\u00e9e en Musiques Actuelles, avec du Solf\u00e8ge appliqu\u00e9 directement \u00e0 l'instrument.","robots":{"index":"index","follow":"follow","max-snippet":"max-snippet:-1","max-image-preview":"max-image-preview:large","max-video-preview":"max-video-preview:-1"},"canonical":"https:\/\/www.mic31.fr\/index.php\/les-cours\/piano-2\/fiona\/","og_locale":"fr_FR","og_type":"article","og_title":"Cours de Piano, Colomiers chez Music Institute and Culture","og_description":"Bienvenue chez Music institute and Culture, une \u00e9cole de musique sp\u00e9cialis\u00e9e en Musiques Actuelles, avec du Solf\u00e8ge appliqu\u00e9 directement \u00e0 l'instrument.","og_url":"https:\/\/www.mic31.fr\/index.php\/les-cours\/piano-2\/fiona\/","article_publisher":"https:\/\/www.facebook.com\/musicinstituteandculture\/","article_modified_time":"2025-10-26T14:48:20+00:00","og_image":[{"url":"https:\/\/www.mic31.fr\/wordpress\/wp-content\/uploads\/2025\/10\/Fiona-Piano-819x1024.jpeg","type":"","width":"","height":""}],"twitter_card":"summary_large_image","twitter_site":"@assomic31","twitter_misc":{"Dur\u00e9e de lecture estim\u00e9e":"3 minutes"},"schema":{"@context":"https:\/\/schema.org","@graph":[{"@type":"WebPage","@id":"https:\/\/www.mic31.fr\/index.php\/les-cours\/piano-2\/fiona\/","url":"https:\/\/www.mic31.fr\/index.php\/les-cours\/piano-2\/fiona\/","name":"Cours de Piano, Colomiers chez Music Institute and Culture","isPartOf":{"@id":"http:\/\/www.mic31.fr\/#website"},"primaryImageOfPage":{"@id":"https:\/\/www.mic31.fr\/index.php\/les-cours\/piano-2\/fiona\/#primaryimage"},"image":{"@id":"https:\/\/www.mic31.fr\/index.php\/les-cours\/piano-2\/fiona\/#primaryimage"},"thumbnailUrl":"https:\/\/www.mic31.fr\/wordpress\/wp-content\/uploads\/2025\/10\/Fiona-Piano-819x1024.jpeg","datePublished":"2017-09-19T13:41:03+00:00","dateModified":"2025-10-26T14:48:20+00:00","description":"Bienvenue chez Music institute and Culture, une \u00e9cole de musique sp\u00e9cialis\u00e9e en Musiques Actuelles, avec du Solf\u00e8ge appliqu\u00e9 directement \u00e0 l'instrument.","breadcrumb":{"@id":"https:\/\/www.mic31.fr\/index.php\/les-cours\/piano-2\/fiona\/#breadcrumb"},"inLanguage":"fr-FR","potentialAction":[{"@type":"ReadAction","target":["https:\/\/www.mic31.fr\/index.php\/les-cours\/piano-2\/fiona\/"]}]},{"@type":"ImageObject","inLanguage":"fr-FR","@id":"https:\/\/www.mic31.fr\/index.php\/les-cours\/piano-2\/fiona\/#primaryimage","url":"https:\/\/www.mic31.fr\/wordpress\/wp-content\/uploads\/2025\/10\/Fiona-Piano-819x1024.jpeg","contentUrl":"https:\/\/www.mic31.fr\/wordpress\/wp-content\/uploads\/2025\/10\/Fiona-Piano-819x1024.jpeg"},{"@type":"BreadcrumbList","@id":"https:\/\/www.mic31.fr\/index.php\/les-cours\/piano-2\/fiona\/#breadcrumb","itemListElement":[{"@type":"ListItem","position":1,"name":"Accueil","item":"http:\/\/www.mic31.fr\/"},{"@type":"ListItem","position":2,"name":"Les enseignements","item":"https:\/\/www.mic31.fr\/index.php\/les-cours\/"},{"@type":"ListItem","position":3,"name":"Piano","item":"https:\/\/www.mic31.fr\/index.php\/les-cours\/piano-2\/"},{"@type":"ListItem","position":4,"name":"Fiona &#8211; Piano"}]},{"@type":"WebSite","@id":"http:\/\/www.mic31.fr\/#website","url":"http:\/\/www.mic31.fr\/","name":"Music Institute and Culture","description":"","publisher":{"@id":"http:\/\/www.mic31.fr\/#organization"},"potentialAction":[{"@type":"SearchAction","target":{"@type":"EntryPoint","urlTemplate":"http:\/\/www.mic31.fr\/?s={search_term_string}"},"query-input":{"@type":"PropertyValueSpecification","valueRequired":true,"valueName":"search_term_string"}}],"inLanguage":"fr-FR"},{"@type":"Organization","@id":"http:\/\/www.mic31.fr\/#organization","name":"Music institute and Culture","url":"http:\/\/www.mic31.fr\/","logo":{"@type":"ImageObject","inLanguage":"fr-FR","@id":"http:\/\/www.mic31.fr\/#\/schema\/logo\/image\/","url":"http:\/\/www.mic31.fr\/wordpress\/wp-content\/uploads\/2016\/10\/cropped-cropped-Flyer-asso-MIC-v8-copie.jpg","contentUrl":"http:\/\/www.mic31.fr\/wordpress\/wp-content\/uploads\/2016\/10\/cropped-cropped-Flyer-asso-MIC-v8-copie.jpg","width":512,"height":512,"caption":"Music institute and Culture"},"image":{"@id":"http:\/\/www.mic31.fr\/#\/schema\/logo\/image\/"},"sameAs":["https:\/\/www.facebook.com\/musicinstituteandculture\/","https:\/\/x.com\/assomic31","https:\/\/www.instagram.com\/assomic31\/"]}]}},"_links":{"self":[{"href":"https:\/\/www.mic31.fr\/index.php\/wp-json\/wp\/v2\/pages\/1055","targetHints":{"allow":["GET"]}}],"collection":[{"href":"https:\/\/www.mic31.fr\/index.php\/wp-json\/wp\/v2\/pages"}],"about":[{"href":"https:\/\/www.mic31.fr\/index.php\/wp-json\/wp\/v2\/types\/page"}],"author":[{"embeddable":true,"href":"https:\/\/www.mic31.fr\/index.php\/wp-json\/wp\/v2\/users\/1"}],"replies":[{"embeddable":true,"href":"https:\/\/www.mic31.fr\/index.php\/wp-json\/wp\/v2\/comments?post=1055"}],"version-history":[{"count":18,"href":"https:\/\/www.mic31.fr\/index.php\/wp-json\/wp\/v2\/pages\/1055\/revisions"}],"predecessor-version":[{"id":4408,"href":"https:\/\/www.mic31.fr\/index.php\/wp-json\/wp\/v2\/pages\/1055\/revisions\/4408"}],"up":[{"embeddable":true,"href":"https:\/\/www.mic31.fr\/index.php\/wp-json\/wp\/v2\/pages\/1052"}],"wp:attachment":[{"href":"https:\/\/www.mic31.fr\/index.php\/wp-json\/wp\/v2\/media?parent=1055"}],"curies":[{"name":"wp","href":"https:\/\/api.w.org\/{rel}","templated":true}]}}