{"id":4534,"date":"2026-02-15T20:19:16","date_gmt":"2026-02-15T19:19:16","guid":{"rendered":"https:\/\/www.mic31.fr\/?page_id=4534"},"modified":"2026-02-15T20:29:54","modified_gmt":"2026-02-15T19:29:54","slug":"soirees-2025-2026","status":"publish","type":"page","link":"http:\/\/www.mic31.fr\/index.php\/soirees-2025-2026\/","title":{"rendered":"Soir\u00e9es 2025 \/ 2026"},"content":{"rendered":"\n<p class=\"has-text-align-center has-large-font-size\"><strong>SOIR\u00c9E OPEN MIC #2 <\/strong><\/p>\n\n\n\n<p class=\"has-text-align-center has-medium-font-size\">Samedi 7 f\u00e9vrier \u00e0 partir de 18h30, MIC est fier de vous inviter \u00e0 la seconde \u00e9dition de son \u00ab\u00a0Open MIC\u00a0\u00bb . Pour cette soir\u00e9e, 4 artistes solos seront mis en avant (Carine, Franck, Gabrielle et Margaux), avec un set de 30 minutes pour vous faire d\u00e9couvrir leur univers musical. Buvette sur place<\/p>\n\n\n<div class=\"wp-block-image\">\n<figure class=\"aligncenter size-large is-resized\"><img loading=\"lazy\" decoding=\"async\" width=\"819\" height=\"1024\" src=\"https:\/\/www.mic31.fr\/wordpress\/wp-content\/uploads\/2026\/01\/OPEN-MIC-2--819x1024.png\" alt=\"\" class=\"wp-image-4509\" style=\"aspect-ratio:0.7998093001112639;width:637px;height:auto\" srcset=\"http:\/\/www.mic31.fr\/wordpress\/wp-content\/uploads\/2026\/01\/OPEN-MIC-2--819x1024.png 819w, http:\/\/www.mic31.fr\/wordpress\/wp-content\/uploads\/2026\/01\/OPEN-MIC-2--240x300.png 240w, http:\/\/www.mic31.fr\/wordpress\/wp-content\/uploads\/2026\/01\/OPEN-MIC-2--768x960.png 768w, http:\/\/www.mic31.fr\/wordpress\/wp-content\/uploads\/2026\/01\/OPEN-MIC-2-.png 1080w\" sizes=\"auto, (max-width: 819px) 100vw, 819px\" \/><\/figure>\n<\/div>\n\n\n<p><\/p>\n","protected":false},"excerpt":{"rendered":"<p>SOIR\u00c9E OPEN MIC #2 Samedi 7 f\u00e9vrier \u00e0 partir de 18h30, MIC est fier de vous inviter \u00e0 la seconde \u00e9dition de son [&hellip;]<\/p>\n","protected":false},"author":1,"featured_media":0,"parent":0,"menu_order":0,"comment_status":"closed","ping_status":"closed","template":"","meta":{"footnotes":""},"class_list":["post-4534","page","type-page","status-publish","hentry"],"yoast_head":"<!-- This site is optimized with the Yoast SEO plugin v24.1 - https:\/\/yoast.com\/wordpress\/plugins\/seo\/ -->\n<title>Soir\u00e9es 2025 \/ 2026 -<\/title>\n<meta name=\"description\" content=\"Bienvenue chez Music Institute and Culture, \u00e9cole de musique \u00e0 Colomiers\" \/>\n<meta name=\"robots\" content=\"index, follow, max-snippet:-1, max-image-preview:large, max-video-preview:-1\" \/>\n<link rel=\"canonical\" href=\"https:\/\/www.mic31.fr\/index.php\/soirees-2025-2026\/\" \/>\n<meta property=\"og:locale\" content=\"fr_FR\" \/>\n<meta property=\"og:type\" content=\"article\" \/>\n<meta property=\"og:title\" content=\"Soir\u00e9es 2025 \/ 2026 -\" \/>\n<meta property=\"og:description\" content=\"Bienvenue chez Music Institute and Culture, \u00e9cole de musique \u00e0 Colomiers\" \/>\n<meta property=\"og:url\" content=\"https:\/\/www.mic31.fr\/index.php\/soirees-2025-2026\/\" \/>\n<meta property=\"article:publisher\" content=\"https:\/\/www.facebook.com\/musicinstituteandculture\/\" \/>\n<meta property=\"article:modified_time\" content=\"2026-02-15T19:29:54+00:00\" \/>\n<meta property=\"og:image\" content=\"https:\/\/www.mic31.fr\/wordpress\/wp-content\/uploads\/2026\/01\/OPEN-MIC-2--819x1024.png\" \/>\n<meta name=\"twitter:card\" content=\"summary_large_image\" \/>\n<meta name=\"twitter:site\" content=\"@assomic31\" \/>\n<meta name=\"twitter:label1\" content=\"Dur\u00e9e de lecture estim\u00e9e\" \/>\n\t<meta name=\"twitter:data1\" content=\"1 minute\" \/>\n<script type=\"application\/ld+json\" class=\"yoast-schema-graph\">{\"@context\":\"https:\/\/schema.org\",\"@graph\":[{\"@type\":\"WebPage\",\"@id\":\"https:\/\/www.mic31.fr\/index.php\/soirees-2025-2026\/\",\"url\":\"https:\/\/www.mic31.fr\/index.php\/soirees-2025-2026\/\",\"name\":\"Soir\u00e9es 2025 \/ 2026 -\",\"isPartOf\":{\"@id\":\"https:\/\/www.mic31.fr\/#website\"},\"primaryImageOfPage\":{\"@id\":\"https:\/\/www.mic31.fr\/index.php\/soirees-2025-2026\/#primaryimage\"},\"image\":{\"@id\":\"https:\/\/www.mic31.fr\/index.php\/soirees-2025-2026\/#primaryimage\"},\"thumbnailUrl\":\"https:\/\/www.mic31.fr\/wordpress\/wp-content\/uploads\/2026\/01\/OPEN-MIC-2--819x1024.png\",\"datePublished\":\"2026-02-15T19:19:16+00:00\",\"dateModified\":\"2026-02-15T19:29:54+00:00\",\"description\":\"Bienvenue chez Music Institute and Culture, \u00e9cole de musique \u00e0 Colomiers\",\"breadcrumb\":{\"@id\":\"https:\/\/www.mic31.fr\/index.php\/soirees-2025-2026\/#breadcrumb\"},\"inLanguage\":\"fr-FR\",\"potentialAction\":[{\"@type\":\"ReadAction\",\"target\":[\"https:\/\/www.mic31.fr\/index.php\/soirees-2025-2026\/\"]}]},{\"@type\":\"ImageObject\",\"inLanguage\":\"fr-FR\",\"@id\":\"https:\/\/www.mic31.fr\/index.php\/soirees-2025-2026\/#primaryimage\",\"url\":\"https:\/\/www.mic31.fr\/wordpress\/wp-content\/uploads\/2026\/01\/OPEN-MIC-2--819x1024.png\",\"contentUrl\":\"https:\/\/www.mic31.fr\/wordpress\/wp-content\/uploads\/2026\/01\/OPEN-MIC-2--819x1024.png\"},{\"@type\":\"BreadcrumbList\",\"@id\":\"https:\/\/www.mic31.fr\/index.php\/soirees-2025-2026\/#breadcrumb\",\"itemListElement\":[{\"@type\":\"ListItem\",\"position\":1,\"name\":\"Accueil\",\"item\":\"https:\/\/www.mic31.fr\/\"},{\"@type\":\"ListItem\",\"position\":2,\"name\":\"Soir\u00e9es 2025 \/ 2026\"}]},{\"@type\":\"WebSite\",\"@id\":\"https:\/\/www.mic31.fr\/#website\",\"url\":\"https:\/\/www.mic31.fr\/\",\"name\":\"Music Institute and Culture\",\"description\":\"\",\"publisher\":{\"@id\":\"https:\/\/www.mic31.fr\/#organization\"},\"potentialAction\":[{\"@type\":\"SearchAction\",\"target\":{\"@type\":\"EntryPoint\",\"urlTemplate\":\"https:\/\/www.mic31.fr\/?s={search_term_string}\"},\"query-input\":{\"@type\":\"PropertyValueSpecification\",\"valueRequired\":true,\"valueName\":\"search_term_string\"}}],\"inLanguage\":\"fr-FR\"},{\"@type\":\"Organization\",\"@id\":\"https:\/\/www.mic31.fr\/#organization\",\"name\":\"Music institute and Culture\",\"url\":\"https:\/\/www.mic31.fr\/\",\"logo\":{\"@type\":\"ImageObject\",\"inLanguage\":\"fr-FR\",\"@id\":\"https:\/\/www.mic31.fr\/#\/schema\/logo\/image\/\",\"url\":\"http:\/\/www.mic31.fr\/wordpress\/wp-content\/uploads\/2016\/10\/cropped-cropped-Flyer-asso-MIC-v8-copie.jpg\",\"contentUrl\":\"http:\/\/www.mic31.fr\/wordpress\/wp-content\/uploads\/2016\/10\/cropped-cropped-Flyer-asso-MIC-v8-copie.jpg\",\"width\":512,\"height\":512,\"caption\":\"Music institute and Culture\"},\"image\":{\"@id\":\"https:\/\/www.mic31.fr\/#\/schema\/logo\/image\/\"},\"sameAs\":[\"https:\/\/www.facebook.com\/musicinstituteandculture\/\",\"https:\/\/x.com\/assomic31\",\"https:\/\/www.instagram.com\/assomic31\/\"]}]}<\/script>\n<!-- \/ Yoast SEO plugin. -->","yoast_head_json":{"title":"Soir\u00e9es 2025 \/ 2026 -","description":"Bienvenue chez Music Institute and Culture, \u00e9cole de musique \u00e0 Colomiers","robots":{"index":"index","follow":"follow","max-snippet":"max-snippet:-1","max-image-preview":"max-image-preview:large","max-video-preview":"max-video-preview:-1"},"canonical":"https:\/\/www.mic31.fr\/index.php\/soirees-2025-2026\/","og_locale":"fr_FR","og_type":"article","og_title":"Soir\u00e9es 2025 \/ 2026 -","og_description":"Bienvenue chez Music Institute and Culture, \u00e9cole de musique \u00e0 Colomiers","og_url":"https:\/\/www.mic31.fr\/index.php\/soirees-2025-2026\/","article_publisher":"https:\/\/www.facebook.com\/musicinstituteandculture\/","article_modified_time":"2026-02-15T19:29:54+00:00","og_image":[{"url":"https:\/\/www.mic31.fr\/wordpress\/wp-content\/uploads\/2026\/01\/OPEN-MIC-2--819x1024.png","type":"","width":"","height":""}],"twitter_card":"summary_large_image","twitter_site":"@assomic31","twitter_misc":{"Dur\u00e9e de lecture estim\u00e9e":"1 minute"},"schema":{"@context":"https:\/\/schema.org","@graph":[{"@type":"WebPage","@id":"https:\/\/www.mic31.fr\/index.php\/soirees-2025-2026\/","url":"https:\/\/www.mic31.fr\/index.php\/soirees-2025-2026\/","name":"Soir\u00e9es 2025 \/ 2026 -","isPartOf":{"@id":"https:\/\/www.mic31.fr\/#website"},"primaryImageOfPage":{"@id":"https:\/\/www.mic31.fr\/index.php\/soirees-2025-2026\/#primaryimage"},"image":{"@id":"https:\/\/www.mic31.fr\/index.php\/soirees-2025-2026\/#primaryimage"},"thumbnailUrl":"https:\/\/www.mic31.fr\/wordpress\/wp-content\/uploads\/2026\/01\/OPEN-MIC-2--819x1024.png","datePublished":"2026-02-15T19:19:16+00:00","dateModified":"2026-02-15T19:29:54+00:00","description":"Bienvenue chez Music Institute and Culture, \u00e9cole de musique \u00e0 Colomiers","breadcrumb":{"@id":"https:\/\/www.mic31.fr\/index.php\/soirees-2025-2026\/#breadcrumb"},"inLanguage":"fr-FR","potentialAction":[{"@type":"ReadAction","target":["https:\/\/www.mic31.fr\/index.php\/soirees-2025-2026\/"]}]},{"@type":"ImageObject","inLanguage":"fr-FR","@id":"https:\/\/www.mic31.fr\/index.php\/soirees-2025-2026\/#primaryimage","url":"https:\/\/www.mic31.fr\/wordpress\/wp-content\/uploads\/2026\/01\/OPEN-MIC-2--819x1024.png","contentUrl":"https:\/\/www.mic31.fr\/wordpress\/wp-content\/uploads\/2026\/01\/OPEN-MIC-2--819x1024.png"},{"@type":"BreadcrumbList","@id":"https:\/\/www.mic31.fr\/index.php\/soirees-2025-2026\/#breadcrumb","itemListElement":[{"@type":"ListItem","position":1,"name":"Accueil","item":"https:\/\/www.mic31.fr\/"},{"@type":"ListItem","position":2,"name":"Soir\u00e9es 2025 \/ 2026"}]},{"@type":"WebSite","@id":"https:\/\/www.mic31.fr\/#website","url":"https:\/\/www.mic31.fr\/","name":"Music Institute and Culture","description":"","publisher":{"@id":"https:\/\/www.mic31.fr\/#organization"},"potentialAction":[{"@type":"SearchAction","target":{"@type":"EntryPoint","urlTemplate":"https:\/\/www.mic31.fr\/?s={search_term_string}"},"query-input":{"@type":"PropertyValueSpecification","valueRequired":true,"valueName":"search_term_string"}}],"inLanguage":"fr-FR"},{"@type":"Organization","@id":"https:\/\/www.mic31.fr\/#organization","name":"Music institute and Culture","url":"https:\/\/www.mic31.fr\/","logo":{"@type":"ImageObject","inLanguage":"fr-FR","@id":"https:\/\/www.mic31.fr\/#\/schema\/logo\/image\/","url":"http:\/\/www.mic31.fr\/wordpress\/wp-content\/uploads\/2016\/10\/cropped-cropped-Flyer-asso-MIC-v8-copie.jpg","contentUrl":"http:\/\/www.mic31.fr\/wordpress\/wp-content\/uploads\/2016\/10\/cropped-cropped-Flyer-asso-MIC-v8-copie.jpg","width":512,"height":512,"caption":"Music institute and Culture"},"image":{"@id":"https:\/\/www.mic31.fr\/#\/schema\/logo\/image\/"},"sameAs":["https:\/\/www.facebook.com\/musicinstituteandculture\/","https:\/\/x.com\/assomic31","https:\/\/www.instagram.com\/assomic31\/"]}]}},"_links":{"self":[{"href":"http:\/\/www.mic31.fr\/index.php\/wp-json\/wp\/v2\/pages\/4534","targetHints":{"allow":["GET"]}}],"collection":[{"href":"http:\/\/www.mic31.fr\/index.php\/wp-json\/wp\/v2\/pages"}],"about":[{"href":"http:\/\/www.mic31.fr\/index.php\/wp-json\/wp\/v2\/types\/page"}],"author":[{"embeddable":true,"href":"http:\/\/www.mic31.fr\/index.php\/wp-json\/wp\/v2\/users\/1"}],"replies":[{"embeddable":true,"href":"http:\/\/www.mic31.fr\/index.php\/wp-json\/wp\/v2\/comments?post=4534"}],"version-history":[{"count":3,"href":"http:\/\/www.mic31.fr\/index.php\/wp-json\/wp\/v2\/pages\/4534\/revisions"}],"predecessor-version":[{"id":4541,"href":"http:\/\/www.mic31.fr\/index.php\/wp-json\/wp\/v2\/pages\/4534\/revisions\/4541"}],"wp:attachment":[{"href":"http:\/\/www.mic31.fr\/index.php\/wp-json\/wp\/v2\/media?parent=4534"}],"curies":[{"name":"wp","href":"https:\/\/api.w.org\/{rel}","templated":true}]}}