{"id":2140,"date":"2020-02-25T14:52:35","date_gmt":"2020-02-25T13:52:35","guid":{"rendered":"http:\/\/www.mic31.fr\/?page_id=2140"},"modified":"2025-10-26T16:24:05","modified_gmt":"2025-10-26T15:24:05","slug":"bon-cadeau","status":"publish","type":"page","link":"http:\/\/www.mic31.fr\/index.php\/bon-cadeau\/","title":{"rendered":"BON CADEAU"},"content":{"rendered":"\n\n<div class=\"wp-block-image\">\n<figure class=\"aligncenter size-full is-resized\"><img loading=\"lazy\" decoding=\"async\" width=\"500\" height=\"500\" src=\"http:\/\/www.mic31.fr\/wordpress\/wp-content\/uploads\/2024\/06\/Design-sans-titre.png\" alt=\"\" class=\"wp-image-3165\" style=\"width:392px;height:auto\" srcset=\"http:\/\/www.mic31.fr\/wordpress\/wp-content\/uploads\/2024\/06\/Design-sans-titre.png 500w, http:\/\/www.mic31.fr\/wordpress\/wp-content\/uploads\/2024\/06\/Design-sans-titre-300x300.png 300w, http:\/\/www.mic31.fr\/wordpress\/wp-content\/uploads\/2024\/06\/Design-sans-titre-150x150.png 150w\" sizes=\"auto, (max-width: 500px) 100vw, 500px\" \/><\/figure>\n<\/div>\n\n\n<p><\/p>\n\n\n\n<p class=\"has-text-align-center has-medium-font-size\"><strong>Vous pouvez offrir \u00e0 vos proches, un bon cadeau pour venir d\u00e9couvrir nos cours ou pour se lancer dans la pratique musicale. <\/strong><\/p>\n\n\n\n<p class=\"has-text-align-center has-black-color has-text-color has-medium-font-size\"><strong><em>N&rsquo;h\u00e9sitez pas \u00e0 nous contacter pour que nous personnalisions votre cadeau via mail assomic31@gmail.com <\/em><\/strong><\/p>\n\n\n\n<p class=\"has-text-align-center\">_______________________________________________________________________<\/p>\n\n\n\n<p class=\"has-text-align-center has-medium-font-size\"><strong>Retrouvez nous sur vos r\u00e9seaux sociaux pr\u00e9f\u00e9r\u00e9s pour suivre notre actualit\u00e9 :<\/strong><\/p>\n\n\n<div class=\"wp-block-image\">\n<figure class=\"aligncenter is-resized\"><a href=\"https:\/\/www.facebook.com\/musicinstituteandculture\/\" target=\"_blank\" rel=\"noreferrer noopener\"><img loading=\"lazy\" decoding=\"async\" width=\"300\" height=\"300\" src=\"http:\/\/www.mic31.fr\/wordpress\/wp-content\/uploads\/2016\/10\/icone-facebook-site-300x300.png\" alt=\"icone facebook site\" class=\"wp-image-506\" style=\"width:64px;height:auto\" srcset=\"http:\/\/www.mic31.fr\/wordpress\/wp-content\/uploads\/2016\/10\/icone-facebook-site-300x300.png 300w, http:\/\/www.mic31.fr\/wordpress\/wp-content\/uploads\/2016\/10\/icone-facebook-site-150x150.png 150w, http:\/\/www.mic31.fr\/wordpress\/wp-content\/uploads\/2016\/10\/icone-facebook-site-200x200.png 200w, http:\/\/www.mic31.fr\/wordpress\/wp-content\/uploads\/2016\/10\/icone-facebook-site.png 626w\" sizes=\"auto, (max-width: 300px) 100vw, 300px\" \/><\/a><\/figure>\n<\/div>\n\n\n<p><\/p>\n\n\n<div class=\"wp-block-image\">\n<figure class=\"aligncenter is-resized\"><a href=\"https:\/\/www.instagram.com\/assomic31\/\" target=\"_blank\" rel=\"noreferrer noopener\"><img loading=\"lazy\" decoding=\"async\" width=\"300\" height=\"300\" src=\"http:\/\/www.mic31.fr\/wordpress\/wp-content\/uploads\/2016\/10\/icone-instagram-site-300x300.png\" alt=\"icone instagram site\" class=\"wp-image-504\" style=\"width:71px;height:auto\" srcset=\"http:\/\/www.mic31.fr\/wordpress\/wp-content\/uploads\/2016\/10\/icone-instagram-site-300x300.png 300w, http:\/\/www.mic31.fr\/wordpress\/wp-content\/uploads\/2016\/10\/icone-instagram-site-150x150.png 150w, http:\/\/www.mic31.fr\/wordpress\/wp-content\/uploads\/2016\/10\/icone-instagram-site-200x200.png 200w, http:\/\/www.mic31.fr\/wordpress\/wp-content\/uploads\/2016\/10\/icone-instagram-site.png 400w\" sizes=\"auto, (max-width: 300px) 100vw, 300px\" \/><\/a><\/figure>\n<\/div>\n\n\n<p><\/p>\n","protected":false},"excerpt":{"rendered":"<p>Vous pouvez offrir \u00e0 vos proches, un bon cadeau pour venir d\u00e9couvrir nos cours ou pour se lancer dans la pratique musicale. N&rsquo;h\u00e9sitez [&hellip;]<\/p>\n","protected":false},"author":1,"featured_media":0,"parent":0,"menu_order":0,"comment_status":"closed","ping_status":"closed","template":"","meta":{"footnotes":""},"class_list":["post-2140","page","type-page","status-publish","hentry"],"yoast_head":"<!-- This site is optimized with the Yoast SEO plugin v24.1 - https:\/\/yoast.com\/wordpress\/plugins\/seo\/ -->\n<title>BON CADEAU -<\/title>\n<meta name=\"description\" content=\"Bienvenue chez Music Institute and Culture, \u00e9cole de musique \u00e0 Colomiers\" \/>\n<meta name=\"robots\" content=\"index, follow, max-snippet:-1, max-image-preview:large, max-video-preview:-1\" \/>\n<link rel=\"canonical\" href=\"http:\/\/www.mic31.fr\/index.php\/bon-cadeau\/\" \/>\n<meta property=\"og:locale\" content=\"fr_FR\" \/>\n<meta property=\"og:type\" content=\"article\" \/>\n<meta property=\"og:title\" content=\"BON CADEAU -\" \/>\n<meta property=\"og:description\" content=\"Bienvenue chez Music Institute and Culture, \u00e9cole de musique \u00e0 Colomiers\" \/>\n<meta property=\"og:url\" content=\"http:\/\/www.mic31.fr\/index.php\/bon-cadeau\/\" \/>\n<meta property=\"article:publisher\" content=\"https:\/\/www.facebook.com\/musicinstituteandculture\/\" \/>\n<meta property=\"article:modified_time\" content=\"2025-10-26T15:24:05+00:00\" \/>\n<meta property=\"og:image\" content=\"http:\/\/www.mic31.fr\/wordpress\/wp-content\/uploads\/2024\/06\/Design-sans-titre.png\" \/>\n<meta name=\"twitter:card\" content=\"summary_large_image\" \/>\n<meta name=\"twitter:site\" content=\"@assomic31\" \/>\n<meta name=\"twitter:label1\" content=\"Dur\u00e9e de lecture estim\u00e9e\" \/>\n\t<meta name=\"twitter:data1\" content=\"1 minute\" \/>\n<script type=\"application\/ld+json\" class=\"yoast-schema-graph\">{\"@context\":\"https:\/\/schema.org\",\"@graph\":[{\"@type\":\"WebPage\",\"@id\":\"http:\/\/www.mic31.fr\/index.php\/bon-cadeau\/\",\"url\":\"http:\/\/www.mic31.fr\/index.php\/bon-cadeau\/\",\"name\":\"BON CADEAU -\",\"isPartOf\":{\"@id\":\"https:\/\/www.mic31.fr\/#website\"},\"primaryImageOfPage\":{\"@id\":\"http:\/\/www.mic31.fr\/index.php\/bon-cadeau\/#primaryimage\"},\"image\":{\"@id\":\"http:\/\/www.mic31.fr\/index.php\/bon-cadeau\/#primaryimage\"},\"thumbnailUrl\":\"http:\/\/www.mic31.fr\/wordpress\/wp-content\/uploads\/2024\/06\/Design-sans-titre.png\",\"datePublished\":\"2020-02-25T13:52:35+00:00\",\"dateModified\":\"2025-10-26T15:24:05+00:00\",\"description\":\"Bienvenue chez Music Institute and Culture, \u00e9cole de musique \u00e0 Colomiers\",\"breadcrumb\":{\"@id\":\"http:\/\/www.mic31.fr\/index.php\/bon-cadeau\/#breadcrumb\"},\"inLanguage\":\"fr-FR\",\"potentialAction\":[{\"@type\":\"ReadAction\",\"target\":[\"http:\/\/www.mic31.fr\/index.php\/bon-cadeau\/\"]}]},{\"@type\":\"ImageObject\",\"inLanguage\":\"fr-FR\",\"@id\":\"http:\/\/www.mic31.fr\/index.php\/bon-cadeau\/#primaryimage\",\"url\":\"http:\/\/www.mic31.fr\/wordpress\/wp-content\/uploads\/2024\/06\/Design-sans-titre.png\",\"contentUrl\":\"http:\/\/www.mic31.fr\/wordpress\/wp-content\/uploads\/2024\/06\/Design-sans-titre.png\",\"width\":500,\"height\":500},{\"@type\":\"BreadcrumbList\",\"@id\":\"http:\/\/www.mic31.fr\/index.php\/bon-cadeau\/#breadcrumb\",\"itemListElement\":[{\"@type\":\"ListItem\",\"position\":1,\"name\":\"Accueil\",\"item\":\"https:\/\/www.mic31.fr\/\"},{\"@type\":\"ListItem\",\"position\":2,\"name\":\"BON CADEAU\"}]},{\"@type\":\"WebSite\",\"@id\":\"https:\/\/www.mic31.fr\/#website\",\"url\":\"https:\/\/www.mic31.fr\/\",\"name\":\"Music Institute and Culture\",\"description\":\"\",\"publisher\":{\"@id\":\"https:\/\/www.mic31.fr\/#organization\"},\"potentialAction\":[{\"@type\":\"SearchAction\",\"target\":{\"@type\":\"EntryPoint\",\"urlTemplate\":\"https:\/\/www.mic31.fr\/?s={search_term_string}\"},\"query-input\":{\"@type\":\"PropertyValueSpecification\",\"valueRequired\":true,\"valueName\":\"search_term_string\"}}],\"inLanguage\":\"fr-FR\"},{\"@type\":\"Organization\",\"@id\":\"https:\/\/www.mic31.fr\/#organization\",\"name\":\"Music institute and Culture\",\"url\":\"https:\/\/www.mic31.fr\/\",\"logo\":{\"@type\":\"ImageObject\",\"inLanguage\":\"fr-FR\",\"@id\":\"https:\/\/www.mic31.fr\/#\/schema\/logo\/image\/\",\"url\":\"http:\/\/www.mic31.fr\/wordpress\/wp-content\/uploads\/2016\/10\/cropped-cropped-Flyer-asso-MIC-v8-copie.jpg\",\"contentUrl\":\"http:\/\/www.mic31.fr\/wordpress\/wp-content\/uploads\/2016\/10\/cropped-cropped-Flyer-asso-MIC-v8-copie.jpg\",\"width\":512,\"height\":512,\"caption\":\"Music institute and Culture\"},\"image\":{\"@id\":\"https:\/\/www.mic31.fr\/#\/schema\/logo\/image\/\"},\"sameAs\":[\"https:\/\/www.facebook.com\/musicinstituteandculture\/\",\"https:\/\/x.com\/assomic31\",\"https:\/\/www.instagram.com\/assomic31\/\"]}]}<\/script>\n<!-- \/ Yoast SEO plugin. -->","yoast_head_json":{"title":"BON CADEAU -","description":"Bienvenue chez Music Institute and Culture, \u00e9cole de musique \u00e0 Colomiers","robots":{"index":"index","follow":"follow","max-snippet":"max-snippet:-1","max-image-preview":"max-image-preview:large","max-video-preview":"max-video-preview:-1"},"canonical":"http:\/\/www.mic31.fr\/index.php\/bon-cadeau\/","og_locale":"fr_FR","og_type":"article","og_title":"BON CADEAU -","og_description":"Bienvenue chez Music Institute and Culture, \u00e9cole de musique \u00e0 Colomiers","og_url":"http:\/\/www.mic31.fr\/index.php\/bon-cadeau\/","article_publisher":"https:\/\/www.facebook.com\/musicinstituteandculture\/","article_modified_time":"2025-10-26T15:24:05+00:00","og_image":[{"url":"http:\/\/www.mic31.fr\/wordpress\/wp-content\/uploads\/2024\/06\/Design-sans-titre.png","type":"","width":"","height":""}],"twitter_card":"summary_large_image","twitter_site":"@assomic31","twitter_misc":{"Dur\u00e9e de lecture estim\u00e9e":"1 minute"},"schema":{"@context":"https:\/\/schema.org","@graph":[{"@type":"WebPage","@id":"http:\/\/www.mic31.fr\/index.php\/bon-cadeau\/","url":"http:\/\/www.mic31.fr\/index.php\/bon-cadeau\/","name":"BON CADEAU -","isPartOf":{"@id":"https:\/\/www.mic31.fr\/#website"},"primaryImageOfPage":{"@id":"http:\/\/www.mic31.fr\/index.php\/bon-cadeau\/#primaryimage"},"image":{"@id":"http:\/\/www.mic31.fr\/index.php\/bon-cadeau\/#primaryimage"},"thumbnailUrl":"http:\/\/www.mic31.fr\/wordpress\/wp-content\/uploads\/2024\/06\/Design-sans-titre.png","datePublished":"2020-02-25T13:52:35+00:00","dateModified":"2025-10-26T15:24:05+00:00","description":"Bienvenue chez Music Institute and Culture, \u00e9cole de musique \u00e0 Colomiers","breadcrumb":{"@id":"http:\/\/www.mic31.fr\/index.php\/bon-cadeau\/#breadcrumb"},"inLanguage":"fr-FR","potentialAction":[{"@type":"ReadAction","target":["http:\/\/www.mic31.fr\/index.php\/bon-cadeau\/"]}]},{"@type":"ImageObject","inLanguage":"fr-FR","@id":"http:\/\/www.mic31.fr\/index.php\/bon-cadeau\/#primaryimage","url":"http:\/\/www.mic31.fr\/wordpress\/wp-content\/uploads\/2024\/06\/Design-sans-titre.png","contentUrl":"http:\/\/www.mic31.fr\/wordpress\/wp-content\/uploads\/2024\/06\/Design-sans-titre.png","width":500,"height":500},{"@type":"BreadcrumbList","@id":"http:\/\/www.mic31.fr\/index.php\/bon-cadeau\/#breadcrumb","itemListElement":[{"@type":"ListItem","position":1,"name":"Accueil","item":"https:\/\/www.mic31.fr\/"},{"@type":"ListItem","position":2,"name":"BON CADEAU"}]},{"@type":"WebSite","@id":"https:\/\/www.mic31.fr\/#website","url":"https:\/\/www.mic31.fr\/","name":"Music Institute and Culture","description":"","publisher":{"@id":"https:\/\/www.mic31.fr\/#organization"},"potentialAction":[{"@type":"SearchAction","target":{"@type":"EntryPoint","urlTemplate":"https:\/\/www.mic31.fr\/?s={search_term_string}"},"query-input":{"@type":"PropertyValueSpecification","valueRequired":true,"valueName":"search_term_string"}}],"inLanguage":"fr-FR"},{"@type":"Organization","@id":"https:\/\/www.mic31.fr\/#organization","name":"Music institute and Culture","url":"https:\/\/www.mic31.fr\/","logo":{"@type":"ImageObject","inLanguage":"fr-FR","@id":"https:\/\/www.mic31.fr\/#\/schema\/logo\/image\/","url":"http:\/\/www.mic31.fr\/wordpress\/wp-content\/uploads\/2016\/10\/cropped-cropped-Flyer-asso-MIC-v8-copie.jpg","contentUrl":"http:\/\/www.mic31.fr\/wordpress\/wp-content\/uploads\/2016\/10\/cropped-cropped-Flyer-asso-MIC-v8-copie.jpg","width":512,"height":512,"caption":"Music institute and Culture"},"image":{"@id":"https:\/\/www.mic31.fr\/#\/schema\/logo\/image\/"},"sameAs":["https:\/\/www.facebook.com\/musicinstituteandculture\/","https:\/\/x.com\/assomic31","https:\/\/www.instagram.com\/assomic31\/"]}]}},"_links":{"self":[{"href":"http:\/\/www.mic31.fr\/index.php\/wp-json\/wp\/v2\/pages\/2140","targetHints":{"allow":["GET"]}}],"collection":[{"href":"http:\/\/www.mic31.fr\/index.php\/wp-json\/wp\/v2\/pages"}],"about":[{"href":"http:\/\/www.mic31.fr\/index.php\/wp-json\/wp\/v2\/types\/page"}],"author":[{"embeddable":true,"href":"http:\/\/www.mic31.fr\/index.php\/wp-json\/wp\/v2\/users\/1"}],"replies":[{"embeddable":true,"href":"http:\/\/www.mic31.fr\/index.php\/wp-json\/wp\/v2\/comments?post=2140"}],"version-history":[{"count":8,"href":"http:\/\/www.mic31.fr\/index.php\/wp-json\/wp\/v2\/pages\/2140\/revisions"}],"predecessor-version":[{"id":4440,"href":"http:\/\/www.mic31.fr\/index.php\/wp-json\/wp\/v2\/pages\/2140\/revisions\/4440"}],"wp:attachment":[{"href":"http:\/\/www.mic31.fr\/index.php\/wp-json\/wp\/v2\/media?parent=2140"}],"curies":[{"name":"wp","href":"https:\/\/api.w.org\/{rel}","templated":true}]}}